{"id":8442,"date":"2015-09-17T08:41:32","date_gmt":"2015-09-17T08:41:32","guid":{"rendered":"http:\/\/raytech.it\/?page_id=8442&#038;lang=pt-pt"},"modified":"2025-01-29T10:48:43","modified_gmt":"2025-01-29T09:48:43","slug":"empresa-2-2","status":"publish","type":"page","link":"https:\/\/www.raytech.it\/pt-pt\/quem-somos\/empresa-2-2","title":{"rendered":"Empresa"},"content":{"rendered":"<div class=\"wpb-content-wrapper\"><p>[vc_row css=&#8221;.vc_custom_1564757943622{margin-bottom: 20px !important;}&#8221;][vc_column][vc_custom_heading text=&#8221;30 anos de excel\u00eancia&#8221; font_container=&#8221;tag:h1|font_size:32px|text_align:left|color:%23e30613|line_height:38px&#8221; use_theme_fonts=&#8221;yes&#8221; css=&#8221;.vc_custom_1728640223251{margin-bottom: 30px !important;}&#8221;][vc_row_inner][vc_column_inner width=&#8221;1\/4&#8243;][vc_single_image image=&#8221;38307&#8243; img_size=&#8221;full&#8221; add_caption=&#8221;yes&#8221; alignment=&#8221;center&#8221; css=&#8221;&#8221;][vc_btn title=&#8221;Descarregar a certifica\u00e7\u00e3o&#8221; style=&#8221;custom&#8221; custom_background=&#8221;#e30613&#8243; custom_text=&#8221;#ffffff&#8221; shape=&#8221;square&#8221; align=&#8221;center&#8221; i_align=&#8221;right&#8221; i_icon_fontawesome=&#8221;fa fa-file-pdf-o&#8221; css=&#8221;.vc_custom_1702470593372{margin-top: 30px !important;margin-bottom: 60px !important;}&#8221; add_icon=&#8221;true&#8221; link=&#8221;url:https%3A%2F%2Fwww.raytech.it%2Fwp-content%2Fuploads%2Fraytech-srl-ecovadis-rating-certificate-2023-12-13-eng.pdf||target:%20_blank|&#8221;][vc_single_image image=&#8221;18690&#8243; img_size=&#8221;full&#8221; add_caption=&#8221;yes&#8221; alignment=&#8221;center&#8221; css=&#8221;.vc_custom_1702470489561{margin-top: 60px !important;}&#8221;][\/vc_column_inner][vc_column_inner width=&#8221;3\/4&#8243;][vc_single_image image=&#8221;36139&#8243; img_size=&#8221;full&#8221; add_caption=&#8221;yes&#8221; alignment=&#8221;center&#8221; css=&#8221;&#8221;][vc_column_text css=&#8221;&#8221;]Este ano celebramos um marco significativo: 30 anos de inova\u00e7\u00e3o, qualidade e empenho para a excel\u00eancia. Desde 1995, dedicamos todos os dias para melhorar os nossos produtos e servi\u00e7os, para atender \u00e0s exig\u00eancias dos nossos clientes e contribuir para um futuro sustent\u00e1vel.<\/p>\n<p><strong>O Nosso empenho pela Qualidade, Seguran\u00e7a e o Ambiente<\/strong><br \/>\nEstamos orgulhosos em continuar a manter as certifica\u00e7\u00f5es ISO, que testemunhamos o nosso empenho cont\u00ednuo para a qualidade e confiabilidade, respeitando o ambiente e garantindo a seguran\u00e7a das nossas partes interessadas. Estes reconhecimentos s\u00e3o o resultado de rigorosos controlos e de uma abordagem sistem\u00e1tica voltada a assegurar que cada produto que sai da nossa f\u00e1brica respeite os mais altos padr\u00f5es internacionais.<\/p>\n<p><strong>Reconhecimento para a Sustentabilidade<\/strong><br \/>\nA nossa aten\u00e7\u00e3o com a sustentabilidade foi premiada com a Medalha de Prata 2023 da EcoVadis, um dos principais fornecedores de avalia\u00e7\u00f5es sobre a responsabilidade social da empresa. Este reconhecimento atesta os nossos esfor\u00e7os para reduzir o impacto ambiental, melhorar as condi\u00e7\u00f5es de trabalho e promover pr\u00e1ticas \u00e9ticas em toda a nossa cadeia de abastecimento.<\/p>\n<p><strong>Olhando para o futuro<\/strong><br \/>\nEnquanto celebramos estes 30 anos de sucessos, olhamos para o futuro com entusiasmo e determina\u00e7\u00e3o. Continuaremos a inovar, a ouvir os nossos clientes e a investir nas nossas pessoas, porque s\u00e3o elas o verdadeiro motor da nossa empresa.<\/p>\n<p><strong>Gra\u00e7as a todos<\/strong><br \/>\nO nosso sucesso \u00e9 m\u00e9rito de quem acreditou em n\u00f3s e continua a faz\u00ea-lo: dependentes, clientes, fornecedores e parceiros. Sem o seu suporte, esta viagem n\u00e3o teria sido poss\u00edvel e n\u00e3o podia continuar. Convidamos a todos a ler este cat\u00e1logo e a descobrir as \u00faltimas novidades e os projetos que entusiasmam a todos n\u00f3s para o futuro.<br \/>\n<strong>Com gratid\u00e3o e esperan\u00e7a<\/strong><br \/>\n[\/vc_column_text][\/vc_column_inner][\/vc_row_inner][\/vc_column][\/vc_row]<\/p>\n<\/div>","protected":false},"excerpt":{"rendered":"<p>[vc_row css=&#8221;.vc_custom_1564757943622{margin-bottom: 20px !important;}&#8221;][vc_column][vc_custom_heading text=&#8221;30 anos de excel\u00eancia&#8221; font_container=&#8221;tag:h1|font_size:32px|text_align:left|color:%23e30613|line_height:38px&#8221; use_theme_fonts=&#8221;yes&#8221; css=&#8221;.vc_custom_1728640223251{margin-bottom: 30px !important;}&#8221;][vc_row_inner][vc_column_inner width=&#8221;1\/4&#8243;][vc_single_image image=&#8221;38307&#8243; img_size=&#8221;full&#8221; add_caption=&#8221;yes&#8221; alignment=&#8221;center&#8221; css=&#8221;&#8221;][vc_btn title=&#8221;Descarregar a certifica\u00e7\u00e3o&#8221; style=&#8221;custom&#8221; custom_background=&#8221;#e30613&#8243; custom_text=&#8221;#ffffff&#8221; shape=&#8221;square&#8221; align=&#8221;center&#8221; i_align=&#8221;right&#8221; i_icon_fontawesome=&#8221;fa fa-file-pdf-o&#8221;<span class=\"excerpt-hellip\"> [\u2026]<\/span><\/p>\n","protected":false},"author":1,"featured_media":0,"parent":8439,"menu_order":1,"comment_status":"closed","ping_status":"closed","template":"","meta":{"footnotes":""},"class_list":["post-8442","page","type-page","status-publish","hentry"],"yoast_head":"<!-- This site is optimized with the Yoast SEO plugin v26.5 - https:\/\/yoast.com\/wordpress\/plugins\/seo\/ -->\n<title>Empresa | Raytech<\/title>\n<meta name=\"robots\" content=\"index, follow, max-snippet:-1, max-image-preview:large, max-video-preview:-1\" \/>\n<link rel=\"canonical\" href=\"https:\/\/www.raytech.it\/pt-pt\/quem-somos\/empresa-2-2\" \/>\n<meta property=\"og:locale\" content=\"pt_PT\" \/>\n<meta property=\"og:type\" content=\"article\" \/>\n<meta property=\"og:title\" content=\"Empresa | Raytech\" \/>\n<meta property=\"og:description\" content=\"[vc_row css=&#8221;.vc_custom_1564757943622{margin-bottom: 20px !important;}&#8221;][vc_column][vc_custom_heading text=&#8221;30 anos de excel\u00eancia&#8221; font_container=&#8221;tag:h1|font_size:32px|text_align:left|color:%23e30613|line_height:38px&#8221; use_theme_fonts=&#8221;yes&#8221; css=&#8221;.vc_custom_1728640223251{margin-bottom: 30px !important;}&#8221;][vc_row_inner][vc_column_inner width=&#8221;1\/4&#8243;][vc_single_image image=&#8221;38307&#8243; img_size=&#8221;full&#8221; add_caption=&#8221;yes&#8221; alignment=&#8221;center&#8221; css=&#8221;&#8221;][vc_btn title=&#8221;Descarregar a certifica\u00e7\u00e3o&#8221; style=&#8221;custom&#8221; custom_background=&#8221;#e30613&#8243; custom_text=&#8221;#ffffff&#8221; shape=&#8221;square&#8221; align=&#8221;center&#8221; i_align=&#8221;right&#8221; i_icon_fontawesome=&#8221;fa fa-file-pdf-o&#8221; [\u2026]\" \/>\n<meta property=\"og:url\" content=\"https:\/\/www.raytech.it\/pt-pt\/quem-somos\/empresa-2-2\" \/>\n<meta property=\"og:site_name\" content=\"Raytech\" \/>\n<meta property=\"article:publisher\" content=\"https:\/\/www.facebook.com\/RaytechItaly\" \/>\n<meta property=\"article:modified_time\" content=\"2025-01-29T09:48:43+00:00\" \/>\n<meta property=\"og:image\" content=\"https:\/\/www.raytech.it\/wp-content\/uploads\/logo_raytech.png\" \/>\n\t<meta property=\"og:image:width\" content=\"188\" \/>\n\t<meta property=\"og:image:height\" content=\"101\" \/>\n\t<meta property=\"og:image:type\" content=\"image\/png\" \/>\n<meta name=\"twitter:card\" content=\"summary_large_image\" \/>\n<meta name=\"twitter:label1\" content=\"Tempo estimado de leitura\" \/>\n\t<meta name=\"twitter:data1\" content=\"3 minutos\" \/>\n<script type=\"application\/ld+json\" class=\"yoast-schema-graph\">{\"@context\":\"https:\/\/schema.org\",\"@graph\":[{\"@type\":\"WebPage\",\"@id\":\"https:\/\/www.raytech.it\/pt-pt\/quem-somos\/empresa-2-2\",\"url\":\"https:\/\/www.raytech.it\/pt-pt\/quem-somos\/empresa-2-2\",\"name\":\"Empresa | Raytech\",\"isPartOf\":{\"@id\":\"https:\/\/www.raytech.it\/#website\"},\"datePublished\":\"2015-09-17T08:41:32+00:00\",\"dateModified\":\"2025-01-29T09:48:43+00:00\",\"breadcrumb\":{\"@id\":\"https:\/\/www.raytech.it\/pt-pt\/quem-somos\/empresa-2-2#breadcrumb\"},\"inLanguage\":\"pt-PT\",\"potentialAction\":[{\"@type\":\"ReadAction\",\"target\":[\"https:\/\/www.raytech.it\/pt-pt\/quem-somos\/empresa-2-2\"]}]},{\"@type\":\"BreadcrumbList\",\"@id\":\"https:\/\/www.raytech.it\/pt-pt\/quem-somos\/empresa-2-2#breadcrumb\",\"itemListElement\":[{\"@type\":\"ListItem\",\"position\":1,\"name\":\"Home\",\"item\":\"https:\/\/www.raytech.it\/pt-pt\"},{\"@type\":\"ListItem\",\"position\":2,\"name\":\"Quem somos\",\"item\":\"https:\/\/www.raytech.it\/pt-pt\/quem-somos\"},{\"@type\":\"ListItem\",\"position\":3,\"name\":\"Empresa\"}]},{\"@type\":\"WebSite\",\"@id\":\"https:\/\/www.raytech.it\/#website\",\"url\":\"https:\/\/www.raytech.it\/\",\"name\":\"Raytech\",\"description\":\"Cable accessories company\",\"publisher\":{\"@id\":\"https:\/\/www.raytech.it\/#organization\"},\"potentialAction\":[{\"@type\":\"SearchAction\",\"target\":{\"@type\":\"EntryPoint\",\"urlTemplate\":\"https:\/\/www.raytech.it\/?s={search_term_string}\"},\"query-input\":{\"@type\":\"PropertyValueSpecification\",\"valueRequired\":true,\"valueName\":\"search_term_string\"}}],\"inLanguage\":\"pt-PT\"},{\"@type\":\"Organization\",\"@id\":\"https:\/\/www.raytech.it\/#organization\",\"name\":\"Raytech\",\"url\":\"https:\/\/www.raytech.it\/\",\"logo\":{\"@type\":\"ImageObject\",\"inLanguage\":\"pt-PT\",\"@id\":\"https:\/\/www.raytech.it\/#\/schema\/logo\/image\/\",\"url\":\"https:\/\/www.raytech.it\/wp-content\/uploads\/logo-raytech-2019-retina-3.png\",\"contentUrl\":\"https:\/\/www.raytech.it\/wp-content\/uploads\/logo-raytech-2019-retina-3.png\",\"width\":340,\"height\":90,\"caption\":\"Raytech\"},\"image\":{\"@id\":\"https:\/\/www.raytech.it\/#\/schema\/logo\/image\/\"},\"sameAs\":[\"https:\/\/www.facebook.com\/RaytechItaly\",\"https:\/\/www.instagram.com\/raytech_italy\/\",\"https:\/\/www.youtube.com\/user\/raytechitaly\",\"https:\/\/twitter.com\/Raytech_Italy\"]}]}<\/script>\n<!-- \/ Yoast SEO plugin. -->","yoast_head_json":{"title":"Empresa | Raytech","robots":{"index":"index","follow":"follow","max-snippet":"max-snippet:-1","max-image-preview":"max-image-preview:large","max-video-preview":"max-video-preview:-1"},"canonical":"https:\/\/www.raytech.it\/pt-pt\/quem-somos\/empresa-2-2","og_locale":"pt_PT","og_type":"article","og_title":"Empresa | Raytech","og_description":"[vc_row css=&#8221;.vc_custom_1564757943622{margin-bottom: 20px !important;}&#8221;][vc_column][vc_custom_heading text=&#8221;30 anos de excel\u00eancia&#8221; font_container=&#8221;tag:h1|font_size:32px|text_align:left|color:%23e30613|line_height:38px&#8221; use_theme_fonts=&#8221;yes&#8221; css=&#8221;.vc_custom_1728640223251{margin-bottom: 30px !important;}&#8221;][vc_row_inner][vc_column_inner width=&#8221;1\/4&#8243;][vc_single_image image=&#8221;38307&#8243; img_size=&#8221;full&#8221; add_caption=&#8221;yes&#8221; alignment=&#8221;center&#8221; css=&#8221;&#8221;][vc_btn title=&#8221;Descarregar a certifica\u00e7\u00e3o&#8221; style=&#8221;custom&#8221; custom_background=&#8221;#e30613&#8243; custom_text=&#8221;#ffffff&#8221; shape=&#8221;square&#8221; align=&#8221;center&#8221; i_align=&#8221;right&#8221; i_icon_fontawesome=&#8221;fa fa-file-pdf-o&#8221; [\u2026]","og_url":"https:\/\/www.raytech.it\/pt-pt\/quem-somos\/empresa-2-2","og_site_name":"Raytech","article_publisher":"https:\/\/www.facebook.com\/RaytechItaly","article_modified_time":"2025-01-29T09:48:43+00:00","og_image":[{"width":188,"height":101,"url":"https:\/\/www.raytech.it\/wp-content\/uploads\/logo_raytech.png","type":"image\/png"}],"twitter_card":"summary_large_image","twitter_misc":{"Tempo estimado de leitura":"3 minutos"},"schema":{"@context":"https:\/\/schema.org","@graph":[{"@type":"WebPage","@id":"https:\/\/www.raytech.it\/pt-pt\/quem-somos\/empresa-2-2","url":"https:\/\/www.raytech.it\/pt-pt\/quem-somos\/empresa-2-2","name":"Empresa | Raytech","isPartOf":{"@id":"https:\/\/www.raytech.it\/#website"},"datePublished":"2015-09-17T08:41:32+00:00","dateModified":"2025-01-29T09:48:43+00:00","breadcrumb":{"@id":"https:\/\/www.raytech.it\/pt-pt\/quem-somos\/empresa-2-2#breadcrumb"},"inLanguage":"pt-PT","potentialAction":[{"@type":"ReadAction","target":["https:\/\/www.raytech.it\/pt-pt\/quem-somos\/empresa-2-2"]}]},{"@type":"BreadcrumbList","@id":"https:\/\/www.raytech.it\/pt-pt\/quem-somos\/empresa-2-2#breadcrumb","itemListElement":[{"@type":"ListItem","position":1,"name":"Home","item":"https:\/\/www.raytech.it\/pt-pt"},{"@type":"ListItem","position":2,"name":"Quem somos","item":"https:\/\/www.raytech.it\/pt-pt\/quem-somos"},{"@type":"ListItem","position":3,"name":"Empresa"}]},{"@type":"WebSite","@id":"https:\/\/www.raytech.it\/#website","url":"https:\/\/www.raytech.it\/","name":"Raytech","description":"Cable accessories company","publisher":{"@id":"https:\/\/www.raytech.it\/#organization"},"potentialAction":[{"@type":"SearchAction","target":{"@type":"EntryPoint","urlTemplate":"https:\/\/www.raytech.it\/?s={search_term_string}"},"query-input":{"@type":"PropertyValueSpecification","valueRequired":true,"valueName":"search_term_string"}}],"inLanguage":"pt-PT"},{"@type":"Organization","@id":"https:\/\/www.raytech.it\/#organization","name":"Raytech","url":"https:\/\/www.raytech.it\/","logo":{"@type":"ImageObject","inLanguage":"pt-PT","@id":"https:\/\/www.raytech.it\/#\/schema\/logo\/image\/","url":"https:\/\/www.raytech.it\/wp-content\/uploads\/logo-raytech-2019-retina-3.png","contentUrl":"https:\/\/www.raytech.it\/wp-content\/uploads\/logo-raytech-2019-retina-3.png","width":340,"height":90,"caption":"Raytech"},"image":{"@id":"https:\/\/www.raytech.it\/#\/schema\/logo\/image\/"},"sameAs":["https:\/\/www.facebook.com\/RaytechItaly","https:\/\/www.instagram.com\/raytech_italy\/","https:\/\/www.youtube.com\/user\/raytechitaly","https:\/\/twitter.com\/Raytech_Italy"]}]}},"_links":{"self":[{"href":"https:\/\/www.raytech.it\/pt-pt\/wp-json\/wp\/v2\/pages\/8442","targetHints":{"allow":["GET"]}}],"collection":[{"href":"https:\/\/www.raytech.it\/pt-pt\/wp-json\/wp\/v2\/pages"}],"about":[{"href":"https:\/\/www.raytech.it\/pt-pt\/wp-json\/wp\/v2\/types\/page"}],"author":[{"embeddable":true,"href":"https:\/\/www.raytech.it\/pt-pt\/wp-json\/wp\/v2\/users\/1"}],"replies":[{"embeddable":true,"href":"https:\/\/www.raytech.it\/pt-pt\/wp-json\/wp\/v2\/comments?post=8442"}],"version-history":[{"count":4,"href":"https:\/\/www.raytech.it\/pt-pt\/wp-json\/wp\/v2\/pages\/8442\/revisions"}],"predecessor-version":[{"id":38311,"href":"https:\/\/www.raytech.it\/pt-pt\/wp-json\/wp\/v2\/pages\/8442\/revisions\/38311"}],"up":[{"embeddable":true,"href":"https:\/\/www.raytech.it\/pt-pt\/wp-json\/wp\/v2\/pages\/8439"}],"wp:attachment":[{"href":"https:\/\/www.raytech.it\/pt-pt\/wp-json\/wp\/v2\/media?parent=8442"}],"curies":[{"name":"wp","href":"https:\/\/api.w.org\/{rel}","templated":true}]}}