{"id":9621,"date":"2016-11-16T11:48:04","date_gmt":"2016-11-16T11:48:04","guid":{"rendered":"http:\/\/raytech.it\/?page_id=9621&#038;lang=pt-pt"},"modified":"2019-08-21T14:47:23","modified_gmt":"2019-08-21T14:47:23","slug":"bravo","status":"publish","type":"page","link":"https:\/\/www.raytech.it\/pt-pt\/bravo","title":{"rendered":"Bravo"},"content":{"rendered":"<div class=\"wpb-content-wrapper\"><p>[vc_row][vc_column offset=&#8221;vc_col-xs-12&#8243;]\n\t\t\t<!-- START Video Bravo REVOLUTION SLIDER 6.7.28 --><p class=\"rs-p-wp-fix\"><\/p>\n\t\t\t<rs-module-wrap id=\"rev_slider_8_1_wrapper\" data-source=\"gallery\" style=\"visibility:hidden;background:transparent;padding:0;margin:0px auto;margin-top:0;margin-bottom:0;\">\n\t\t\t\t<rs-module id=\"rev_slider_8_1\" style=\"\" data-version=\"6.7.28\">\n\t\t\t\t\t<rs-slides style=\"overflow: hidden; position: absolute;\">\n\t\t\t\t\t\t<rs-slide style=\"position: absolute;\" data-key=\"rs-50\" data-title=\"Slide\" data-anim=\"adpr:false;\">\n\t\t\t\t\t\t\t<img decoding=\"async\" src=\"\/\/www.raytech.it\/wp-content\/plugins\/revslider\/sr6\/assets\/assets\/dummy.png\" alt=\"\" title=\"Bravo\" class=\"rev-slidebg tp-rs-img rs-lazyload\" data-lazyload=\"\/\/www.raytech.it\/wp-content\/plugins\/revslider\/sr6\/assets\/assets\/transparent.png\" data-no-retina>\n<!--\n\t\t\t\t\t\t\t--><rs-layer\n\t\t\t\t\t\t\t\tid=\"slider-8-slide-50-layer-1\" \n\t\t\t\t\t\t\t\tclass=\"rs-fsv rs-layer-video intrinsic-ignore\"\n\t\t\t\t\t\t\t\tdata-type=\"video\"\n\t\t\t\t\t\t\t\tdata-rsp_ch=\"on\"\n\t\t\t\t\t\t\t\tdata-xy=\"x:0;y:0;\"\n\t\t\t\t\t\t\t\tdata-text=\"l:22;\"\n\t\t\t\t\t\t\t\tdata-dim=\"w:100%;h:100%;\"\n\t\t\t\t\t\t\t\tdata-basealign=\"slide\"\n\t\t\t\t\t\t\t\tdata-video=\"twa:false;vd:100;scop:t;rwd:f;fc:true;l:loop;ptimer:true;nse:f;\"\n\t\t\t\t\t\t\t\tdata-ytid=\"5vPohxoHTz0\"\n\t\t\t\t\t\t\t\tdata-vatr=\"version=3&amp;enablejsapi=1&amp;html5=1&amp;rel=0&amp;hd=1&amp;vq=hd1080&amp;wmode=opaque&amp;showinfo=0&amp;ref=0&amp;origin=https:\/\/www.raytech.it;\"\n\t\t\t\t\t\t\t\tdata-frame_0=\"tp:600;\"\n\t\t\t\t\t\t\t\tdata-frame_1=\"tp:600;e:power2.inOut;st:500;\"\n\t\t\t\t\t\t\t\tdata-frame_999=\"o:0;tp:600;e:nothing;st:w;\"\n\t\t\t\t\t\t\t\tstyle=\"z-index:5;\"\n\t\t\t\t\t\t\t>\n\t\t\t\t\t\t\t<\/rs-layer><!--\n-->\t\t\t\t\t<\/rs-slide>\n\t\t\t\t\t<\/rs-slides>\n\t\t\t\t<\/rs-module>\n\t\t\t\t<script>\n\t\t\t\t\tsetREVStartSize({c: 'rev_slider_8_1',rl:[1240,1024,778,480],el:[],gw:[1920],gh:[1080],type:'standard',justify:'',layout:'fullwidth',mh:\"0\"});if (window.RS_MODULES!==undefined && window.RS_MODULES.modules!==undefined && window.RS_MODULES.modules[\"revslider81\"]!==undefined) {window.RS_MODULES.modules[\"revslider81\"].once = false;window.revapi8 = undefined;if (window.RS_MODULES.checkMinimal!==undefined) window.RS_MODULES.checkMinimal()}\n\t\t\t\t<\/script>\n\t\t\t<\/rs-module-wrap>\n\t\t\t<!-- END REVOLUTION SLIDER -->\n[\/vc_column][\/vc_row][vc_row full_width=&#8221;stretch_row_content&#8221; row_type=&#8221;2&#8243; blox_height=&#8221;1140&#8243; blox_image=&#8221;9370&#8243; blox_bg_position=&#8221;center top&#8221; blox_cover=&#8221;false&#8221; blox_padding_top=&#8221;10&#8243; blox_dark=&#8221;true&#8221; blox_class=&#8221;nomobile&#8221; css=&#8221;.vc_custom_1566390863092{background-position: center !important;background-repeat: no-repeat !important;background-size: cover !important;}&#8221;][vc_column offset=&#8221;vc_hidden-md vc_col-xs-12 vc_hidden-xs&#8221; css=&#8221;.vc_custom_1566396649414{background-image: url(https:\/\/www.raytech.it\/wp-content\/uploads\/top.png?id=9370) !important;background-position: center !important;background-repeat: no-repeat !important;background-size: cover !important;}&#8221; el_class=&#8221;bravo-block1&#8243;][vc_column_text css=&#8221;.vc_custom_1566400658893{padding-top: 300px !important;}&#8221;]<\/p>\n<p style=\"font-family: 'Lato',sans-serif; font-size: 64px; line-height: 64px; font-weight: bold; font-style: italic; text-align: center; -ms-transform: rotate(-2deg); \/* ie 9 *\/ -webkit-transform: rotate(-2deg); \/* safari *\/ transform: rotate(-2deg);\"><span style=\"color: #ffffff;\"><span style=\"font-size: 100px;\">Bravo!<\/span> a primeira \u201cGel-Box\u201d<\/span><br \/>\n<span style=\"color: #ffffff;\">com conectores integrados!<\/span><\/p>\n<p>[\/vc_column_text][\/vc_column][\/vc_row][vc_row full_width=&#8221;stretch_row_content&#8221; row_type=&#8221;2&#8243; blox_height=&#8221;1140&#8243; blox_image=&#8221;9370&#8243; blox_bg_position=&#8221;center top&#8221; blox_cover=&#8221;false&#8221; blox_padding_top=&#8221;10&#8243; blox_dark=&#8221;true&#8221; blox_class=&#8221;nomobile&#8221; css=&#8221;.vc_custom_1566390863092{background-position: center !important;background-repeat: no-repeat !important;background-size: cover !important;}&#8221;][vc_column offset=&#8221;vc_hidden-lg vc_hidden-md vc_col-xs-12&#8243; css=&#8221;.vc_custom_1566396730640{background-position: center !important;background-repeat: no-repeat !important;background-size: cover !important;}&#8221; el_class=&#8221;bravo-block1&#8243;][vc_column_text css=&#8221;.vc_custom_1566400668702{padding-top: 30px !important;}&#8221;]<\/p>\n<p style=\"font-family: 'Lato',sans-serif; font-size: 32px; line-height: 38px; font-weight: bold; font-style: italic; text-align: center; -ms-transform: rotate(-2deg); \/* ie 9 *\/ -webkit-transform: rotate(-2deg); \/* safari *\/ transform: rotate(-2deg);\"><span style=\"color: #e30613;\">Bravo! a primeira \u201cGel-Box\u201d<\/span><br \/>\n<span style=\"color: #e30613;\">com conectores integrados!<\/span><\/p>\n<p>[\/vc_column_text][\/vc_column][\/vc_row][vc_row full_width=&#8221;stretch_row&#8221; row_type=&#8221;2&#8243; row_id=&#8221;pronte&#8221; blox_height=&#8221;1200&#8243; blox_image=&#8221;9398&#8243; blox_bg_position=&#8221;center top&#8221; css=&#8221;.vc_custom_1566396030774{background-image: url(https:\/\/www.raytech.it\/wp-content\/uploads\/installatore.jpg?id=9398) !important;background-position: center !important;background-repeat: no-repeat !important;background-size: cover !important;}&#8221; el_class=&#8221;bravo-block2&#8243;][vc_column][vc_column_text css=&#8221;.vc_custom_1566400685217{padding-top: 120px !important;padding-bottom: 50px !important;}&#8221;]<\/p>\n<h2 style=\"text align: center; font-family: 'Lato', sans-serif; font-weight: 300; color: #005c97; font-size: 46px; line-height: normal;\">Pronto a usar, r\u00e1pido, reutiliz\u00e1vel!<\/h2>\n<p>[\/vc_column_text][vc_row_inner content_placement=&#8221;middle&#8221;][vc_column_inner width=&#8221;7\/12&#8243;][vc_column_text]<\/p>\n<h3 style=\"font-family: 'Lato', sans-serif; font-style: italic; color: #e40006; font-weight: 600; font-size: 2em; line-height: normal; padding: 30px 0 20px;\">Micro-Conectores BRAVO 1-6 \/ BRAVO 3-6<\/h3>\n<ul style=\"font-family: 'Lato', sans-serif; list-style-type: square; font-style: italic; color: #e40006; font-size: 1.4em; line-height: 24px;\">\n<li><span style=\"color: #000; font-size: 1em;\">Ideal para instala\u00e7\u00f5es exteriores e subterr\u00e2neas, totalmente submers\u00edvel<\/span><\/li>\n<li><span style=\"color: #000; font-size: 1em;\">Fecho r\u00e1pido de liga\u00e7\u00e3o<\/span><\/li>\n<li><span style=\"color: #000; font-size: 1em;\">Imediatamente energiz\u00e1vel<\/span><\/li>\n<li><span style=\"color: #000; font-size: 1em;\">Para conex\u00f5es direitas e derivadas<\/span><\/li>\n<li><span style=\"color: #000; font-size: 1em;\">Para cabos isolados rigidos ou flex\u00edveis de 1 at\u00e9 6 mm\u00b2<\/span><\/li>\n<li><span style=\"color: #000; font-size: 1em;\">Para 1 ou 3 conex\u00f5es<\/span><\/li>\n<li><span style=\"color: #000; font-size: 1em;\">Pequena, compacta e transparente<\/span><\/li>\n<li><span style=\"color: #000; font-size: 1em;\">Sem validade<\/span><\/li>\n<li><span style=\"color: #000; font-size: 1em;\">Sem halog\u00e9nio<\/span><\/li>\n<li><span style=\"color: #000; font-size: 1em;\">Resist\u00eancia UV<\/span><\/li>\n<\/ul>\n<p>[\/vc_column_text][vc_column_text css=&#8221;.vc_custom_1566400880736{padding-top: 450px !important;padding-bottom: 100px !important;}&#8221;]<\/p>\n<ul style=\"list-style-type: none; font-family: 'Lato', sans-serif; text-transform: uppercase; width: 100%; max-width: 450px;\">\n<li style=\"border-top: 1px solid #000; border-bottom: 1px solid #000;\">DESEMPENHO EL\u00c9CTRICO: <strong>CEI EN 50393 \/ CEI-20-33<\/strong><br \/>\n<span style=\"text-transform: none; font-style: italic; font-size: 12px;\">(teste subaqu\u00e1tico efetuado com os micro-conectores instalados na caixa)<\/span><\/li>\n<li style=\"border-bottom: 1px solid #000;\">VOLTAGEM: <strong>0,6\/1 kV<\/strong><\/li>\n<li style=\"border-bottom: 1px solid #000;\">GEL: <strong>UL 94 HB<\/strong><\/li>\n<li style=\"border-bottom: 1px solid #000;\">GRAU DE PROTE\u00c7\u00c3O: <strong>IPX8 (IMQ Officially Tested)<\/strong><\/li>\n<li style=\"border-bottom: 1px solid #000;\">TEMPERATURA DE UTILIZA\u00c7\u00c3O:<strong> 90\u00b0C<\/strong><\/li>\n<li style=\"border-bottom: 1px solid #000;\">TEMPERATURA DE INSTALA\u00c7\u00c3O:<strong> -40\u00b0C\/+50\u00b0C<\/strong><\/li>\n<li style=\"border-bottom: 2px solid #000;\">AMPERAGEM DO CONECTOR:<strong> 36A<\/strong><\/li>\n<\/ul>\n<p>[\/vc_column_text][\/vc_column_inner][vc_column_inner width=&#8221;5\/12&#8243;][\/vc_column_inner][\/vc_row_inner][\/vc_column][\/vc_row][vc_row full_width=&#8221;stretch_row&#8221; row_type=&#8221;2&#8243; row_id=&#8221;acqua&#8221; blox_height=&#8221;700&#8243; blox_image=&#8221;9363&#8243; blox_bg_position=&#8221;center top&#8221; blox_cover=&#8221;false&#8221; css=&#8221;.vc_custom_1566392357568{background-image: url(https:\/\/www.raytech.it\/wp-content\/uploads\/prodotti.jpg?id=9363) !important;background-position: center !important;background-repeat: no-repeat !important;background-size: cover !important;}&#8221;][vc_column][vc_column_text css=&#8221;.vc_custom_1566400912292{padding-top: 600px !important;padding-bottom: 50px !important;}&#8221;]<\/p>\n<ul style=\"font-family: 'Lato', sans-serif; list-style-type: disc; font-style: italic; color: #e40006; font-size: 24px; line-height: 40px;\">\n<li><span style=\"color: #000; font-weight: 900;\">Para conex\u00f5es direitas e derivadas<\/span><\/li>\n<li><span style=\"color: #000; font-weight: 900;\">Para cabos isolados rigidos ou flex\u00edveis de 1 at\u00e9 6 mm\u00b2<\/span><\/li>\n<li><span style=\"color: #000; font-weight: 900;\">Bloqueio de liga\u00e7\u00e3o integrado<\/span><\/li>\n<\/ul>\n<p>[\/vc_column_text][\/vc_column][\/vc_row][vc_row full_width=&#8221;stretch_row_content&#8221; row_type=&#8221;2&#8243; row_id=&#8221;semplice&#8221; blox_height=&#8221;1000&#8243; blox_image=&#8221;9377&#8243; blox_bg_position=&#8221;center top&#8221; blox_cover=&#8221;false&#8221; css=&#8221;.vc_custom_1566397738141{background-color: #ffffff !important;background-position: center !important;background-repeat: no-repeat !important;background-size: cover !important;}&#8221;][vc_column el_class=&#8221;bravo-block4&#8243;][vc_column_text]<\/p>\n<h2 style=\"padding: 50px 0px; font-family: Lato, sans-serif; font-weight: 300; color: #e40006; text-align: center; font-size: 46px;\">R\u00e1pido e f\u00e1cil!<\/h2>\n<p>[\/vc_column_text][vc_single_image image=&#8221;9601&#8243; img_size=&#8221;full&#8221; alignment=&#8221;center&#8221;][\/vc_column][\/vc_row][vc_row full_width=&#8221;stretch_row_content_no_spaces&#8221; row_type=&#8221;2&#8243; row_id=&#8221;installazioni&#8221; blox_height=&#8221;900&#8243; blox_image=&#8221;9405&#8243; blox_bg_position=&#8221;center bottom&#8221; blox_cover=&#8221;false&#8221; css=&#8221;.vc_custom_1566398220863{background-color: #ffffff !important;background-position: center !important;background-repeat: no-repeat !important;background-size: cover !important;}&#8221;][vc_column el_class=&#8221;bravo-block5&#8243;][vc_column_text]<\/p>\n<h2 style=\"padding: 0px 0px 50px; font-family: Lato, sans-serif; font-weight: 300; color: #e40006; text-align: center; font-size: 46px;\">Ideal para instala\u00e7\u00f5es exteriores e subterr\u00e2neas, totalmente submers\u00edvel<\/h2>\n<p>[\/vc_column_text][vc_single_image image=&#8221;9405&#8243; img_size=&#8221;full&#8221; alignment=&#8221;center&#8221;][\/vc_column][\/vc_row][vc_row css=&#8221;.vc_custom_1566394796637{padding-bottom: 30px !important;}&#8221;][vc_column][vc_row_inner][vc_column_inner width=&#8221;1\/2&#8243;][vc_column_text]<\/p>\n<h2 style=\"padding: 30px 0 0; font-family: Lato, sans-serif; font-weight: 300; color: #e40006; text-align: center; font-size: 46px; line-height: normal;\">Gama completa<\/h2>\n<p>[\/vc_column_text][\/vc_column_inner][vc_column_inner width=&#8221;1\/2&#8243;][vc_single_image image=&#8221;9356&#8243; img_size=&#8221;full&#8221; alignment=&#8221;center&#8221;][\/vc_column_inner][\/vc_row_inner][vc_row_inner css=&#8221;.vc_custom_1566392713982{padding-bottom: 40px !important;}&#8221;][vc_column_inner width=&#8221;1\/2&#8243;][vc_single_image image=&#8221;9517&#8243; img_size=&#8221;full&#8221; alignment=&#8221;center&#8221; css_animation=&#8221;bottom-to-top&#8221;][\/vc_column_inner][vc_column_inner width=&#8221;1\/2&#8243;][vc_single_image image=&#8221;9559&#8243; img_size=&#8221;full&#8221; alignment=&#8221;center&#8221; css_animation=&#8221;bottom-to-top&#8221;][\/vc_column_inner][\/vc_row_inner][vc_btn title=&#8221;Descubra toda a linha&#8221; style=&#8221;custom&#8221; custom_background=&#8221;#e30613&#8243; custom_text=&#8221;#ffffff&#8221; shape=&#8221;square&#8221; size=&#8221;lg&#8221; i_align=&#8221;right&#8221; i_icon_fontawesome=&#8221;fa fa-angle-right&#8221; add_icon=&#8221;true&#8221; link=&#8221;url:https%3A%2F%2Fwww.raytech.it%2Fproduto%2Fbaixa-tensao%2Fjuntas%2Fpre-vazadas%2Fbravo%3Flang%3Dpt-pt|title:https%3A%2F%2Fwww.raytech.it%2Fprodotto%2Fbassa-tensione%2Fbravo||&#8221;][\/vc_column][\/vc_row][vc_row][vc_column][vc_raw_html]JTNDc3R5bGUlM0UlMjNDb250ZW50JTIwJTdCcGFkZGluZy10b3AlM0ElMjAwJTNCJTdEJTNDJTJGc3R5bGUlM0U=[\/vc_raw_html][\/vc_column][\/vc_row]<\/p>\n<\/div>","protected":false},"excerpt":{"rendered":"<p>[vc_row][vc_column offset=&#8221;vc_col-xs-12&#8243;][\/vc_column][\/vc_row][vc_row full_width=&#8221;stretch_row_content&#8221; row_type=&#8221;2&#8243; blox_height=&#8221;1140&#8243; blox_image=&#8221;9370&#8243; blox_bg_position=&#8221;center top&#8221; blox_cover=&#8221;false&#8221; blox_padding_top=&#8221;10&#8243; blox_dark=&#8221;true&#8221; blox_class=&#8221;nomobile&#8221; css=&#8221;.vc_custom_1566390863092{background-position: center !important;background-repeat: no-repeat !important;background-size: cover !important;}&#8221;][vc_column offset=&#8221;vc_hidden-md vc_col-xs-12 vc_hidden-xs&#8221; css=&#8221;.vc_custom_1566396649414{background-image: url(https:\/\/www.raytech.it\/wp-content\/uploads\/top.png?id=9370) !important;background-position: center !important;background-repeat: no-repeat !important;background-size: cover<span class=\"excerpt-hellip\"> [\u2026]<\/span><\/p>\n","protected":false},"author":1,"featured_media":0,"parent":0,"menu_order":0,"comment_status":"closed","ping_status":"closed","template":"","meta":{"footnotes":""},"class_list":["post-9621","page","type-page","status-publish","hentry"],"yoast_head":"<!-- This site is optimized with the Yoast SEO plugin v26.5 - https:\/\/yoast.com\/wordpress\/plugins\/seo\/ -->\n<title>Bravo - Il primo Gel-Box IPX8 per cavi elettrici con morsettiera integrata<\/title>\n<meta name=\"description\" content=\"Bravo Raytech, il primo Gel-Box IPX8 per cavi elettrici con morsettiera integrata autobloccante monoblocco per connessioni dirette o derivate.\" \/>\n<meta name=\"robots\" content=\"index, follow, max-snippet:-1, max-image-preview:large, max-video-preview:-1\" \/>\n<link rel=\"canonical\" href=\"https:\/\/www.raytech.it\/pt-pt\/bravo\" \/>\n<meta property=\"og:locale\" content=\"pt_PT\" \/>\n<meta property=\"og:type\" content=\"article\" \/>\n<meta property=\"og:title\" content=\"Bravo - Il primo Gel-Box IPX8 per cavi elettrici con morsettiera integrata\" \/>\n<meta property=\"og:description\" content=\"Bravo Raytech, il primo Gel-Box IPX8 per cavi elettrici con morsettiera integrata autobloccante monoblocco per connessioni dirette o derivate.\" \/>\n<meta property=\"og:url\" content=\"https:\/\/www.raytech.it\/pt-pt\/bravo\" \/>\n<meta property=\"og:site_name\" content=\"Raytech\" \/>\n<meta property=\"article:publisher\" content=\"https:\/\/www.facebook.com\/RaytechItaly\" \/>\n<meta property=\"article:modified_time\" content=\"2019-08-21T14:47:23+00:00\" \/>\n<meta property=\"og:image\" content=\"https:\/\/www.raytech.it\/wp-content\/uploads\/logo_raytech.png\" \/>\n\t<meta property=\"og:image:width\" content=\"188\" \/>\n\t<meta property=\"og:image:height\" content=\"101\" \/>\n\t<meta property=\"og:image:type\" content=\"image\/png\" \/>\n<meta name=\"twitter:card\" content=\"summary_large_image\" \/>\n<meta name=\"twitter:label1\" content=\"Tempo estimado de leitura\" \/>\n\t<meta name=\"twitter:data1\" content=\"4 minutos\" \/>\n<script type=\"application\/ld+json\" class=\"yoast-schema-graph\">{\"@context\":\"https:\/\/schema.org\",\"@graph\":[{\"@type\":\"WebPage\",\"@id\":\"https:\/\/www.raytech.it\/pt-pt\/bravo\",\"url\":\"https:\/\/www.raytech.it\/pt-pt\/bravo\",\"name\":\"Bravo - Il primo Gel-Box IPX8 per cavi elettrici con morsettiera integrata\",\"isPartOf\":{\"@id\":\"https:\/\/www.raytech.it\/#website\"},\"datePublished\":\"2016-11-16T11:48:04+00:00\",\"dateModified\":\"2019-08-21T14:47:23+00:00\",\"description\":\"Bravo Raytech, il primo Gel-Box IPX8 per cavi elettrici con morsettiera integrata autobloccante monoblocco per connessioni dirette o derivate.\",\"breadcrumb\":{\"@id\":\"https:\/\/www.raytech.it\/pt-pt\/bravo#breadcrumb\"},\"inLanguage\":\"pt-PT\",\"potentialAction\":[{\"@type\":\"ReadAction\",\"target\":[\"https:\/\/www.raytech.it\/pt-pt\/bravo\"]}]},{\"@type\":\"BreadcrumbList\",\"@id\":\"https:\/\/www.raytech.it\/pt-pt\/bravo#breadcrumb\",\"itemListElement\":[{\"@type\":\"ListItem\",\"position\":1,\"name\":\"Home\",\"item\":\"https:\/\/www.raytech.it\/pt-pt\"},{\"@type\":\"ListItem\",\"position\":2,\"name\":\"Bravo\"}]},{\"@type\":\"WebSite\",\"@id\":\"https:\/\/www.raytech.it\/#website\",\"url\":\"https:\/\/www.raytech.it\/\",\"name\":\"Raytech\",\"description\":\"Cable accessories company\",\"publisher\":{\"@id\":\"https:\/\/www.raytech.it\/#organization\"},\"potentialAction\":[{\"@type\":\"SearchAction\",\"target\":{\"@type\":\"EntryPoint\",\"urlTemplate\":\"https:\/\/www.raytech.it\/?s={search_term_string}\"},\"query-input\":{\"@type\":\"PropertyValueSpecification\",\"valueRequired\":true,\"valueName\":\"search_term_string\"}}],\"inLanguage\":\"pt-PT\"},{\"@type\":\"Organization\",\"@id\":\"https:\/\/www.raytech.it\/#organization\",\"name\":\"Raytech\",\"url\":\"https:\/\/www.raytech.it\/\",\"logo\":{\"@type\":\"ImageObject\",\"inLanguage\":\"pt-PT\",\"@id\":\"https:\/\/www.raytech.it\/#\/schema\/logo\/image\/\",\"url\":\"https:\/\/www.raytech.it\/wp-content\/uploads\/logo-raytech-2019-retina-3.png\",\"contentUrl\":\"https:\/\/www.raytech.it\/wp-content\/uploads\/logo-raytech-2019-retina-3.png\",\"width\":340,\"height\":90,\"caption\":\"Raytech\"},\"image\":{\"@id\":\"https:\/\/www.raytech.it\/#\/schema\/logo\/image\/\"},\"sameAs\":[\"https:\/\/www.facebook.com\/RaytechItaly\",\"https:\/\/www.instagram.com\/raytech_italy\/\",\"https:\/\/www.youtube.com\/user\/raytechitaly\",\"https:\/\/twitter.com\/Raytech_Italy\"]}]}<\/script>\n<!-- \/ Yoast SEO plugin. -->","yoast_head_json":{"title":"Bravo - Il primo Gel-Box IPX8 per cavi elettrici con morsettiera integrata","description":"Bravo Raytech, il primo Gel-Box IPX8 per cavi elettrici con morsettiera integrata autobloccante monoblocco per connessioni dirette o derivate.","robots":{"index":"index","follow":"follow","max-snippet":"max-snippet:-1","max-image-preview":"max-image-preview:large","max-video-preview":"max-video-preview:-1"},"canonical":"https:\/\/www.raytech.it\/pt-pt\/bravo","og_locale":"pt_PT","og_type":"article","og_title":"Bravo - Il primo Gel-Box IPX8 per cavi elettrici con morsettiera integrata","og_description":"Bravo Raytech, il primo Gel-Box IPX8 per cavi elettrici con morsettiera integrata autobloccante monoblocco per connessioni dirette o derivate.","og_url":"https:\/\/www.raytech.it\/pt-pt\/bravo","og_site_name":"Raytech","article_publisher":"https:\/\/www.facebook.com\/RaytechItaly","article_modified_time":"2019-08-21T14:47:23+00:00","og_image":[{"width":188,"height":101,"url":"https:\/\/www.raytech.it\/wp-content\/uploads\/logo_raytech.png","type":"image\/png"}],"twitter_card":"summary_large_image","twitter_misc":{"Tempo estimado de leitura":"4 minutos"},"schema":{"@context":"https:\/\/schema.org","@graph":[{"@type":"WebPage","@id":"https:\/\/www.raytech.it\/pt-pt\/bravo","url":"https:\/\/www.raytech.it\/pt-pt\/bravo","name":"Bravo - Il primo Gel-Box IPX8 per cavi elettrici con morsettiera integrata","isPartOf":{"@id":"https:\/\/www.raytech.it\/#website"},"datePublished":"2016-11-16T11:48:04+00:00","dateModified":"2019-08-21T14:47:23+00:00","description":"Bravo Raytech, il primo Gel-Box IPX8 per cavi elettrici con morsettiera integrata autobloccante monoblocco per connessioni dirette o derivate.","breadcrumb":{"@id":"https:\/\/www.raytech.it\/pt-pt\/bravo#breadcrumb"},"inLanguage":"pt-PT","potentialAction":[{"@type":"ReadAction","target":["https:\/\/www.raytech.it\/pt-pt\/bravo"]}]},{"@type":"BreadcrumbList","@id":"https:\/\/www.raytech.it\/pt-pt\/bravo#breadcrumb","itemListElement":[{"@type":"ListItem","position":1,"name":"Home","item":"https:\/\/www.raytech.it\/pt-pt"},{"@type":"ListItem","position":2,"name":"Bravo"}]},{"@type":"WebSite","@id":"https:\/\/www.raytech.it\/#website","url":"https:\/\/www.raytech.it\/","name":"Raytech","description":"Cable accessories company","publisher":{"@id":"https:\/\/www.raytech.it\/#organization"},"potentialAction":[{"@type":"SearchAction","target":{"@type":"EntryPoint","urlTemplate":"https:\/\/www.raytech.it\/?s={search_term_string}"},"query-input":{"@type":"PropertyValueSpecification","valueRequired":true,"valueName":"search_term_string"}}],"inLanguage":"pt-PT"},{"@type":"Organization","@id":"https:\/\/www.raytech.it\/#organization","name":"Raytech","url":"https:\/\/www.raytech.it\/","logo":{"@type":"ImageObject","inLanguage":"pt-PT","@id":"https:\/\/www.raytech.it\/#\/schema\/logo\/image\/","url":"https:\/\/www.raytech.it\/wp-content\/uploads\/logo-raytech-2019-retina-3.png","contentUrl":"https:\/\/www.raytech.it\/wp-content\/uploads\/logo-raytech-2019-retina-3.png","width":340,"height":90,"caption":"Raytech"},"image":{"@id":"https:\/\/www.raytech.it\/#\/schema\/logo\/image\/"},"sameAs":["https:\/\/www.facebook.com\/RaytechItaly","https:\/\/www.instagram.com\/raytech_italy\/","https:\/\/www.youtube.com\/user\/raytechitaly","https:\/\/twitter.com\/Raytech_Italy"]}]}},"_links":{"self":[{"href":"https:\/\/www.raytech.it\/pt-pt\/wp-json\/wp\/v2\/pages\/9621","targetHints":{"allow":["GET"]}}],"collection":[{"href":"https:\/\/www.raytech.it\/pt-pt\/wp-json\/wp\/v2\/pages"}],"about":[{"href":"https:\/\/www.raytech.it\/pt-pt\/wp-json\/wp\/v2\/types\/page"}],"author":[{"embeddable":true,"href":"https:\/\/www.raytech.it\/pt-pt\/wp-json\/wp\/v2\/users\/1"}],"replies":[{"embeddable":true,"href":"https:\/\/www.raytech.it\/pt-pt\/wp-json\/wp\/v2\/comments?post=9621"}],"version-history":[{"count":0,"href":"https:\/\/www.raytech.it\/pt-pt\/wp-json\/wp\/v2\/pages\/9621\/revisions"}],"wp:attachment":[{"href":"https:\/\/www.raytech.it\/pt-pt\/wp-json\/wp\/v2\/media?parent=9621"}],"curies":[{"name":"wp","href":"https:\/\/api.w.org\/{rel}","templated":true}]}}