{"id":25699,"date":"2021-02-15T10:37:44","date_gmt":"2021-02-15T09:37:55","guid":{"rendered":"https:\/\/www.raytech.it\/?post_type=product&#038;p=25699"},"modified":"2025-02-18T14:36:33","modified_gmt":"2025-02-18T13:36:33","slug":"magic-gel-sprint","status":"publish","type":"product","link":"https:\/\/www.raytech.it\/pt-pt\/produto\/baixa-tensao\/enchimentos\/gel-pt-pt-2\/magic-gel-sprint","title":{"rendered":"Magic Gel Sprint"},"content":{"rendered":"<p>Magic Gel Sprint, isolantes e vedantes para a prote\u00e7\u00e3o das liga\u00e7\u00f5es el\u00e9tricas, foi desenvolvido para uma cura r\u00e1pida, diretamente da garrafa. Combina as caracter\u00edsticas diel\u00e9tricas, selantes e t\u00e9rmicas, que tornaram o Magic Gel o produto de enchimento mais popular entre os instaladores desde 2005, com facilidade de uso e foco na sustentabilidade.<br \/>\n<\/br><\/br><\/p>\n<ul>\n<li>Para CABOS DE POT\u00caNCIA, CABOS DE TELECOM e CIRCUITOS ELECTR\u00d3NICOS<\/li>\n<li>N\u00e3o t\u00f3xico, seguro e n\u00e3o classificado como perigoso de acordo com a Diretiva CLP<\/li>\n<li>Adequado para instala\u00e7\u00e3o em \u00e1gua salgada (mar) e \u00e1gua com cloro (piscinas)<\/li>\n<li>Para qualquer tipo de instala\u00e7\u00e3o no interior\/exterior e at\u00e9 submersa<\/li>\n<li>Tamb\u00e9m pode ser usado a grandes profundidades, debaixo de \u00e1gua<\/li>\n<li>Para instala\u00e7\u00f5es at\u00e9 1kV<\/li>\n<li>Adequado para altas temperaturas<\/li>\n<li>Remov\u00edvel<\/li>\n<li>Sem prazo de validade<\/li>\n<\/ul>\n","protected":false},"excerpt":{"rendered":"<p>Magic Gel Sprint, isolantes e vedantes para a prote\u00e7\u00e3o das liga\u00e7\u00f5es el\u00e9tricas, foi desenvolvido para uma cura r\u00e1pida, diretamente da garrafa. Combina as caracter\u00edsticas diel\u00e9tricas, selantes e t\u00e9rmicas, que tornaram<span class=\"excerpt-hellip\"> [\u2026]<\/span><\/p>\n","protected":false},"featured_media":26571,"template":"","meta":[],"product_brand":[],"product_cat":[321,340,338],"product_tag":[],"class_list":{"0":"post-25699","1":"product","2":"type-product","3":"status-publish","4":"has-post-thumbnail","6":"product_cat-baixa-tensao","7":"product_cat-enchimentos","8":"product_cat-gel-pt-pt-2","10":"first","11":"instock","12":"taxable","13":"shipping-taxable","14":"purchasable","15":"product-type-variable"},"yoast_head":"<!-- This site is optimized with the Yoast SEO plugin v26.5 - https:\/\/yoast.com\/wordpress\/plugins\/seo\/ -->\n<title>Magic Gel Sprint | Raytech<\/title>\n<meta name=\"robots\" content=\"index, follow, max-snippet:-1, max-image-preview:large, max-video-preview:-1\" \/>\n<link rel=\"canonical\" href=\"https:\/\/www.raytech.it\/pt-pt\/produto\/baixa-tensao\/enchimentos\/gel-pt-pt-2\/magic-gel-sprint\" \/>\n<meta property=\"og:locale\" content=\"pt_PT\" \/>\n<meta property=\"og:type\" content=\"article\" \/>\n<meta property=\"og:title\" content=\"Magic Gel Sprint | Raytech\" \/>\n<meta property=\"og:description\" content=\"Magic Gel Sprint, isolantes e vedantes para a prote\u00e7\u00e3o das liga\u00e7\u00f5es el\u00e9tricas, foi desenvolvido para uma cura r\u00e1pida, diretamente da garrafa. Combina as caracter\u00edsticas diel\u00e9tricas, selantes e t\u00e9rmicas, que tornaram [\u2026]\" \/>\n<meta property=\"og:url\" content=\"https:\/\/www.raytech.it\/pt-pt\/produto\/baixa-tensao\/enchimentos\/gel-pt-pt-2\/magic-gel-sprint\" \/>\n<meta property=\"og:site_name\" content=\"Raytech\" \/>\n<meta property=\"article:publisher\" content=\"https:\/\/www.facebook.com\/RaytechItaly\" \/>\n<meta property=\"article:modified_time\" content=\"2025-02-18T13:36:33+00:00\" \/>\n<meta property=\"og:image\" content=\"https:\/\/www.raytech.it\/wp-content\/uploads\/magic_gel_sprint_001.jpg\" \/>\n\t<meta property=\"og:image:width\" content=\"1024\" \/>\n\t<meta property=\"og:image:height\" content=\"1024\" \/>\n\t<meta property=\"og:image:type\" content=\"image\/jpeg\" \/>\n<meta name=\"twitter:card\" content=\"summary_large_image\" \/>\n<meta name=\"twitter:label1\" content=\"Tempo estimado de leitura\" \/>\n\t<meta name=\"twitter:data1\" content=\"1 minuto\" \/>\n<script type=\"application\/ld+json\" class=\"yoast-schema-graph\">{\"@context\":\"https:\/\/schema.org\",\"@graph\":[{\"@type\":\"WebPage\",\"@id\":\"https:\/\/www.raytech.it\/pt-pt\/produto\/baixa-tensao\/enchimentos\/gel-pt-pt-2\/magic-gel-sprint\",\"url\":\"https:\/\/www.raytech.it\/pt-pt\/produto\/baixa-tensao\/enchimentos\/gel-pt-pt-2\/magic-gel-sprint\",\"name\":\"Magic Gel Sprint | Raytech\",\"isPartOf\":{\"@id\":\"https:\/\/www.raytech.it\/#website\"},\"primaryImageOfPage\":{\"@id\":\"https:\/\/www.raytech.it\/pt-pt\/produto\/baixa-tensao\/enchimentos\/gel-pt-pt-2\/magic-gel-sprint#primaryimage\"},\"image\":{\"@id\":\"https:\/\/www.raytech.it\/pt-pt\/produto\/baixa-tensao\/enchimentos\/gel-pt-pt-2\/magic-gel-sprint#primaryimage\"},\"thumbnailUrl\":\"https:\/\/www.raytech.it\/wp-content\/uploads\/magic_gel_sprint_001.jpg\",\"datePublished\":\"2021-02-15T09:37:55+00:00\",\"dateModified\":\"2025-02-18T13:36:33+00:00\",\"breadcrumb\":{\"@id\":\"https:\/\/www.raytech.it\/pt-pt\/produto\/baixa-tensao\/enchimentos\/gel-pt-pt-2\/magic-gel-sprint#breadcrumb\"},\"inLanguage\":\"pt-PT\",\"potentialAction\":[{\"@type\":\"ReadAction\",\"target\":[\"https:\/\/www.raytech.it\/pt-pt\/produto\/baixa-tensao\/enchimentos\/gel-pt-pt-2\/magic-gel-sprint\"]}]},{\"@type\":\"ImageObject\",\"inLanguage\":\"pt-PT\",\"@id\":\"https:\/\/www.raytech.it\/pt-pt\/produto\/baixa-tensao\/enchimentos\/gel-pt-pt-2\/magic-gel-sprint#primaryimage\",\"url\":\"https:\/\/www.raytech.it\/wp-content\/uploads\/magic_gel_sprint_001.jpg\",\"contentUrl\":\"https:\/\/www.raytech.it\/wp-content\/uploads\/magic_gel_sprint_001.jpg\",\"width\":1024,\"height\":1024,\"caption\":\"Magic Gel Sprint\"},{\"@type\":\"BreadcrumbList\",\"@id\":\"https:\/\/www.raytech.it\/pt-pt\/produto\/baixa-tensao\/enchimentos\/gel-pt-pt-2\/magic-gel-sprint#breadcrumb\",\"itemListElement\":[{\"@type\":\"ListItem\",\"position\":1,\"name\":\"Home\",\"item\":\"https:\/\/www.raytech.it\/pt-pt\"},{\"@type\":\"ListItem\",\"position\":2,\"name\":\"Loja\",\"item\":\"https:\/\/www.raytech.it\/pt-pt\/loja\"},{\"@type\":\"ListItem\",\"position\":3,\"name\":\"Magic Gel Sprint\"}]},{\"@type\":\"WebSite\",\"@id\":\"https:\/\/www.raytech.it\/#website\",\"url\":\"https:\/\/www.raytech.it\/\",\"name\":\"Raytech\",\"description\":\"Cable accessories company\",\"publisher\":{\"@id\":\"https:\/\/www.raytech.it\/#organization\"},\"potentialAction\":[{\"@type\":\"SearchAction\",\"target\":{\"@type\":\"EntryPoint\",\"urlTemplate\":\"https:\/\/www.raytech.it\/?s={search_term_string}\"},\"query-input\":{\"@type\":\"PropertyValueSpecification\",\"valueRequired\":true,\"valueName\":\"search_term_string\"}}],\"inLanguage\":\"pt-PT\"},{\"@type\":\"Organization\",\"@id\":\"https:\/\/www.raytech.it\/#organization\",\"name\":\"Raytech\",\"url\":\"https:\/\/www.raytech.it\/\",\"logo\":{\"@type\":\"ImageObject\",\"inLanguage\":\"pt-PT\",\"@id\":\"https:\/\/www.raytech.it\/#\/schema\/logo\/image\/\",\"url\":\"https:\/\/www.raytech.it\/wp-content\/uploads\/logo-raytech-2019-retina-3.png\",\"contentUrl\":\"https:\/\/www.raytech.it\/wp-content\/uploads\/logo-raytech-2019-retina-3.png\",\"width\":340,\"height\":90,\"caption\":\"Raytech\"},\"image\":{\"@id\":\"https:\/\/www.raytech.it\/#\/schema\/logo\/image\/\"},\"sameAs\":[\"https:\/\/www.facebook.com\/RaytechItaly\",\"https:\/\/www.instagram.com\/raytech_italy\/\",\"https:\/\/www.youtube.com\/user\/raytechitaly\",\"https:\/\/twitter.com\/Raytech_Italy\"]}]}<\/script>\n<!-- \/ Yoast SEO plugin. -->","yoast_head_json":{"title":"Magic Gel Sprint | Raytech","robots":{"index":"index","follow":"follow","max-snippet":"max-snippet:-1","max-image-preview":"max-image-preview:large","max-video-preview":"max-video-preview:-1"},"canonical":"https:\/\/www.raytech.it\/pt-pt\/produto\/baixa-tensao\/enchimentos\/gel-pt-pt-2\/magic-gel-sprint","og_locale":"pt_PT","og_type":"article","og_title":"Magic Gel Sprint | Raytech","og_description":"Magic Gel Sprint, isolantes e vedantes para a prote\u00e7\u00e3o das liga\u00e7\u00f5es el\u00e9tricas, foi desenvolvido para uma cura r\u00e1pida, diretamente da garrafa. Combina as caracter\u00edsticas diel\u00e9tricas, selantes e t\u00e9rmicas, que tornaram [\u2026]","og_url":"https:\/\/www.raytech.it\/pt-pt\/produto\/baixa-tensao\/enchimentos\/gel-pt-pt-2\/magic-gel-sprint","og_site_name":"Raytech","article_publisher":"https:\/\/www.facebook.com\/RaytechItaly","article_modified_time":"2025-02-18T13:36:33+00:00","og_image":[{"width":1024,"height":1024,"url":"https:\/\/www.raytech.it\/wp-content\/uploads\/magic_gel_sprint_001.jpg","type":"image\/jpeg"}],"twitter_card":"summary_large_image","twitter_misc":{"Tempo estimado de leitura":"1 minuto"},"schema":{"@context":"https:\/\/schema.org","@graph":[{"@type":"WebPage","@id":"https:\/\/www.raytech.it\/pt-pt\/produto\/baixa-tensao\/enchimentos\/gel-pt-pt-2\/magic-gel-sprint","url":"https:\/\/www.raytech.it\/pt-pt\/produto\/baixa-tensao\/enchimentos\/gel-pt-pt-2\/magic-gel-sprint","name":"Magic Gel Sprint | Raytech","isPartOf":{"@id":"https:\/\/www.raytech.it\/#website"},"primaryImageOfPage":{"@id":"https:\/\/www.raytech.it\/pt-pt\/produto\/baixa-tensao\/enchimentos\/gel-pt-pt-2\/magic-gel-sprint#primaryimage"},"image":{"@id":"https:\/\/www.raytech.it\/pt-pt\/produto\/baixa-tensao\/enchimentos\/gel-pt-pt-2\/magic-gel-sprint#primaryimage"},"thumbnailUrl":"https:\/\/www.raytech.it\/wp-content\/uploads\/magic_gel_sprint_001.jpg","datePublished":"2021-02-15T09:37:55+00:00","dateModified":"2025-02-18T13:36:33+00:00","breadcrumb":{"@id":"https:\/\/www.raytech.it\/pt-pt\/produto\/baixa-tensao\/enchimentos\/gel-pt-pt-2\/magic-gel-sprint#breadcrumb"},"inLanguage":"pt-PT","potentialAction":[{"@type":"ReadAction","target":["https:\/\/www.raytech.it\/pt-pt\/produto\/baixa-tensao\/enchimentos\/gel-pt-pt-2\/magic-gel-sprint"]}]},{"@type":"ImageObject","inLanguage":"pt-PT","@id":"https:\/\/www.raytech.it\/pt-pt\/produto\/baixa-tensao\/enchimentos\/gel-pt-pt-2\/magic-gel-sprint#primaryimage","url":"https:\/\/www.raytech.it\/wp-content\/uploads\/magic_gel_sprint_001.jpg","contentUrl":"https:\/\/www.raytech.it\/wp-content\/uploads\/magic_gel_sprint_001.jpg","width":1024,"height":1024,"caption":"Magic Gel Sprint"},{"@type":"BreadcrumbList","@id":"https:\/\/www.raytech.it\/pt-pt\/produto\/baixa-tensao\/enchimentos\/gel-pt-pt-2\/magic-gel-sprint#breadcrumb","itemListElement":[{"@type":"ListItem","position":1,"name":"Home","item":"https:\/\/www.raytech.it\/pt-pt"},{"@type":"ListItem","position":2,"name":"Loja","item":"https:\/\/www.raytech.it\/pt-pt\/loja"},{"@type":"ListItem","position":3,"name":"Magic Gel Sprint"}]},{"@type":"WebSite","@id":"https:\/\/www.raytech.it\/#website","url":"https:\/\/www.raytech.it\/","name":"Raytech","description":"Cable accessories company","publisher":{"@id":"https:\/\/www.raytech.it\/#organization"},"potentialAction":[{"@type":"SearchAction","target":{"@type":"EntryPoint","urlTemplate":"https:\/\/www.raytech.it\/?s={search_term_string}"},"query-input":{"@type":"PropertyValueSpecification","valueRequired":true,"valueName":"search_term_string"}}],"inLanguage":"pt-PT"},{"@type":"Organization","@id":"https:\/\/www.raytech.it\/#organization","name":"Raytech","url":"https:\/\/www.raytech.it\/","logo":{"@type":"ImageObject","inLanguage":"pt-PT","@id":"https:\/\/www.raytech.it\/#\/schema\/logo\/image\/","url":"https:\/\/www.raytech.it\/wp-content\/uploads\/logo-raytech-2019-retina-3.png","contentUrl":"https:\/\/www.raytech.it\/wp-content\/uploads\/logo-raytech-2019-retina-3.png","width":340,"height":90,"caption":"Raytech"},"image":{"@id":"https:\/\/www.raytech.it\/#\/schema\/logo\/image\/"},"sameAs":["https:\/\/www.facebook.com\/RaytechItaly","https:\/\/www.instagram.com\/raytech_italy\/","https:\/\/www.youtube.com\/user\/raytechitaly","https:\/\/twitter.com\/Raytech_Italy"]}]}},"_links":{"self":[{"href":"https:\/\/www.raytech.it\/pt-pt\/wp-json\/wp\/v2\/product\/25699","targetHints":{"allow":["GET"]}}],"collection":[{"href":"https:\/\/www.raytech.it\/pt-pt\/wp-json\/wp\/v2\/product"}],"about":[{"href":"https:\/\/www.raytech.it\/pt-pt\/wp-json\/wp\/v2\/types\/product"}],"wp:featuredmedia":[{"embeddable":true,"href":"https:\/\/www.raytech.it\/pt-pt\/wp-json\/wp\/v2\/media\/26571"}],"wp:attachment":[{"href":"https:\/\/www.raytech.it\/pt-pt\/wp-json\/wp\/v2\/media?parent=25699"}],"wp:term":[{"taxonomy":"product_brand","embeddable":true,"href":"https:\/\/www.raytech.it\/pt-pt\/wp-json\/wp\/v2\/product_brand?post=25699"},{"taxonomy":"product_cat","embeddable":true,"href":"https:\/\/www.raytech.it\/pt-pt\/wp-json\/wp\/v2\/product_cat?post=25699"},{"taxonomy":"product_tag","embeddable":true,"href":"https:\/\/www.raytech.it\/pt-pt\/wp-json\/wp\/v2\/product_tag?post=25699"}],"curies":[{"name":"wp","href":"https:\/\/api.w.org\/{rel}","templated":true}]}}