{"id":36057,"date":"2024-10-09T08:48:22","date_gmt":"2024-10-09T07:48:23","guid":{"rendered":"https:\/\/www.raytech.it\/?post_type=product&#038;p=36057"},"modified":"2025-02-19T05:35:14","modified_gmt":"2025-02-19T04:35:14","slug":"solarcover","status":"publish","type":"product","link":"https:\/\/www.raytech.it\/pt-pt\/produto\/energias-renovaveis\/coberturas-ip68-para-conectores\/solarcover","title":{"rendered":"SolarCover"},"content":{"rendered":"<h4><span style=\"color: #008b33;\">A cobertura extra dark com filler em gel para a veda\u00e7\u00e3o dos conectores de 4 a 10 mm\u00b2 para instala\u00e7\u00f5es solares e fotovoltaicas.<\/span><\/h4>\n<p>Previne a deteriora\u00e7\u00e3o dos conectores, preservando seu desempenho no tempo, evitando assim inefici\u00eancias e interven\u00e7\u00f5es de manuten\u00e7\u00e3o dif\u00edceis e caras. Resistente aos raios UV, \u00e0 corros\u00e3o e a submers\u00e3o em \u00e1gua, mesmo se salgada ou clorada. Pronta, r\u00e1pida e sempre inspecion\u00e1vel.<\/p>\n<ul>\n<li>Efetuada em Polipropileno UL 94-V2.<\/li>\n<li>Altamente resistente \u00e0 \u00e1gua, \u00e0 corros\u00e3o e ao gelo. <\/li>\n<li>Completa com filler silic\u00f3nico de veda\u00e7\u00e3o, at\u00f3xico e seguro.<\/li>\n<li>\u00c9 o acess\u00f3rio ideal para proteger as conex\u00f5es de cabos para instala\u00e7\u00f5es solares e fotovoltaicos no curso das esta\u00e7\u00f5es, sujeitas \u00e0s consequentes varia\u00e7\u00f5es de temperatura e de condi\u00e7\u00f5es metereol\u00f3gicas. <\/li>\n<li>Permite a redu\u00e7\u00e3o dos riscos de arcos el\u00e9tricos por consequentes sobreaquecimentos. <\/li>\n<\/ul>\n","protected":false},"excerpt":{"rendered":"<p>A cobertura extra dark com filler em gel para a veda\u00e7\u00e3o dos conectores de 4 a 10 mm\u00b2 para instala\u00e7\u00f5es solares e fotovoltaicas. Previne a deteriora\u00e7\u00e3o dos conectores, preservando seu<span class=\"excerpt-hellip\"> [\u2026]<\/span><\/p>\n","protected":false},"featured_media":36108,"template":"","meta":[],"product_brand":[],"product_cat":[1545,1546],"product_tag":[],"class_list":{"0":"post-36057","1":"product","2":"type-product","3":"status-publish","4":"has-post-thumbnail","6":"product_cat-energias-renovaveis","7":"product_cat-coberturas-ip68-para-conectores","9":"first","10":"instock","11":"taxable","12":"shipping-taxable","13":"product-type-simple"},"yoast_head":"<!-- This site is optimized with the Yoast SEO plugin v26.5 - https:\/\/yoast.com\/wordpress\/plugins\/seo\/ -->\n<title>SolarCover | Raytech<\/title>\n<meta name=\"robots\" content=\"index, follow, max-snippet:-1, max-image-preview:large, max-video-preview:-1\" \/>\n<link rel=\"canonical\" href=\"https:\/\/www.raytech.it\/pt-pt\/produto\/energias-renovaveis\/coberturas-ip68-para-conectores\/solarcover\" \/>\n<meta property=\"og:locale\" content=\"pt_PT\" \/>\n<meta property=\"og:type\" content=\"article\" \/>\n<meta property=\"og:title\" content=\"SolarCover | Raytech\" \/>\n<meta property=\"og:description\" content=\"A cobertura extra dark com filler em gel para a veda\u00e7\u00e3o dos conectores de 4 a 10 mm\u00b2 para instala\u00e7\u00f5es solares e fotovoltaicas. Previne a deteriora\u00e7\u00e3o dos conectores, preservando seu [\u2026]\" \/>\n<meta property=\"og:url\" content=\"https:\/\/www.raytech.it\/pt-pt\/produto\/energias-renovaveis\/coberturas-ip68-para-conectores\/solarcover\" \/>\n<meta property=\"og:site_name\" content=\"Raytech\" \/>\n<meta property=\"article:publisher\" content=\"https:\/\/www.facebook.com\/RaytechItaly\" \/>\n<meta property=\"article:modified_time\" content=\"2025-02-19T04:35:14+00:00\" \/>\n<meta property=\"og:image\" content=\"https:\/\/www.raytech.it\/wp-content\/uploads\/solarcover-installed.jpg\" \/>\n\t<meta property=\"og:image:width\" content=\"1024\" \/>\n\t<meta property=\"og:image:height\" content=\"1024\" \/>\n\t<meta property=\"og:image:type\" content=\"image\/jpeg\" \/>\n<meta name=\"twitter:card\" content=\"summary_large_image\" \/>\n<meta name=\"twitter:label1\" content=\"Tempo estimado de leitura\" \/>\n\t<meta name=\"twitter:data1\" content=\"1 minuto\" \/>\n<script type=\"application\/ld+json\" class=\"yoast-schema-graph\">{\"@context\":\"https:\/\/schema.org\",\"@graph\":[{\"@type\":\"WebPage\",\"@id\":\"https:\/\/www.raytech.it\/pt-pt\/produto\/energias-renovaveis\/coberturas-ip68-para-conectores\/solarcover\",\"url\":\"https:\/\/www.raytech.it\/pt-pt\/produto\/energias-renovaveis\/coberturas-ip68-para-conectores\/solarcover\",\"name\":\"SolarCover | Raytech\",\"isPartOf\":{\"@id\":\"https:\/\/www.raytech.it\/#website\"},\"primaryImageOfPage\":{\"@id\":\"https:\/\/www.raytech.it\/pt-pt\/produto\/energias-renovaveis\/coberturas-ip68-para-conectores\/solarcover#primaryimage\"},\"image\":{\"@id\":\"https:\/\/www.raytech.it\/pt-pt\/produto\/energias-renovaveis\/coberturas-ip68-para-conectores\/solarcover#primaryimage\"},\"thumbnailUrl\":\"https:\/\/www.raytech.it\/wp-content\/uploads\/solarcover-installed.jpg\",\"datePublished\":\"2024-10-09T07:48:23+00:00\",\"dateModified\":\"2025-02-19T04:35:14+00:00\",\"breadcrumb\":{\"@id\":\"https:\/\/www.raytech.it\/pt-pt\/produto\/energias-renovaveis\/coberturas-ip68-para-conectores\/solarcover#breadcrumb\"},\"inLanguage\":\"pt-PT\",\"potentialAction\":[{\"@type\":\"ReadAction\",\"target\":[\"https:\/\/www.raytech.it\/pt-pt\/produto\/energias-renovaveis\/coberturas-ip68-para-conectores\/solarcover\"]}]},{\"@type\":\"ImageObject\",\"inLanguage\":\"pt-PT\",\"@id\":\"https:\/\/www.raytech.it\/pt-pt\/produto\/energias-renovaveis\/coberturas-ip68-para-conectores\/solarcover#primaryimage\",\"url\":\"https:\/\/www.raytech.it\/wp-content\/uploads\/solarcover-installed.jpg\",\"contentUrl\":\"https:\/\/www.raytech.it\/wp-content\/uploads\/solarcover-installed.jpg\",\"width\":1024,\"height\":1024},{\"@type\":\"BreadcrumbList\",\"@id\":\"https:\/\/www.raytech.it\/pt-pt\/produto\/energias-renovaveis\/coberturas-ip68-para-conectores\/solarcover#breadcrumb\",\"itemListElement\":[{\"@type\":\"ListItem\",\"position\":1,\"name\":\"Home\",\"item\":\"https:\/\/www.raytech.it\/pt-pt\"},{\"@type\":\"ListItem\",\"position\":2,\"name\":\"Loja\",\"item\":\"https:\/\/www.raytech.it\/pt-pt\/loja\"},{\"@type\":\"ListItem\",\"position\":3,\"name\":\"SolarCover\"}]},{\"@type\":\"WebSite\",\"@id\":\"https:\/\/www.raytech.it\/#website\",\"url\":\"https:\/\/www.raytech.it\/\",\"name\":\"Raytech\",\"description\":\"Cable accessories company\",\"publisher\":{\"@id\":\"https:\/\/www.raytech.it\/#organization\"},\"potentialAction\":[{\"@type\":\"SearchAction\",\"target\":{\"@type\":\"EntryPoint\",\"urlTemplate\":\"https:\/\/www.raytech.it\/?s={search_term_string}\"},\"query-input\":{\"@type\":\"PropertyValueSpecification\",\"valueRequired\":true,\"valueName\":\"search_term_string\"}}],\"inLanguage\":\"pt-PT\"},{\"@type\":\"Organization\",\"@id\":\"https:\/\/www.raytech.it\/#organization\",\"name\":\"Raytech\",\"url\":\"https:\/\/www.raytech.it\/\",\"logo\":{\"@type\":\"ImageObject\",\"inLanguage\":\"pt-PT\",\"@id\":\"https:\/\/www.raytech.it\/#\/schema\/logo\/image\/\",\"url\":\"https:\/\/www.raytech.it\/wp-content\/uploads\/logo-raytech-2019-retina-3.png\",\"contentUrl\":\"https:\/\/www.raytech.it\/wp-content\/uploads\/logo-raytech-2019-retina-3.png\",\"width\":340,\"height\":90,\"caption\":\"Raytech\"},\"image\":{\"@id\":\"https:\/\/www.raytech.it\/#\/schema\/logo\/image\/\"},\"sameAs\":[\"https:\/\/www.facebook.com\/RaytechItaly\",\"https:\/\/www.instagram.com\/raytech_italy\/\",\"https:\/\/www.youtube.com\/user\/raytechitaly\",\"https:\/\/twitter.com\/Raytech_Italy\"]}]}<\/script>\n<!-- \/ Yoast SEO plugin. -->","yoast_head_json":{"title":"SolarCover | Raytech","robots":{"index":"index","follow":"follow","max-snippet":"max-snippet:-1","max-image-preview":"max-image-preview:large","max-video-preview":"max-video-preview:-1"},"canonical":"https:\/\/www.raytech.it\/pt-pt\/produto\/energias-renovaveis\/coberturas-ip68-para-conectores\/solarcover","og_locale":"pt_PT","og_type":"article","og_title":"SolarCover | Raytech","og_description":"A cobertura extra dark com filler em gel para a veda\u00e7\u00e3o dos conectores de 4 a 10 mm\u00b2 para instala\u00e7\u00f5es solares e fotovoltaicas. Previne a deteriora\u00e7\u00e3o dos conectores, preservando seu [\u2026]","og_url":"https:\/\/www.raytech.it\/pt-pt\/produto\/energias-renovaveis\/coberturas-ip68-para-conectores\/solarcover","og_site_name":"Raytech","article_publisher":"https:\/\/www.facebook.com\/RaytechItaly","article_modified_time":"2025-02-19T04:35:14+00:00","og_image":[{"width":1024,"height":1024,"url":"https:\/\/www.raytech.it\/wp-content\/uploads\/solarcover-installed.jpg","type":"image\/jpeg"}],"twitter_card":"summary_large_image","twitter_misc":{"Tempo estimado de leitura":"1 minuto"},"schema":{"@context":"https:\/\/schema.org","@graph":[{"@type":"WebPage","@id":"https:\/\/www.raytech.it\/pt-pt\/produto\/energias-renovaveis\/coberturas-ip68-para-conectores\/solarcover","url":"https:\/\/www.raytech.it\/pt-pt\/produto\/energias-renovaveis\/coberturas-ip68-para-conectores\/solarcover","name":"SolarCover | Raytech","isPartOf":{"@id":"https:\/\/www.raytech.it\/#website"},"primaryImageOfPage":{"@id":"https:\/\/www.raytech.it\/pt-pt\/produto\/energias-renovaveis\/coberturas-ip68-para-conectores\/solarcover#primaryimage"},"image":{"@id":"https:\/\/www.raytech.it\/pt-pt\/produto\/energias-renovaveis\/coberturas-ip68-para-conectores\/solarcover#primaryimage"},"thumbnailUrl":"https:\/\/www.raytech.it\/wp-content\/uploads\/solarcover-installed.jpg","datePublished":"2024-10-09T07:48:23+00:00","dateModified":"2025-02-19T04:35:14+00:00","breadcrumb":{"@id":"https:\/\/www.raytech.it\/pt-pt\/produto\/energias-renovaveis\/coberturas-ip68-para-conectores\/solarcover#breadcrumb"},"inLanguage":"pt-PT","potentialAction":[{"@type":"ReadAction","target":["https:\/\/www.raytech.it\/pt-pt\/produto\/energias-renovaveis\/coberturas-ip68-para-conectores\/solarcover"]}]},{"@type":"ImageObject","inLanguage":"pt-PT","@id":"https:\/\/www.raytech.it\/pt-pt\/produto\/energias-renovaveis\/coberturas-ip68-para-conectores\/solarcover#primaryimage","url":"https:\/\/www.raytech.it\/wp-content\/uploads\/solarcover-installed.jpg","contentUrl":"https:\/\/www.raytech.it\/wp-content\/uploads\/solarcover-installed.jpg","width":1024,"height":1024},{"@type":"BreadcrumbList","@id":"https:\/\/www.raytech.it\/pt-pt\/produto\/energias-renovaveis\/coberturas-ip68-para-conectores\/solarcover#breadcrumb","itemListElement":[{"@type":"ListItem","position":1,"name":"Home","item":"https:\/\/www.raytech.it\/pt-pt"},{"@type":"ListItem","position":2,"name":"Loja","item":"https:\/\/www.raytech.it\/pt-pt\/loja"},{"@type":"ListItem","position":3,"name":"SolarCover"}]},{"@type":"WebSite","@id":"https:\/\/www.raytech.it\/#website","url":"https:\/\/www.raytech.it\/","name":"Raytech","description":"Cable accessories company","publisher":{"@id":"https:\/\/www.raytech.it\/#organization"},"potentialAction":[{"@type":"SearchAction","target":{"@type":"EntryPoint","urlTemplate":"https:\/\/www.raytech.it\/?s={search_term_string}"},"query-input":{"@type":"PropertyValueSpecification","valueRequired":true,"valueName":"search_term_string"}}],"inLanguage":"pt-PT"},{"@type":"Organization","@id":"https:\/\/www.raytech.it\/#organization","name":"Raytech","url":"https:\/\/www.raytech.it\/","logo":{"@type":"ImageObject","inLanguage":"pt-PT","@id":"https:\/\/www.raytech.it\/#\/schema\/logo\/image\/","url":"https:\/\/www.raytech.it\/wp-content\/uploads\/logo-raytech-2019-retina-3.png","contentUrl":"https:\/\/www.raytech.it\/wp-content\/uploads\/logo-raytech-2019-retina-3.png","width":340,"height":90,"caption":"Raytech"},"image":{"@id":"https:\/\/www.raytech.it\/#\/schema\/logo\/image\/"},"sameAs":["https:\/\/www.facebook.com\/RaytechItaly","https:\/\/www.instagram.com\/raytech_italy\/","https:\/\/www.youtube.com\/user\/raytechitaly","https:\/\/twitter.com\/Raytech_Italy"]}]}},"_links":{"self":[{"href":"https:\/\/www.raytech.it\/pt-pt\/wp-json\/wp\/v2\/product\/36057","targetHints":{"allow":["GET"]}}],"collection":[{"href":"https:\/\/www.raytech.it\/pt-pt\/wp-json\/wp\/v2\/product"}],"about":[{"href":"https:\/\/www.raytech.it\/pt-pt\/wp-json\/wp\/v2\/types\/product"}],"wp:featuredmedia":[{"embeddable":true,"href":"https:\/\/www.raytech.it\/pt-pt\/wp-json\/wp\/v2\/media\/36108"}],"wp:attachment":[{"href":"https:\/\/www.raytech.it\/pt-pt\/wp-json\/wp\/v2\/media?parent=36057"}],"wp:term":[{"taxonomy":"product_brand","embeddable":true,"href":"https:\/\/www.raytech.it\/pt-pt\/wp-json\/wp\/v2\/product_brand?post=36057"},{"taxonomy":"product_cat","embeddable":true,"href":"https:\/\/www.raytech.it\/pt-pt\/wp-json\/wp\/v2\/product_cat?post=36057"},{"taxonomy":"product_tag","embeddable":true,"href":"https:\/\/www.raytech.it\/pt-pt\/wp-json\/wp\/v2\/product_tag?post=36057"}],"curies":[{"name":"wp","href":"https:\/\/api.w.org\/{rel}","templated":true}]}}