{"id":8007,"date":"2015-09-15T11:21:23","date_gmt":"2016-01-13T16:49:07","guid":{"rendered":"http:\/\/raytech.it\/?post_type=product&#038;p=8007&#038;lang=nl"},"modified":"2025-02-18T21:43:25","modified_gmt":"2025-02-18T20:43:25","slug":"transitiekoppelingen-tussen-eenpolige-kabels","status":"publish","type":"product","link":"https:\/\/www.raytech.it\/pt-pt\/produto\/media-tensao\/terminais-e-juntas-termorretracteis-ate-36-kv\/juntas-pt-pt-3\/transitiekoppelingen-tussen-eenpolige-kabels","title":{"rendered":"Juntas termorretr\u00e1cteis tripolares"},"content":{"rendered":"<p>Grande fiabilidade e superiores caracter\u00edsticas el\u00e9tricas, mec\u00e2nicas e de veda\u00e7\u00e3o, que fazem destas juntas a solu\u00e7\u00e3o ideal para qualquer tipo de cabo e de instala\u00e7\u00e3o.<\/p>\n<p><strong>Distribui\u00e7\u00e3o do campo el\u00e9trico<\/strong><br \/>\nAo cortar a blindagem do cabo, o campo el\u00e9trico \u00e9 controlado por um material j\u00e1 experimentado nos terminais: o tubo de controlo do gradiente el\u00e9trico. Este tubo \u00e9 em material isolante com imped\u00e2ncia n\u00e3o linear, capaz de controlar o campo magn\u00e9tico at\u00e9 ao final da blindagem do cabo e no conector met\u00e1lico. Tal como nos terminais, gra\u00e7as aos componentes termorretr\u00e1cteis, a gama de juntas inclui praticamente a totalidade das configura\u00e7\u00f5es de cabos existentes, tal como as juntas mistas entre diferentes tipologias de cabo. As refer\u00eancias dos kits que surgem nas tabelas de sele\u00e7\u00e3o s\u00e3o os mais utilizados pelos instaladores em todo o territ\u00f3rio nacional, para aplica\u00e7\u00f5es para cabos at\u00e9 36 kV. Nos casos n\u00e3o descritos, qualquer que seja o tipo de cabo, consultar a Raytech.<\/p>\n<ul>\n<li><span style=\"color: #004f9f;\">Juntas tripolares termorretr\u00e1cteis para cabos de isolante extrudido<\/span><\/li>\n<li><span style=\"color: #004f9f;\">Juntas termorretr\u00e1cteis tripolares para cabos armados com isolante extrudido com continuidade galv\u00e2nica da armadura<\/span><\/li>\n<li><span style=\"color: #004f9f;\">Juntas termorretr\u00e1cteis tripolares para cabos isolados em papel impregnado com mistura<\/span><\/li>\n<\/ul>\n<p><a class=\"btn btn-default linkpdf mt_bg\" style=\"margin-top: 10px;\" href=\"\/catalogo\/pt-pt\/identificazione-giunzioni.pdf\" target=\"_blank\">Dados para identifica\u00e7\u00e3o da junta adequada<\/a><\/p>\n","protected":false},"excerpt":{"rendered":"<p>Grande fiabilidade e superiores caracter\u00edsticas el\u00e9tricas, mec\u00e2nicas e de veda\u00e7\u00e3o, que fazem destas juntas a solu\u00e7\u00e3o ideal para qualquer tipo de cabo e de instala\u00e7\u00e3o. Distribui\u00e7\u00e3o do campo el\u00e9trico Ao<span class=\"excerpt-hellip\"> [\u2026]<\/span><\/p>\n","protected":false},"featured_media":2393,"template":"","meta":[],"product_brand":[],"product_cat":[356,360,450],"product_tag":[],"class_list":{"0":"post-8007","1":"product","2":"type-product","3":"status-publish","4":"has-post-thumbnail","6":"product_cat-media-tensao","7":"product_cat-terminais-e-juntas-termorretracteis-ate-36-kv","8":"product_cat-juntas-pt-pt-3","10":"first","11":"instock","12":"taxable","13":"shipping-taxable","14":"product-type-simple"},"yoast_head":"<!-- This site is optimized with the Yoast SEO plugin v26.5 - https:\/\/yoast.com\/wordpress\/plugins\/seo\/ -->\n<title>Juntas termorretr\u00e1cteis tripolares | Raytech<\/title>\n<meta name=\"robots\" content=\"index, follow, max-snippet:-1, max-image-preview:large, max-video-preview:-1\" \/>\n<link rel=\"canonical\" href=\"https:\/\/www.raytech.it\/pt-pt\/produto\/media-tensao\/terminais-e-juntas-termorretracteis-ate-36-kv\/juntas-pt-pt-3\/transitiekoppelingen-tussen-eenpolige-kabels\" \/>\n<meta property=\"og:locale\" content=\"pt_PT\" \/>\n<meta property=\"og:type\" content=\"article\" \/>\n<meta property=\"og:title\" content=\"Juntas termorretr\u00e1cteis tripolares | Raytech\" \/>\n<meta property=\"og:description\" content=\"Grande fiabilidade e superiores caracter\u00edsticas el\u00e9tricas, mec\u00e2nicas e de veda\u00e7\u00e3o, que fazem destas juntas a solu\u00e7\u00e3o ideal para qualquer tipo de cabo e de instala\u00e7\u00e3o. Distribui\u00e7\u00e3o do campo el\u00e9trico Ao [\u2026]\" \/>\n<meta property=\"og:url\" content=\"https:\/\/www.raytech.it\/pt-pt\/produto\/media-tensao\/terminais-e-juntas-termorretracteis-ate-36-kv\/juntas-pt-pt-3\/transitiekoppelingen-tussen-eenpolige-kabels\" \/>\n<meta property=\"og:site_name\" content=\"Raytech\" \/>\n<meta property=\"article:publisher\" content=\"https:\/\/www.facebook.com\/RaytechItaly\" \/>\n<meta property=\"article:modified_time\" content=\"2025-02-18T20:43:25+00:00\" \/>\n<meta property=\"og:image\" content=\"https:\/\/www.raytech.it\/wp-content\/uploads\/giunti-termorestringenti-tripolari.jpg\" \/>\n\t<meta property=\"og:image:width\" content=\"1024\" \/>\n\t<meta property=\"og:image:height\" content=\"1024\" \/>\n\t<meta property=\"og:image:type\" content=\"image\/jpeg\" \/>\n<meta name=\"twitter:card\" content=\"summary_large_image\" \/>\n<meta name=\"twitter:label1\" content=\"Tempo estimado de leitura\" \/>\n\t<meta name=\"twitter:data1\" content=\"1 minuto\" \/>\n<script type=\"application\/ld+json\" class=\"yoast-schema-graph\">{\"@context\":\"https:\/\/schema.org\",\"@graph\":[{\"@type\":\"WebPage\",\"@id\":\"https:\/\/www.raytech.it\/pt-pt\/produto\/media-tensao\/terminais-e-juntas-termorretracteis-ate-36-kv\/juntas-pt-pt-3\/transitiekoppelingen-tussen-eenpolige-kabels\",\"url\":\"https:\/\/www.raytech.it\/pt-pt\/produto\/media-tensao\/terminais-e-juntas-termorretracteis-ate-36-kv\/juntas-pt-pt-3\/transitiekoppelingen-tussen-eenpolige-kabels\",\"name\":\"Juntas termorretr\u00e1cteis tripolares | Raytech\",\"isPartOf\":{\"@id\":\"https:\/\/www.raytech.it\/#website\"},\"primaryImageOfPage\":{\"@id\":\"https:\/\/www.raytech.it\/pt-pt\/produto\/media-tensao\/terminais-e-juntas-termorretracteis-ate-36-kv\/juntas-pt-pt-3\/transitiekoppelingen-tussen-eenpolige-kabels#primaryimage\"},\"image\":{\"@id\":\"https:\/\/www.raytech.it\/pt-pt\/produto\/media-tensao\/terminais-e-juntas-termorretracteis-ate-36-kv\/juntas-pt-pt-3\/transitiekoppelingen-tussen-eenpolige-kabels#primaryimage\"},\"thumbnailUrl\":\"https:\/\/www.raytech.it\/wp-content\/uploads\/giunti-termorestringenti-tripolari.jpg\",\"datePublished\":\"2016-01-13T16:49:07+00:00\",\"dateModified\":\"2025-02-18T20:43:25+00:00\",\"breadcrumb\":{\"@id\":\"https:\/\/www.raytech.it\/pt-pt\/produto\/media-tensao\/terminais-e-juntas-termorretracteis-ate-36-kv\/juntas-pt-pt-3\/transitiekoppelingen-tussen-eenpolige-kabels#breadcrumb\"},\"inLanguage\":\"pt-PT\",\"potentialAction\":[{\"@type\":\"ReadAction\",\"target\":[\"https:\/\/www.raytech.it\/pt-pt\/produto\/media-tensao\/terminais-e-juntas-termorretracteis-ate-36-kv\/juntas-pt-pt-3\/transitiekoppelingen-tussen-eenpolige-kabels\"]}]},{\"@type\":\"ImageObject\",\"inLanguage\":\"pt-PT\",\"@id\":\"https:\/\/www.raytech.it\/pt-pt\/produto\/media-tensao\/terminais-e-juntas-termorretracteis-ate-36-kv\/juntas-pt-pt-3\/transitiekoppelingen-tussen-eenpolige-kabels#primaryimage\",\"url\":\"https:\/\/www.raytech.it\/wp-content\/uploads\/giunti-termorestringenti-tripolari.jpg\",\"contentUrl\":\"https:\/\/www.raytech.it\/wp-content\/uploads\/giunti-termorestringenti-tripolari.jpg\",\"width\":1024,\"height\":1024},{\"@type\":\"BreadcrumbList\",\"@id\":\"https:\/\/www.raytech.it\/pt-pt\/produto\/media-tensao\/terminais-e-juntas-termorretracteis-ate-36-kv\/juntas-pt-pt-3\/transitiekoppelingen-tussen-eenpolige-kabels#breadcrumb\",\"itemListElement\":[{\"@type\":\"ListItem\",\"position\":1,\"name\":\"Home\",\"item\":\"https:\/\/www.raytech.it\/pt-pt\"},{\"@type\":\"ListItem\",\"position\":2,\"name\":\"Loja\",\"item\":\"https:\/\/www.raytech.it\/pt-pt\/loja\"},{\"@type\":\"ListItem\",\"position\":3,\"name\":\"Juntas termorretr\u00e1cteis tripolares\"}]},{\"@type\":\"WebSite\",\"@id\":\"https:\/\/www.raytech.it\/#website\",\"url\":\"https:\/\/www.raytech.it\/\",\"name\":\"Raytech\",\"description\":\"Cable accessories company\",\"publisher\":{\"@id\":\"https:\/\/www.raytech.it\/#organization\"},\"potentialAction\":[{\"@type\":\"SearchAction\",\"target\":{\"@type\":\"EntryPoint\",\"urlTemplate\":\"https:\/\/www.raytech.it\/?s={search_term_string}\"},\"query-input\":{\"@type\":\"PropertyValueSpecification\",\"valueRequired\":true,\"valueName\":\"search_term_string\"}}],\"inLanguage\":\"pt-PT\"},{\"@type\":\"Organization\",\"@id\":\"https:\/\/www.raytech.it\/#organization\",\"name\":\"Raytech\",\"url\":\"https:\/\/www.raytech.it\/\",\"logo\":{\"@type\":\"ImageObject\",\"inLanguage\":\"pt-PT\",\"@id\":\"https:\/\/www.raytech.it\/#\/schema\/logo\/image\/\",\"url\":\"https:\/\/www.raytech.it\/wp-content\/uploads\/logo-raytech-2019-retina-3.png\",\"contentUrl\":\"https:\/\/www.raytech.it\/wp-content\/uploads\/logo-raytech-2019-retina-3.png\",\"width\":340,\"height\":90,\"caption\":\"Raytech\"},\"image\":{\"@id\":\"https:\/\/www.raytech.it\/#\/schema\/logo\/image\/\"},\"sameAs\":[\"https:\/\/www.facebook.com\/RaytechItaly\",\"https:\/\/www.instagram.com\/raytech_italy\/\",\"https:\/\/www.youtube.com\/user\/raytechitaly\",\"https:\/\/twitter.com\/Raytech_Italy\"]}]}<\/script>\n<!-- \/ Yoast SEO plugin. -->","yoast_head_json":{"title":"Juntas termorretr\u00e1cteis tripolares | Raytech","robots":{"index":"index","follow":"follow","max-snippet":"max-snippet:-1","max-image-preview":"max-image-preview:large","max-video-preview":"max-video-preview:-1"},"canonical":"https:\/\/www.raytech.it\/pt-pt\/produto\/media-tensao\/terminais-e-juntas-termorretracteis-ate-36-kv\/juntas-pt-pt-3\/transitiekoppelingen-tussen-eenpolige-kabels","og_locale":"pt_PT","og_type":"article","og_title":"Juntas termorretr\u00e1cteis tripolares | Raytech","og_description":"Grande fiabilidade e superiores caracter\u00edsticas el\u00e9tricas, mec\u00e2nicas e de veda\u00e7\u00e3o, que fazem destas juntas a solu\u00e7\u00e3o ideal para qualquer tipo de cabo e de instala\u00e7\u00e3o. Distribui\u00e7\u00e3o do campo el\u00e9trico Ao [\u2026]","og_url":"https:\/\/www.raytech.it\/pt-pt\/produto\/media-tensao\/terminais-e-juntas-termorretracteis-ate-36-kv\/juntas-pt-pt-3\/transitiekoppelingen-tussen-eenpolige-kabels","og_site_name":"Raytech","article_publisher":"https:\/\/www.facebook.com\/RaytechItaly","article_modified_time":"2025-02-18T20:43:25+00:00","og_image":[{"width":1024,"height":1024,"url":"https:\/\/www.raytech.it\/wp-content\/uploads\/giunti-termorestringenti-tripolari.jpg","type":"image\/jpeg"}],"twitter_card":"summary_large_image","twitter_misc":{"Tempo estimado de leitura":"1 minuto"},"schema":{"@context":"https:\/\/schema.org","@graph":[{"@type":"WebPage","@id":"https:\/\/www.raytech.it\/pt-pt\/produto\/media-tensao\/terminais-e-juntas-termorretracteis-ate-36-kv\/juntas-pt-pt-3\/transitiekoppelingen-tussen-eenpolige-kabels","url":"https:\/\/www.raytech.it\/pt-pt\/produto\/media-tensao\/terminais-e-juntas-termorretracteis-ate-36-kv\/juntas-pt-pt-3\/transitiekoppelingen-tussen-eenpolige-kabels","name":"Juntas termorretr\u00e1cteis tripolares | Raytech","isPartOf":{"@id":"https:\/\/www.raytech.it\/#website"},"primaryImageOfPage":{"@id":"https:\/\/www.raytech.it\/pt-pt\/produto\/media-tensao\/terminais-e-juntas-termorretracteis-ate-36-kv\/juntas-pt-pt-3\/transitiekoppelingen-tussen-eenpolige-kabels#primaryimage"},"image":{"@id":"https:\/\/www.raytech.it\/pt-pt\/produto\/media-tensao\/terminais-e-juntas-termorretracteis-ate-36-kv\/juntas-pt-pt-3\/transitiekoppelingen-tussen-eenpolige-kabels#primaryimage"},"thumbnailUrl":"https:\/\/www.raytech.it\/wp-content\/uploads\/giunti-termorestringenti-tripolari.jpg","datePublished":"2016-01-13T16:49:07+00:00","dateModified":"2025-02-18T20:43:25+00:00","breadcrumb":{"@id":"https:\/\/www.raytech.it\/pt-pt\/produto\/media-tensao\/terminais-e-juntas-termorretracteis-ate-36-kv\/juntas-pt-pt-3\/transitiekoppelingen-tussen-eenpolige-kabels#breadcrumb"},"inLanguage":"pt-PT","potentialAction":[{"@type":"ReadAction","target":["https:\/\/www.raytech.it\/pt-pt\/produto\/media-tensao\/terminais-e-juntas-termorretracteis-ate-36-kv\/juntas-pt-pt-3\/transitiekoppelingen-tussen-eenpolige-kabels"]}]},{"@type":"ImageObject","inLanguage":"pt-PT","@id":"https:\/\/www.raytech.it\/pt-pt\/produto\/media-tensao\/terminais-e-juntas-termorretracteis-ate-36-kv\/juntas-pt-pt-3\/transitiekoppelingen-tussen-eenpolige-kabels#primaryimage","url":"https:\/\/www.raytech.it\/wp-content\/uploads\/giunti-termorestringenti-tripolari.jpg","contentUrl":"https:\/\/www.raytech.it\/wp-content\/uploads\/giunti-termorestringenti-tripolari.jpg","width":1024,"height":1024},{"@type":"BreadcrumbList","@id":"https:\/\/www.raytech.it\/pt-pt\/produto\/media-tensao\/terminais-e-juntas-termorretracteis-ate-36-kv\/juntas-pt-pt-3\/transitiekoppelingen-tussen-eenpolige-kabels#breadcrumb","itemListElement":[{"@type":"ListItem","position":1,"name":"Home","item":"https:\/\/www.raytech.it\/pt-pt"},{"@type":"ListItem","position":2,"name":"Loja","item":"https:\/\/www.raytech.it\/pt-pt\/loja"},{"@type":"ListItem","position":3,"name":"Juntas termorretr\u00e1cteis tripolares"}]},{"@type":"WebSite","@id":"https:\/\/www.raytech.it\/#website","url":"https:\/\/www.raytech.it\/","name":"Raytech","description":"Cable accessories company","publisher":{"@id":"https:\/\/www.raytech.it\/#organization"},"potentialAction":[{"@type":"SearchAction","target":{"@type":"EntryPoint","urlTemplate":"https:\/\/www.raytech.it\/?s={search_term_string}"},"query-input":{"@type":"PropertyValueSpecification","valueRequired":true,"valueName":"search_term_string"}}],"inLanguage":"pt-PT"},{"@type":"Organization","@id":"https:\/\/www.raytech.it\/#organization","name":"Raytech","url":"https:\/\/www.raytech.it\/","logo":{"@type":"ImageObject","inLanguage":"pt-PT","@id":"https:\/\/www.raytech.it\/#\/schema\/logo\/image\/","url":"https:\/\/www.raytech.it\/wp-content\/uploads\/logo-raytech-2019-retina-3.png","contentUrl":"https:\/\/www.raytech.it\/wp-content\/uploads\/logo-raytech-2019-retina-3.png","width":340,"height":90,"caption":"Raytech"},"image":{"@id":"https:\/\/www.raytech.it\/#\/schema\/logo\/image\/"},"sameAs":["https:\/\/www.facebook.com\/RaytechItaly","https:\/\/www.instagram.com\/raytech_italy\/","https:\/\/www.youtube.com\/user\/raytechitaly","https:\/\/twitter.com\/Raytech_Italy"]}]}},"_links":{"self":[{"href":"https:\/\/www.raytech.it\/pt-pt\/wp-json\/wp\/v2\/product\/8007","targetHints":{"allow":["GET"]}}],"collection":[{"href":"https:\/\/www.raytech.it\/pt-pt\/wp-json\/wp\/v2\/product"}],"about":[{"href":"https:\/\/www.raytech.it\/pt-pt\/wp-json\/wp\/v2\/types\/product"}],"wp:featuredmedia":[{"embeddable":true,"href":"https:\/\/www.raytech.it\/pt-pt\/wp-json\/wp\/v2\/media\/2393"}],"wp:attachment":[{"href":"https:\/\/www.raytech.it\/pt-pt\/wp-json\/wp\/v2\/media?parent=8007"}],"wp:term":[{"taxonomy":"product_brand","embeddable":true,"href":"https:\/\/www.raytech.it\/pt-pt\/wp-json\/wp\/v2\/product_brand?post=8007"},{"taxonomy":"product_cat","embeddable":true,"href":"https:\/\/www.raytech.it\/pt-pt\/wp-json\/wp\/v2\/product_cat?post=8007"},{"taxonomy":"product_tag","embeddable":true,"href":"https:\/\/www.raytech.it\/pt-pt\/wp-json\/wp\/v2\/product_tag?post=8007"}],"curies":[{"name":"wp","href":"https:\/\/api.w.org\/{rel}","templated":true}]}}