{"id":8212,"date":"2015-11-10T10:42:08","date_gmt":"2016-01-18T11:14:39","guid":{"rendered":"http:\/\/raytech.it\/?post_type=product&#038;p=8212&#038;lang=pt-pt"},"modified":"2025-02-18T19:02:03","modified_gmt":"2025-02-18T18:02:03","slug":"rapid-joint-ip68","status":"publish","type":"product","link":"https:\/\/www.raytech.it\/pt-pt\/produto\/baixa-tensao\/juntas\/pre-vazadas\/rapid-joint-ip68","title":{"rendered":"Rapid Joint IP68"},"content":{"rendered":"<h4>Junta pr\u00e9-enchida em gel de fecho radial para cabos de<br \/>\nisolante extrudido at\u00e9 1 kV.<\/h4>\n<p>O isolamento prim\u00e1rio, constitu\u00eddo por um gel polim\u00e9rico reticulado, e o inv\u00f3lucro pl\u00e1stico<br \/>\nisolante de excecional robustez tornam a junta de Classe 2 de acordo com as defini\u00e7\u00f5es da<br \/>\nnorma CEI 64-8. A junta, testada de acordo com as principais especifica\u00e7\u00f5es internacionais<br \/>\ncom repetidos ciclos de flex\u00e3o e de tor\u00e7\u00e3o e para imers\u00e3o em \u00e1gua, foi declarada em conformidade com os requisitos mec\u00e2nicos, el\u00e9tricos e de veda\u00e7\u00e3o necess\u00e1rios para os acess\u00f3rios<br \/>\npara cabos pl\u00e1sticos. A junta e os seus componentes n\u00e3o t\u00eam validade de armazenamento,<br \/>\ns\u00e3o quimicamente inertes e, como tal, absolutamente seguros; as liga\u00e7\u00f5es dos condutores<br \/>\ns\u00e3o reacessiveis mesmo ap\u00f3s longos per\u00edodos de funcionamento. Embalada com material<br \/>\nauto-extingu\u00edvel, n\u00e3o propagante de chama, para cabos com temperatura de funcionamento<br \/>\nde 90\u00b0C. O sistema de fecho radial facilita a aplica\u00e7\u00e3o da junta, tornando-a reacess\u00edvel apenas<br \/>\ncom o uso de uma ferramenta.<\/p>\n<p><\/br><\/br><\/p>\n<ul>\n<li><span style=\"color: #009233;\">Para liga\u00e7\u00f5es direitas (em linha)<\/span><\/li>\n<li><span style=\"color: #009233;\">Para cabos multipolares at\u00e9 5 condutores<\/span><\/li>\n<li><span style=\"color: #009233;\">Com separadores adequados<\/span><\/li>\n<li><span style=\"color: #009233;\">Para qualquer tipo de instala\u00e7\u00e3o, mesmo submersa<\/span><\/li>\n<li><span style=\"color: #009233;\">Vasta gama de tipologia de cabos<\/span><\/li>\n<li><span style=\"color: #009233;\">Reacess\u00edvel apenas com ferramenta<\/span><\/li>\n<li><span style=\"color: #009233;\">Indicado para a transposi\u00e7\u00e3o das fases<\/span><\/li>\n<li><span style=\"color: #009233;\">N\u00e3o t\u00f3xico e sem data de validade<\/span><\/li>\n<\/ul>\n","protected":false},"excerpt":{"rendered":"<p>Junta pr\u00e9-enchida em gel de fecho radial para cabos de isolante extrudido at\u00e9 1 kV. O isolamento prim\u00e1rio, constitu\u00eddo por um gel polim\u00e9rico reticulado, e o inv\u00f3lucro pl\u00e1stico isolante de<span class=\"excerpt-hellip\"> [\u2026]<\/span><\/p>\n","protected":false},"featured_media":19301,"template":"","meta":[],"product_brand":[],"product_cat":[321,323,326],"product_tag":[],"class_list":{"0":"post-8212","1":"product","2":"type-product","3":"status-publish","4":"has-post-thumbnail","6":"product_cat-baixa-tensao","7":"product_cat-juntas","8":"product_cat-pre-vazadas","10":"first","11":"instock","12":"taxable","13":"shipping-taxable","14":"product-type-simple"},"yoast_head":"<!-- This site is optimized with the Yoast SEO plugin v26.5 - https:\/\/yoast.com\/wordpress\/plugins\/seo\/ -->\n<title>Rapid Joint IP68 | Raytech<\/title>\n<meta name=\"robots\" content=\"index, follow, max-snippet:-1, max-image-preview:large, max-video-preview:-1\" \/>\n<link rel=\"canonical\" href=\"https:\/\/www.raytech.it\/pt-pt\/produto\/baixa-tensao\/juntas\/pre-vazadas\/rapid-joint-ip68\" \/>\n<meta property=\"og:locale\" content=\"pt_PT\" \/>\n<meta property=\"og:type\" content=\"article\" \/>\n<meta property=\"og:title\" content=\"Rapid Joint IP68 | Raytech\" \/>\n<meta property=\"og:description\" content=\"Junta pr\u00e9-enchida em gel de fecho radial para cabos de isolante extrudido at\u00e9 1 kV. O isolamento prim\u00e1rio, constitu\u00eddo por um gel polim\u00e9rico reticulado, e o inv\u00f3lucro pl\u00e1stico isolante de [\u2026]\" \/>\n<meta property=\"og:url\" content=\"https:\/\/www.raytech.it\/pt-pt\/produto\/baixa-tensao\/juntas\/pre-vazadas\/rapid-joint-ip68\" \/>\n<meta property=\"og:site_name\" content=\"Raytech\" \/>\n<meta property=\"article:publisher\" content=\"https:\/\/www.facebook.com\/RaytechItaly\" \/>\n<meta property=\"article:modified_time\" content=\"2025-02-18T18:02:03+00:00\" \/>\n<meta property=\"og:image\" content=\"https:\/\/www.raytech.it\/wp-content\/uploads\/rapidJIp68.jpg\" \/>\n\t<meta property=\"og:image:width\" content=\"1024\" \/>\n\t<meta property=\"og:image:height\" content=\"1024\" \/>\n\t<meta property=\"og:image:type\" content=\"image\/jpeg\" \/>\n<meta name=\"twitter:card\" content=\"summary_large_image\" \/>\n<meta name=\"twitter:label1\" content=\"Tempo estimado de leitura\" \/>\n\t<meta name=\"twitter:data1\" content=\"1 minuto\" \/>\n<script type=\"application\/ld+json\" class=\"yoast-schema-graph\">{\"@context\":\"https:\/\/schema.org\",\"@graph\":[{\"@type\":\"WebPage\",\"@id\":\"https:\/\/www.raytech.it\/pt-pt\/produto\/baixa-tensao\/juntas\/pre-vazadas\/rapid-joint-ip68\",\"url\":\"https:\/\/www.raytech.it\/pt-pt\/produto\/baixa-tensao\/juntas\/pre-vazadas\/rapid-joint-ip68\",\"name\":\"Rapid Joint IP68 | Raytech\",\"isPartOf\":{\"@id\":\"https:\/\/www.raytech.it\/#website\"},\"primaryImageOfPage\":{\"@id\":\"https:\/\/www.raytech.it\/pt-pt\/produto\/baixa-tensao\/juntas\/pre-vazadas\/rapid-joint-ip68#primaryimage\"},\"image\":{\"@id\":\"https:\/\/www.raytech.it\/pt-pt\/produto\/baixa-tensao\/juntas\/pre-vazadas\/rapid-joint-ip68#primaryimage\"},\"thumbnailUrl\":\"https:\/\/www.raytech.it\/wp-content\/uploads\/rapidJIp68.jpg\",\"datePublished\":\"2016-01-18T11:14:39+00:00\",\"dateModified\":\"2025-02-18T18:02:03+00:00\",\"breadcrumb\":{\"@id\":\"https:\/\/www.raytech.it\/pt-pt\/produto\/baixa-tensao\/juntas\/pre-vazadas\/rapid-joint-ip68#breadcrumb\"},\"inLanguage\":\"pt-PT\",\"potentialAction\":[{\"@type\":\"ReadAction\",\"target\":[\"https:\/\/www.raytech.it\/pt-pt\/produto\/baixa-tensao\/juntas\/pre-vazadas\/rapid-joint-ip68\"]}]},{\"@type\":\"ImageObject\",\"inLanguage\":\"pt-PT\",\"@id\":\"https:\/\/www.raytech.it\/pt-pt\/produto\/baixa-tensao\/juntas\/pre-vazadas\/rapid-joint-ip68#primaryimage\",\"url\":\"https:\/\/www.raytech.it\/wp-content\/uploads\/rapidJIp68.jpg\",\"contentUrl\":\"https:\/\/www.raytech.it\/wp-content\/uploads\/rapidJIp68.jpg\",\"width\":1024,\"height\":1024},{\"@type\":\"BreadcrumbList\",\"@id\":\"https:\/\/www.raytech.it\/pt-pt\/produto\/baixa-tensao\/juntas\/pre-vazadas\/rapid-joint-ip68#breadcrumb\",\"itemListElement\":[{\"@type\":\"ListItem\",\"position\":1,\"name\":\"Home\",\"item\":\"https:\/\/www.raytech.it\/pt-pt\"},{\"@type\":\"ListItem\",\"position\":2,\"name\":\"Loja\",\"item\":\"https:\/\/www.raytech.it\/pt-pt\/loja\"},{\"@type\":\"ListItem\",\"position\":3,\"name\":\"Rapid Joint IP68\"}]},{\"@type\":\"WebSite\",\"@id\":\"https:\/\/www.raytech.it\/#website\",\"url\":\"https:\/\/www.raytech.it\/\",\"name\":\"Raytech\",\"description\":\"Cable accessories company\",\"publisher\":{\"@id\":\"https:\/\/www.raytech.it\/#organization\"},\"potentialAction\":[{\"@type\":\"SearchAction\",\"target\":{\"@type\":\"EntryPoint\",\"urlTemplate\":\"https:\/\/www.raytech.it\/?s={search_term_string}\"},\"query-input\":{\"@type\":\"PropertyValueSpecification\",\"valueRequired\":true,\"valueName\":\"search_term_string\"}}],\"inLanguage\":\"pt-PT\"},{\"@type\":\"Organization\",\"@id\":\"https:\/\/www.raytech.it\/#organization\",\"name\":\"Raytech\",\"url\":\"https:\/\/www.raytech.it\/\",\"logo\":{\"@type\":\"ImageObject\",\"inLanguage\":\"pt-PT\",\"@id\":\"https:\/\/www.raytech.it\/#\/schema\/logo\/image\/\",\"url\":\"https:\/\/www.raytech.it\/wp-content\/uploads\/logo-raytech-2019-retina-3.png\",\"contentUrl\":\"https:\/\/www.raytech.it\/wp-content\/uploads\/logo-raytech-2019-retina-3.png\",\"width\":340,\"height\":90,\"caption\":\"Raytech\"},\"image\":{\"@id\":\"https:\/\/www.raytech.it\/#\/schema\/logo\/image\/\"},\"sameAs\":[\"https:\/\/www.facebook.com\/RaytechItaly\",\"https:\/\/www.instagram.com\/raytech_italy\/\",\"https:\/\/www.youtube.com\/user\/raytechitaly\",\"https:\/\/twitter.com\/Raytech_Italy\"]}]}<\/script>\n<!-- \/ Yoast SEO plugin. -->","yoast_head_json":{"title":"Rapid Joint IP68 | Raytech","robots":{"index":"index","follow":"follow","max-snippet":"max-snippet:-1","max-image-preview":"max-image-preview:large","max-video-preview":"max-video-preview:-1"},"canonical":"https:\/\/www.raytech.it\/pt-pt\/produto\/baixa-tensao\/juntas\/pre-vazadas\/rapid-joint-ip68","og_locale":"pt_PT","og_type":"article","og_title":"Rapid Joint IP68 | Raytech","og_description":"Junta pr\u00e9-enchida em gel de fecho radial para cabos de isolante extrudido at\u00e9 1 kV. O isolamento prim\u00e1rio, constitu\u00eddo por um gel polim\u00e9rico reticulado, e o inv\u00f3lucro pl\u00e1stico isolante de [\u2026]","og_url":"https:\/\/www.raytech.it\/pt-pt\/produto\/baixa-tensao\/juntas\/pre-vazadas\/rapid-joint-ip68","og_site_name":"Raytech","article_publisher":"https:\/\/www.facebook.com\/RaytechItaly","article_modified_time":"2025-02-18T18:02:03+00:00","og_image":[{"width":1024,"height":1024,"url":"https:\/\/www.raytech.it\/wp-content\/uploads\/rapidJIp68.jpg","type":"image\/jpeg"}],"twitter_card":"summary_large_image","twitter_misc":{"Tempo estimado de leitura":"1 minuto"},"schema":{"@context":"https:\/\/schema.org","@graph":[{"@type":"WebPage","@id":"https:\/\/www.raytech.it\/pt-pt\/produto\/baixa-tensao\/juntas\/pre-vazadas\/rapid-joint-ip68","url":"https:\/\/www.raytech.it\/pt-pt\/produto\/baixa-tensao\/juntas\/pre-vazadas\/rapid-joint-ip68","name":"Rapid Joint IP68 | Raytech","isPartOf":{"@id":"https:\/\/www.raytech.it\/#website"},"primaryImageOfPage":{"@id":"https:\/\/www.raytech.it\/pt-pt\/produto\/baixa-tensao\/juntas\/pre-vazadas\/rapid-joint-ip68#primaryimage"},"image":{"@id":"https:\/\/www.raytech.it\/pt-pt\/produto\/baixa-tensao\/juntas\/pre-vazadas\/rapid-joint-ip68#primaryimage"},"thumbnailUrl":"https:\/\/www.raytech.it\/wp-content\/uploads\/rapidJIp68.jpg","datePublished":"2016-01-18T11:14:39+00:00","dateModified":"2025-02-18T18:02:03+00:00","breadcrumb":{"@id":"https:\/\/www.raytech.it\/pt-pt\/produto\/baixa-tensao\/juntas\/pre-vazadas\/rapid-joint-ip68#breadcrumb"},"inLanguage":"pt-PT","potentialAction":[{"@type":"ReadAction","target":["https:\/\/www.raytech.it\/pt-pt\/produto\/baixa-tensao\/juntas\/pre-vazadas\/rapid-joint-ip68"]}]},{"@type":"ImageObject","inLanguage":"pt-PT","@id":"https:\/\/www.raytech.it\/pt-pt\/produto\/baixa-tensao\/juntas\/pre-vazadas\/rapid-joint-ip68#primaryimage","url":"https:\/\/www.raytech.it\/wp-content\/uploads\/rapidJIp68.jpg","contentUrl":"https:\/\/www.raytech.it\/wp-content\/uploads\/rapidJIp68.jpg","width":1024,"height":1024},{"@type":"BreadcrumbList","@id":"https:\/\/www.raytech.it\/pt-pt\/produto\/baixa-tensao\/juntas\/pre-vazadas\/rapid-joint-ip68#breadcrumb","itemListElement":[{"@type":"ListItem","position":1,"name":"Home","item":"https:\/\/www.raytech.it\/pt-pt"},{"@type":"ListItem","position":2,"name":"Loja","item":"https:\/\/www.raytech.it\/pt-pt\/loja"},{"@type":"ListItem","position":3,"name":"Rapid Joint IP68"}]},{"@type":"WebSite","@id":"https:\/\/www.raytech.it\/#website","url":"https:\/\/www.raytech.it\/","name":"Raytech","description":"Cable accessories company","publisher":{"@id":"https:\/\/www.raytech.it\/#organization"},"potentialAction":[{"@type":"SearchAction","target":{"@type":"EntryPoint","urlTemplate":"https:\/\/www.raytech.it\/?s={search_term_string}"},"query-input":{"@type":"PropertyValueSpecification","valueRequired":true,"valueName":"search_term_string"}}],"inLanguage":"pt-PT"},{"@type":"Organization","@id":"https:\/\/www.raytech.it\/#organization","name":"Raytech","url":"https:\/\/www.raytech.it\/","logo":{"@type":"ImageObject","inLanguage":"pt-PT","@id":"https:\/\/www.raytech.it\/#\/schema\/logo\/image\/","url":"https:\/\/www.raytech.it\/wp-content\/uploads\/logo-raytech-2019-retina-3.png","contentUrl":"https:\/\/www.raytech.it\/wp-content\/uploads\/logo-raytech-2019-retina-3.png","width":340,"height":90,"caption":"Raytech"},"image":{"@id":"https:\/\/www.raytech.it\/#\/schema\/logo\/image\/"},"sameAs":["https:\/\/www.facebook.com\/RaytechItaly","https:\/\/www.instagram.com\/raytech_italy\/","https:\/\/www.youtube.com\/user\/raytechitaly","https:\/\/twitter.com\/Raytech_Italy"]}]}},"_links":{"self":[{"href":"https:\/\/www.raytech.it\/pt-pt\/wp-json\/wp\/v2\/product\/8212","targetHints":{"allow":["GET"]}}],"collection":[{"href":"https:\/\/www.raytech.it\/pt-pt\/wp-json\/wp\/v2\/product"}],"about":[{"href":"https:\/\/www.raytech.it\/pt-pt\/wp-json\/wp\/v2\/types\/product"}],"wp:featuredmedia":[{"embeddable":true,"href":"https:\/\/www.raytech.it\/pt-pt\/wp-json\/wp\/v2\/media\/19301"}],"wp:attachment":[{"href":"https:\/\/www.raytech.it\/pt-pt\/wp-json\/wp\/v2\/media?parent=8212"}],"wp:term":[{"taxonomy":"product_brand","embeddable":true,"href":"https:\/\/www.raytech.it\/pt-pt\/wp-json\/wp\/v2\/product_brand?post=8212"},{"taxonomy":"product_cat","embeddable":true,"href":"https:\/\/www.raytech.it\/pt-pt\/wp-json\/wp\/v2\/product_cat?post=8212"},{"taxonomy":"product_tag","embeddable":true,"href":"https:\/\/www.raytech.it\/pt-pt\/wp-json\/wp\/v2\/product_tag?post=8212"}],"curies":[{"name":"wp","href":"https:\/\/api.w.org\/{rel}","templated":true}]}}