{"id":8213,"date":"2015-07-15T12:30:37","date_gmt":"2016-01-18T11:41:09","guid":{"rendered":"http:\/\/raytech.it\/?post_type=product&#038;p=8213&#038;lang=pt-pt"},"modified":"2025-02-18T15:34:34","modified_gmt":"2025-02-18T14:34:34","slug":"clik-fire","status":"publish","type":"product","link":"https:\/\/www.raytech.it\/pt-pt\/produto\/baixa-tensao\/juntas\/pre-vazadas\/clik-fire","title":{"rendered":"Clik Fire"},"content":{"rendered":"<h4> Jun\u00e7\u00e3o pr\u00e9-enchida em gel, direita ou derivada,<br \/>\npara cabos multipolares at\u00e9 4 condutores.<\/h4>\n<p><\/br><\/p>\n<h4> Clik Fire &#8211; A2A<\/h4>\n<h4> Jun\u00e7\u00f5es de deriva\u00e7\u00e3o de dorsal para sistemas de<br \/>\nilumina\u00e7\u00e3o p\u00fablica de tipo paralelo.<\/h4>\n<p>Juntas de deriva\u00e7\u00e3o de dorsal a dorsal, de dorsal a subida de poste, de linha a\u00e9rea a aparelho de poste, de cabo pr\u00e9-cordado a aparelho de poste, do tipo homologado pela Azienda<br \/>\nElettrica Milanese (A2A, ex AEM). Os acess\u00f3rios disp\u00f5em de conectores de parafuso hexagonal de tipo em manto, pr\u00e9-isolados e, para as instala\u00e7\u00f5es em po\u00e7o, com uma placa de<br \/>\nmonitoriza\u00e7\u00e3o de press\u00e3o adequada. As juntas s\u00e3o at\u00f3xicas, sem validade e reacess\u00edveis<br \/>\n<\/br><\/br><\/p>\n<h4> Clik Fire &#8211; A2A (Fuse)<\/h4>\n<h4> Jun\u00e7\u00f5es de deriva\u00e7\u00e3o de dorsal a subida poste com fus\u00edvel<br \/>\nde prote\u00e7\u00e3o.<\/h4>\n<p>Juntas de deriva\u00e7\u00e3o de dorsal a subida posta com porta-fus\u00edveis seccion\u00e1vel e fus\u00edvel com<br \/>\nsinal de fus\u00e3o para indica\u00e7\u00e3o de interven\u00e7\u00e3o. Os acess\u00f3rios disp\u00f5em de conectores de parafuso de Allen de tipo em manto, pr\u00e9-isolados e, para as instala\u00e7\u00f5es em po\u00e7o, com uma placa<br \/>\nde monitoriza\u00e7\u00e3o de press\u00e3o adequada. As juntas s\u00e3o at\u00f3xicas, sem validade e reacess\u00edveis,<br \/>\nn\u00e3o propagantes.<\/p>\n","protected":false},"excerpt":{"rendered":"<p>Jun\u00e7\u00e3o pr\u00e9-enchida em gel, direita ou derivada, para cabos multipolares at\u00e9 4 condutores. Clik Fire &#8211; A2A Jun\u00e7\u00f5es de deriva\u00e7\u00e3o de dorsal para sistemas de ilumina\u00e7\u00e3o p\u00fablica de tipo paralelo.<span class=\"excerpt-hellip\"> [\u2026]<\/span><\/p>\n","protected":false},"featured_media":19393,"template":"","meta":[],"product_brand":[],"product_cat":[321,323,326],"product_tag":[],"class_list":{"0":"post-8213","1":"product","2":"type-product","3":"status-publish","4":"has-post-thumbnail","6":"product_cat-baixa-tensao","7":"product_cat-juntas","8":"product_cat-pre-vazadas","10":"first","11":"outofstock","12":"taxable","13":"shipping-taxable","14":"product-type-simple"},"yoast_head":"<!-- This site is optimized with the Yoast SEO plugin v26.5 - https:\/\/yoast.com\/wordpress\/plugins\/seo\/ -->\n<title>Clik Fire | Raytech<\/title>\n<meta name=\"robots\" content=\"index, follow, max-snippet:-1, max-image-preview:large, max-video-preview:-1\" \/>\n<link rel=\"canonical\" href=\"https:\/\/www.raytech.it\/pt-pt\/produto\/baixa-tensao\/juntas\/pre-vazadas\/clik-fire\" \/>\n<meta property=\"og:locale\" content=\"pt_PT\" \/>\n<meta property=\"og:type\" content=\"article\" \/>\n<meta property=\"og:title\" content=\"Clik Fire | Raytech\" \/>\n<meta property=\"og:description\" content=\"Jun\u00e7\u00e3o pr\u00e9-enchida em gel, direita ou derivada, para cabos multipolares at\u00e9 4 condutores. Clik Fire &#8211; A2A Jun\u00e7\u00f5es de deriva\u00e7\u00e3o de dorsal para sistemas de ilumina\u00e7\u00e3o p\u00fablica de tipo paralelo. [\u2026]\" \/>\n<meta property=\"og:url\" content=\"https:\/\/www.raytech.it\/pt-pt\/produto\/baixa-tensao\/juntas\/pre-vazadas\/clik-fire\" \/>\n<meta property=\"og:site_name\" content=\"Raytech\" \/>\n<meta property=\"article:publisher\" content=\"https:\/\/www.facebook.com\/RaytechItaly\" \/>\n<meta property=\"article:modified_time\" content=\"2025-02-18T14:34:34+00:00\" \/>\n<meta property=\"og:image\" content=\"https:\/\/www.raytech.it\/wp-content\/uploads\/clik.jpg\" \/>\n\t<meta property=\"og:image:width\" content=\"1024\" \/>\n\t<meta property=\"og:image:height\" content=\"1024\" \/>\n\t<meta property=\"og:image:type\" content=\"image\/jpeg\" \/>\n<meta name=\"twitter:card\" content=\"summary_large_image\" \/>\n<meta name=\"twitter:label1\" content=\"Tempo estimado de leitura\" \/>\n\t<meta name=\"twitter:data1\" content=\"1 minuto\" \/>\n<script type=\"application\/ld+json\" class=\"yoast-schema-graph\">{\"@context\":\"https:\/\/schema.org\",\"@graph\":[{\"@type\":\"WebPage\",\"@id\":\"https:\/\/www.raytech.it\/pt-pt\/produto\/baixa-tensao\/juntas\/pre-vazadas\/clik-fire\",\"url\":\"https:\/\/www.raytech.it\/pt-pt\/produto\/baixa-tensao\/juntas\/pre-vazadas\/clik-fire\",\"name\":\"Clik Fire | Raytech\",\"isPartOf\":{\"@id\":\"https:\/\/www.raytech.it\/#website\"},\"primaryImageOfPage\":{\"@id\":\"https:\/\/www.raytech.it\/pt-pt\/produto\/baixa-tensao\/juntas\/pre-vazadas\/clik-fire#primaryimage\"},\"image\":{\"@id\":\"https:\/\/www.raytech.it\/pt-pt\/produto\/baixa-tensao\/juntas\/pre-vazadas\/clik-fire#primaryimage\"},\"thumbnailUrl\":\"https:\/\/www.raytech.it\/wp-content\/uploads\/clik.jpg\",\"datePublished\":\"2016-01-18T11:41:09+00:00\",\"dateModified\":\"2025-02-18T14:34:34+00:00\",\"breadcrumb\":{\"@id\":\"https:\/\/www.raytech.it\/pt-pt\/produto\/baixa-tensao\/juntas\/pre-vazadas\/clik-fire#breadcrumb\"},\"inLanguage\":\"pt-PT\",\"potentialAction\":[{\"@type\":\"ReadAction\",\"target\":[\"https:\/\/www.raytech.it\/pt-pt\/produto\/baixa-tensao\/juntas\/pre-vazadas\/clik-fire\"]}]},{\"@type\":\"ImageObject\",\"inLanguage\":\"pt-PT\",\"@id\":\"https:\/\/www.raytech.it\/pt-pt\/produto\/baixa-tensao\/juntas\/pre-vazadas\/clik-fire#primaryimage\",\"url\":\"https:\/\/www.raytech.it\/wp-content\/uploads\/clik.jpg\",\"contentUrl\":\"https:\/\/www.raytech.it\/wp-content\/uploads\/clik.jpg\",\"width\":1024,\"height\":1024},{\"@type\":\"BreadcrumbList\",\"@id\":\"https:\/\/www.raytech.it\/pt-pt\/produto\/baixa-tensao\/juntas\/pre-vazadas\/clik-fire#breadcrumb\",\"itemListElement\":[{\"@type\":\"ListItem\",\"position\":1,\"name\":\"Home\",\"item\":\"https:\/\/www.raytech.it\/pt-pt\"},{\"@type\":\"ListItem\",\"position\":2,\"name\":\"Loja\",\"item\":\"https:\/\/www.raytech.it\/pt-pt\/loja\"},{\"@type\":\"ListItem\",\"position\":3,\"name\":\"Clik Fire\"}]},{\"@type\":\"WebSite\",\"@id\":\"https:\/\/www.raytech.it\/#website\",\"url\":\"https:\/\/www.raytech.it\/\",\"name\":\"Raytech\",\"description\":\"Cable accessories company\",\"publisher\":{\"@id\":\"https:\/\/www.raytech.it\/#organization\"},\"potentialAction\":[{\"@type\":\"SearchAction\",\"target\":{\"@type\":\"EntryPoint\",\"urlTemplate\":\"https:\/\/www.raytech.it\/?s={search_term_string}\"},\"query-input\":{\"@type\":\"PropertyValueSpecification\",\"valueRequired\":true,\"valueName\":\"search_term_string\"}}],\"inLanguage\":\"pt-PT\"},{\"@type\":\"Organization\",\"@id\":\"https:\/\/www.raytech.it\/#organization\",\"name\":\"Raytech\",\"url\":\"https:\/\/www.raytech.it\/\",\"logo\":{\"@type\":\"ImageObject\",\"inLanguage\":\"pt-PT\",\"@id\":\"https:\/\/www.raytech.it\/#\/schema\/logo\/image\/\",\"url\":\"https:\/\/www.raytech.it\/wp-content\/uploads\/logo-raytech-2019-retina-3.png\",\"contentUrl\":\"https:\/\/www.raytech.it\/wp-content\/uploads\/logo-raytech-2019-retina-3.png\",\"width\":340,\"height\":90,\"caption\":\"Raytech\"},\"image\":{\"@id\":\"https:\/\/www.raytech.it\/#\/schema\/logo\/image\/\"},\"sameAs\":[\"https:\/\/www.facebook.com\/RaytechItaly\",\"https:\/\/www.instagram.com\/raytech_italy\/\",\"https:\/\/www.youtube.com\/user\/raytechitaly\",\"https:\/\/twitter.com\/Raytech_Italy\"]}]}<\/script>\n<!-- \/ Yoast SEO plugin. -->","yoast_head_json":{"title":"Clik Fire | Raytech","robots":{"index":"index","follow":"follow","max-snippet":"max-snippet:-1","max-image-preview":"max-image-preview:large","max-video-preview":"max-video-preview:-1"},"canonical":"https:\/\/www.raytech.it\/pt-pt\/produto\/baixa-tensao\/juntas\/pre-vazadas\/clik-fire","og_locale":"pt_PT","og_type":"article","og_title":"Clik Fire | Raytech","og_description":"Jun\u00e7\u00e3o pr\u00e9-enchida em gel, direita ou derivada, para cabos multipolares at\u00e9 4 condutores. Clik Fire &#8211; A2A Jun\u00e7\u00f5es de deriva\u00e7\u00e3o de dorsal para sistemas de ilumina\u00e7\u00e3o p\u00fablica de tipo paralelo. [\u2026]","og_url":"https:\/\/www.raytech.it\/pt-pt\/produto\/baixa-tensao\/juntas\/pre-vazadas\/clik-fire","og_site_name":"Raytech","article_publisher":"https:\/\/www.facebook.com\/RaytechItaly","article_modified_time":"2025-02-18T14:34:34+00:00","og_image":[{"width":1024,"height":1024,"url":"https:\/\/www.raytech.it\/wp-content\/uploads\/clik.jpg","type":"image\/jpeg"}],"twitter_card":"summary_large_image","twitter_misc":{"Tempo estimado de leitura":"1 minuto"},"schema":{"@context":"https:\/\/schema.org","@graph":[{"@type":"WebPage","@id":"https:\/\/www.raytech.it\/pt-pt\/produto\/baixa-tensao\/juntas\/pre-vazadas\/clik-fire","url":"https:\/\/www.raytech.it\/pt-pt\/produto\/baixa-tensao\/juntas\/pre-vazadas\/clik-fire","name":"Clik Fire | Raytech","isPartOf":{"@id":"https:\/\/www.raytech.it\/#website"},"primaryImageOfPage":{"@id":"https:\/\/www.raytech.it\/pt-pt\/produto\/baixa-tensao\/juntas\/pre-vazadas\/clik-fire#primaryimage"},"image":{"@id":"https:\/\/www.raytech.it\/pt-pt\/produto\/baixa-tensao\/juntas\/pre-vazadas\/clik-fire#primaryimage"},"thumbnailUrl":"https:\/\/www.raytech.it\/wp-content\/uploads\/clik.jpg","datePublished":"2016-01-18T11:41:09+00:00","dateModified":"2025-02-18T14:34:34+00:00","breadcrumb":{"@id":"https:\/\/www.raytech.it\/pt-pt\/produto\/baixa-tensao\/juntas\/pre-vazadas\/clik-fire#breadcrumb"},"inLanguage":"pt-PT","potentialAction":[{"@type":"ReadAction","target":["https:\/\/www.raytech.it\/pt-pt\/produto\/baixa-tensao\/juntas\/pre-vazadas\/clik-fire"]}]},{"@type":"ImageObject","inLanguage":"pt-PT","@id":"https:\/\/www.raytech.it\/pt-pt\/produto\/baixa-tensao\/juntas\/pre-vazadas\/clik-fire#primaryimage","url":"https:\/\/www.raytech.it\/wp-content\/uploads\/clik.jpg","contentUrl":"https:\/\/www.raytech.it\/wp-content\/uploads\/clik.jpg","width":1024,"height":1024},{"@type":"BreadcrumbList","@id":"https:\/\/www.raytech.it\/pt-pt\/produto\/baixa-tensao\/juntas\/pre-vazadas\/clik-fire#breadcrumb","itemListElement":[{"@type":"ListItem","position":1,"name":"Home","item":"https:\/\/www.raytech.it\/pt-pt"},{"@type":"ListItem","position":2,"name":"Loja","item":"https:\/\/www.raytech.it\/pt-pt\/loja"},{"@type":"ListItem","position":3,"name":"Clik Fire"}]},{"@type":"WebSite","@id":"https:\/\/www.raytech.it\/#website","url":"https:\/\/www.raytech.it\/","name":"Raytech","description":"Cable accessories company","publisher":{"@id":"https:\/\/www.raytech.it\/#organization"},"potentialAction":[{"@type":"SearchAction","target":{"@type":"EntryPoint","urlTemplate":"https:\/\/www.raytech.it\/?s={search_term_string}"},"query-input":{"@type":"PropertyValueSpecification","valueRequired":true,"valueName":"search_term_string"}}],"inLanguage":"pt-PT"},{"@type":"Organization","@id":"https:\/\/www.raytech.it\/#organization","name":"Raytech","url":"https:\/\/www.raytech.it\/","logo":{"@type":"ImageObject","inLanguage":"pt-PT","@id":"https:\/\/www.raytech.it\/#\/schema\/logo\/image\/","url":"https:\/\/www.raytech.it\/wp-content\/uploads\/logo-raytech-2019-retina-3.png","contentUrl":"https:\/\/www.raytech.it\/wp-content\/uploads\/logo-raytech-2019-retina-3.png","width":340,"height":90,"caption":"Raytech"},"image":{"@id":"https:\/\/www.raytech.it\/#\/schema\/logo\/image\/"},"sameAs":["https:\/\/www.facebook.com\/RaytechItaly","https:\/\/www.instagram.com\/raytech_italy\/","https:\/\/www.youtube.com\/user\/raytechitaly","https:\/\/twitter.com\/Raytech_Italy"]}]}},"_links":{"self":[{"href":"https:\/\/www.raytech.it\/pt-pt\/wp-json\/wp\/v2\/product\/8213","targetHints":{"allow":["GET"]}}],"collection":[{"href":"https:\/\/www.raytech.it\/pt-pt\/wp-json\/wp\/v2\/product"}],"about":[{"href":"https:\/\/www.raytech.it\/pt-pt\/wp-json\/wp\/v2\/types\/product"}],"wp:featuredmedia":[{"embeddable":true,"href":"https:\/\/www.raytech.it\/pt-pt\/wp-json\/wp\/v2\/media\/19393"}],"wp:attachment":[{"href":"https:\/\/www.raytech.it\/pt-pt\/wp-json\/wp\/v2\/media?parent=8213"}],"wp:term":[{"taxonomy":"product_brand","embeddable":true,"href":"https:\/\/www.raytech.it\/pt-pt\/wp-json\/wp\/v2\/product_brand?post=8213"},{"taxonomy":"product_cat","embeddable":true,"href":"https:\/\/www.raytech.it\/pt-pt\/wp-json\/wp\/v2\/product_cat?post=8213"},{"taxonomy":"product_tag","embeddable":true,"href":"https:\/\/www.raytech.it\/pt-pt\/wp-json\/wp\/v2\/product_tag?post=8213"}],"curies":[{"name":"wp","href":"https:\/\/api.w.org\/{rel}","templated":true}]}}