{"id":8225,"date":"2015-07-15T13:01:33","date_gmt":"2016-01-18T14:33:53","guid":{"rendered":"http:\/\/raytech.it\/?post_type=product&#038;p=8225&#038;lang=pt-pt"},"modified":"2025-02-18T15:28:28","modified_gmt":"2025-02-18T14:28:28","slug":"magic-power-joint","status":"publish","type":"product","link":"https:\/\/www.raytech.it\/pt-pt\/produto\/baixa-tensao\/juntas\/para-enchimento\/magic-power-joint","title":{"rendered":"Magic Power Joint"},"content":{"rendered":"<h4><span style=\"color: #009832;\">Junta em linha ou derivada com enchimento tipo Magic Power Gel para cabos de isolante extrudido at\u00e9 1 kV<\/span><\/h4>\n<p>Juntas para cabos extrudidos F(R)G7OR 0.6\/1 kV. De f\u00e1cil instala\u00e7\u00e3o, s\u00e3o compostos por um inv\u00f3lucro em 2 partes de material pl\u00e1stico anti-fratura, para encher com isolante bicomponente at\u00f3xico de reticula\u00e7\u00e3o r\u00e1pida, tipo Magic Power Gel. Adequadas para instala\u00e7\u00e3o em po\u00e7os, canais ou diretamente enterradas ou submergidas. At\u00f3xicas, seguras, leves e reacess\u00edveis, gra\u00e7as \u00e0 flexibilidade do material isolante s\u00e3o capazes de resistir aos impactos sem apresentar rutura, fissura ou vazamento; a extrema viscosidade do isolante, juntamente com a flexibilidade que permite transmitir a press\u00e3o da \u00e1gua, admitem profundidades elevadas de instala\u00e7\u00e3o.<\/p>\n<ul>\n<li><span style=\"color: #009832;\">A junta reacess\u00edvel e inspecion\u00e1vel <\/span><\/li>\n<li><span style=\"color: #009832;\">Isolado com <em><strong>Magic Power Gel<\/strong><\/em> o inovador gel em monogarrafa auto-aglomerante<\/span><\/li>\n<li><span style=\"color: #009832;\">Para instala\u00e7\u00f5es mesmo em condi\u00e7\u00f5es extremas e a alta profundidade! <\/span><\/li>\n<li><span style=\"color: #009832;\">Extremamente aderente e vedante<\/span><\/li>\n<li><span style=\"color: #009832;\">At\u00f3xico e seguro<\/span><\/li>\n<li><span style=\"color: #009832;\">Sem validade<\/span><\/li>\n<\/ul>\n","protected":false},"excerpt":{"rendered":"<p>Junta em linha ou derivada com enchimento tipo Magic Power Gel para cabos de isolante extrudido at\u00e9 1 kV Juntas para cabos extrudidos F(R)G7OR 0.6\/1 kV. De f\u00e1cil instala\u00e7\u00e3o, s\u00e3o<span class=\"excerpt-hellip\"> [\u2026]<\/span><\/p>\n","protected":false},"featured_media":3162,"template":"","meta":[],"product_brand":[],"product_cat":[321,323,325],"product_tag":[],"class_list":{"0":"post-8225","1":"product","2":"type-product","3":"status-publish","4":"has-post-thumbnail","6":"product_cat-baixa-tensao","7":"product_cat-juntas","8":"product_cat-para-enchimento","10":"first","11":"instock","12":"taxable","13":"shipping-taxable","14":"product-type-simple"},"yoast_head":"<!-- This site is optimized with the Yoast SEO plugin v26.5 - https:\/\/yoast.com\/wordpress\/plugins\/seo\/ -->\n<title>Magic Power Joint | Raytech<\/title>\n<meta name=\"robots\" content=\"index, follow, max-snippet:-1, max-image-preview:large, max-video-preview:-1\" \/>\n<link rel=\"canonical\" href=\"https:\/\/www.raytech.it\/pt-pt\/produto\/baixa-tensao\/juntas\/para-enchimento\/magic-power-joint\" \/>\n<meta property=\"og:locale\" content=\"pt_PT\" \/>\n<meta property=\"og:type\" content=\"article\" \/>\n<meta property=\"og:title\" content=\"Magic Power Joint | Raytech\" \/>\n<meta property=\"og:description\" content=\"Junta em linha ou derivada com enchimento tipo Magic Power Gel para cabos de isolante extrudido at\u00e9 1 kV Juntas para cabos extrudidos F(R)G7OR 0.6\/1 kV. De f\u00e1cil instala\u00e7\u00e3o, s\u00e3o [\u2026]\" \/>\n<meta property=\"og:url\" content=\"https:\/\/www.raytech.it\/pt-pt\/produto\/baixa-tensao\/juntas\/para-enchimento\/magic-power-joint\" \/>\n<meta property=\"og:site_name\" content=\"Raytech\" \/>\n<meta property=\"article:publisher\" content=\"https:\/\/www.facebook.com\/RaytechItaly\" \/>\n<meta property=\"article:modified_time\" content=\"2025-02-18T14:28:28+00:00\" \/>\n<meta property=\"og:image\" content=\"https:\/\/www.raytech.it\/wp-content\/uploads\/magic-power-joint-1.jpg\" \/>\n\t<meta property=\"og:image:width\" content=\"1024\" \/>\n\t<meta property=\"og:image:height\" content=\"1024\" \/>\n\t<meta property=\"og:image:type\" content=\"image\/jpeg\" \/>\n<meta name=\"twitter:card\" content=\"summary_large_image\" \/>\n<meta name=\"twitter:label1\" content=\"Tempo estimado de leitura\" \/>\n\t<meta name=\"twitter:data1\" content=\"1 minuto\" \/>\n<script type=\"application\/ld+json\" class=\"yoast-schema-graph\">{\"@context\":\"https:\/\/schema.org\",\"@graph\":[{\"@type\":\"WebPage\",\"@id\":\"https:\/\/www.raytech.it\/pt-pt\/produto\/baixa-tensao\/juntas\/para-enchimento\/magic-power-joint\",\"url\":\"https:\/\/www.raytech.it\/pt-pt\/produto\/baixa-tensao\/juntas\/para-enchimento\/magic-power-joint\",\"name\":\"Magic Power Joint | Raytech\",\"isPartOf\":{\"@id\":\"https:\/\/www.raytech.it\/#website\"},\"primaryImageOfPage\":{\"@id\":\"https:\/\/www.raytech.it\/pt-pt\/produto\/baixa-tensao\/juntas\/para-enchimento\/magic-power-joint#primaryimage\"},\"image\":{\"@id\":\"https:\/\/www.raytech.it\/pt-pt\/produto\/baixa-tensao\/juntas\/para-enchimento\/magic-power-joint#primaryimage\"},\"thumbnailUrl\":\"https:\/\/www.raytech.it\/wp-content\/uploads\/magic-power-joint-1.jpg\",\"datePublished\":\"2016-01-18T14:33:53+00:00\",\"dateModified\":\"2025-02-18T14:28:28+00:00\",\"breadcrumb\":{\"@id\":\"https:\/\/www.raytech.it\/pt-pt\/produto\/baixa-tensao\/juntas\/para-enchimento\/magic-power-joint#breadcrumb\"},\"inLanguage\":\"pt-PT\",\"potentialAction\":[{\"@type\":\"ReadAction\",\"target\":[\"https:\/\/www.raytech.it\/pt-pt\/produto\/baixa-tensao\/juntas\/para-enchimento\/magic-power-joint\"]}]},{\"@type\":\"ImageObject\",\"inLanguage\":\"pt-PT\",\"@id\":\"https:\/\/www.raytech.it\/pt-pt\/produto\/baixa-tensao\/juntas\/para-enchimento\/magic-power-joint#primaryimage\",\"url\":\"https:\/\/www.raytech.it\/wp-content\/uploads\/magic-power-joint-1.jpg\",\"contentUrl\":\"https:\/\/www.raytech.it\/wp-content\/uploads\/magic-power-joint-1.jpg\",\"width\":1024,\"height\":1024},{\"@type\":\"BreadcrumbList\",\"@id\":\"https:\/\/www.raytech.it\/pt-pt\/produto\/baixa-tensao\/juntas\/para-enchimento\/magic-power-joint#breadcrumb\",\"itemListElement\":[{\"@type\":\"ListItem\",\"position\":1,\"name\":\"Home\",\"item\":\"https:\/\/www.raytech.it\/pt-pt\"},{\"@type\":\"ListItem\",\"position\":2,\"name\":\"Loja\",\"item\":\"https:\/\/www.raytech.it\/pt-pt\/loja\"},{\"@type\":\"ListItem\",\"position\":3,\"name\":\"Magic Power Joint\"}]},{\"@type\":\"WebSite\",\"@id\":\"https:\/\/www.raytech.it\/#website\",\"url\":\"https:\/\/www.raytech.it\/\",\"name\":\"Raytech\",\"description\":\"Cable accessories company\",\"publisher\":{\"@id\":\"https:\/\/www.raytech.it\/#organization\"},\"potentialAction\":[{\"@type\":\"SearchAction\",\"target\":{\"@type\":\"EntryPoint\",\"urlTemplate\":\"https:\/\/www.raytech.it\/?s={search_term_string}\"},\"query-input\":{\"@type\":\"PropertyValueSpecification\",\"valueRequired\":true,\"valueName\":\"search_term_string\"}}],\"inLanguage\":\"pt-PT\"},{\"@type\":\"Organization\",\"@id\":\"https:\/\/www.raytech.it\/#organization\",\"name\":\"Raytech\",\"url\":\"https:\/\/www.raytech.it\/\",\"logo\":{\"@type\":\"ImageObject\",\"inLanguage\":\"pt-PT\",\"@id\":\"https:\/\/www.raytech.it\/#\/schema\/logo\/image\/\",\"url\":\"https:\/\/www.raytech.it\/wp-content\/uploads\/logo-raytech-2019-retina-3.png\",\"contentUrl\":\"https:\/\/www.raytech.it\/wp-content\/uploads\/logo-raytech-2019-retina-3.png\",\"width\":340,\"height\":90,\"caption\":\"Raytech\"},\"image\":{\"@id\":\"https:\/\/www.raytech.it\/#\/schema\/logo\/image\/\"},\"sameAs\":[\"https:\/\/www.facebook.com\/RaytechItaly\",\"https:\/\/www.instagram.com\/raytech_italy\/\",\"https:\/\/www.youtube.com\/user\/raytechitaly\",\"https:\/\/twitter.com\/Raytech_Italy\"]}]}<\/script>\n<!-- \/ Yoast SEO plugin. -->","yoast_head_json":{"title":"Magic Power Joint | Raytech","robots":{"index":"index","follow":"follow","max-snippet":"max-snippet:-1","max-image-preview":"max-image-preview:large","max-video-preview":"max-video-preview:-1"},"canonical":"https:\/\/www.raytech.it\/pt-pt\/produto\/baixa-tensao\/juntas\/para-enchimento\/magic-power-joint","og_locale":"pt_PT","og_type":"article","og_title":"Magic Power Joint | Raytech","og_description":"Junta em linha ou derivada com enchimento tipo Magic Power Gel para cabos de isolante extrudido at\u00e9 1 kV Juntas para cabos extrudidos F(R)G7OR 0.6\/1 kV. De f\u00e1cil instala\u00e7\u00e3o, s\u00e3o [\u2026]","og_url":"https:\/\/www.raytech.it\/pt-pt\/produto\/baixa-tensao\/juntas\/para-enchimento\/magic-power-joint","og_site_name":"Raytech","article_publisher":"https:\/\/www.facebook.com\/RaytechItaly","article_modified_time":"2025-02-18T14:28:28+00:00","og_image":[{"width":1024,"height":1024,"url":"https:\/\/www.raytech.it\/wp-content\/uploads\/magic-power-joint-1.jpg","type":"image\/jpeg"}],"twitter_card":"summary_large_image","twitter_misc":{"Tempo estimado de leitura":"1 minuto"},"schema":{"@context":"https:\/\/schema.org","@graph":[{"@type":"WebPage","@id":"https:\/\/www.raytech.it\/pt-pt\/produto\/baixa-tensao\/juntas\/para-enchimento\/magic-power-joint","url":"https:\/\/www.raytech.it\/pt-pt\/produto\/baixa-tensao\/juntas\/para-enchimento\/magic-power-joint","name":"Magic Power Joint | Raytech","isPartOf":{"@id":"https:\/\/www.raytech.it\/#website"},"primaryImageOfPage":{"@id":"https:\/\/www.raytech.it\/pt-pt\/produto\/baixa-tensao\/juntas\/para-enchimento\/magic-power-joint#primaryimage"},"image":{"@id":"https:\/\/www.raytech.it\/pt-pt\/produto\/baixa-tensao\/juntas\/para-enchimento\/magic-power-joint#primaryimage"},"thumbnailUrl":"https:\/\/www.raytech.it\/wp-content\/uploads\/magic-power-joint-1.jpg","datePublished":"2016-01-18T14:33:53+00:00","dateModified":"2025-02-18T14:28:28+00:00","breadcrumb":{"@id":"https:\/\/www.raytech.it\/pt-pt\/produto\/baixa-tensao\/juntas\/para-enchimento\/magic-power-joint#breadcrumb"},"inLanguage":"pt-PT","potentialAction":[{"@type":"ReadAction","target":["https:\/\/www.raytech.it\/pt-pt\/produto\/baixa-tensao\/juntas\/para-enchimento\/magic-power-joint"]}]},{"@type":"ImageObject","inLanguage":"pt-PT","@id":"https:\/\/www.raytech.it\/pt-pt\/produto\/baixa-tensao\/juntas\/para-enchimento\/magic-power-joint#primaryimage","url":"https:\/\/www.raytech.it\/wp-content\/uploads\/magic-power-joint-1.jpg","contentUrl":"https:\/\/www.raytech.it\/wp-content\/uploads\/magic-power-joint-1.jpg","width":1024,"height":1024},{"@type":"BreadcrumbList","@id":"https:\/\/www.raytech.it\/pt-pt\/produto\/baixa-tensao\/juntas\/para-enchimento\/magic-power-joint#breadcrumb","itemListElement":[{"@type":"ListItem","position":1,"name":"Home","item":"https:\/\/www.raytech.it\/pt-pt"},{"@type":"ListItem","position":2,"name":"Loja","item":"https:\/\/www.raytech.it\/pt-pt\/loja"},{"@type":"ListItem","position":3,"name":"Magic Power Joint"}]},{"@type":"WebSite","@id":"https:\/\/www.raytech.it\/#website","url":"https:\/\/www.raytech.it\/","name":"Raytech","description":"Cable accessories company","publisher":{"@id":"https:\/\/www.raytech.it\/#organization"},"potentialAction":[{"@type":"SearchAction","target":{"@type":"EntryPoint","urlTemplate":"https:\/\/www.raytech.it\/?s={search_term_string}"},"query-input":{"@type":"PropertyValueSpecification","valueRequired":true,"valueName":"search_term_string"}}],"inLanguage":"pt-PT"},{"@type":"Organization","@id":"https:\/\/www.raytech.it\/#organization","name":"Raytech","url":"https:\/\/www.raytech.it\/","logo":{"@type":"ImageObject","inLanguage":"pt-PT","@id":"https:\/\/www.raytech.it\/#\/schema\/logo\/image\/","url":"https:\/\/www.raytech.it\/wp-content\/uploads\/logo-raytech-2019-retina-3.png","contentUrl":"https:\/\/www.raytech.it\/wp-content\/uploads\/logo-raytech-2019-retina-3.png","width":340,"height":90,"caption":"Raytech"},"image":{"@id":"https:\/\/www.raytech.it\/#\/schema\/logo\/image\/"},"sameAs":["https:\/\/www.facebook.com\/RaytechItaly","https:\/\/www.instagram.com\/raytech_italy\/","https:\/\/www.youtube.com\/user\/raytechitaly","https:\/\/twitter.com\/Raytech_Italy"]}]}},"_links":{"self":[{"href":"https:\/\/www.raytech.it\/pt-pt\/wp-json\/wp\/v2\/product\/8225","targetHints":{"allow":["GET"]}}],"collection":[{"href":"https:\/\/www.raytech.it\/pt-pt\/wp-json\/wp\/v2\/product"}],"about":[{"href":"https:\/\/www.raytech.it\/pt-pt\/wp-json\/wp\/v2\/types\/product"}],"wp:featuredmedia":[{"embeddable":true,"href":"https:\/\/www.raytech.it\/pt-pt\/wp-json\/wp\/v2\/media\/3162"}],"wp:attachment":[{"href":"https:\/\/www.raytech.it\/pt-pt\/wp-json\/wp\/v2\/media?parent=8225"}],"wp:term":[{"taxonomy":"product_brand","embeddable":true,"href":"https:\/\/www.raytech.it\/pt-pt\/wp-json\/wp\/v2\/product_brand?post=8225"},{"taxonomy":"product_cat","embeddable":true,"href":"https:\/\/www.raytech.it\/pt-pt\/wp-json\/wp\/v2\/product_cat?post=8225"},{"taxonomy":"product_tag","embeddable":true,"href":"https:\/\/www.raytech.it\/pt-pt\/wp-json\/wp\/v2\/product_tag?post=8225"}],"curies":[{"name":"wp","href":"https:\/\/api.w.org\/{rel}","templated":true}]}}