{"id":8264,"date":"2015-07-15T15:24:22","date_gmt":"2016-01-22T15:31:57","guid":{"rendered":"http:\/\/raytech.it\/?post_type=product&#038;p=8264&#038;lang=pt-pt"},"modified":"2025-02-18T17:49:46","modified_gmt":"2025-02-18T16:49:46","slug":"ray-gel","status":"publish","type":"product","link":"https:\/\/www.raytech.it\/pt-pt\/produto\/baixa-tensao\/enchimentos\/gel-pt-pt-2\/ray-gel","title":{"rendered":"Ray Gel"},"content":{"rendered":"<p>Gel de silicone bicomponente isolante, selante, re-acess\u00edvel com reticula\u00e7\u00e3o r\u00e1pida para uso em instala\u00e7\u00f5es telef\u00f3nicas, intercomunicadores e para a protec\u00e7\u00e3o de LEDs e monitores<\/p>\n<ul>\n<li><span style=\"color: #009832;\">Reticula\u00e7\u00e3o r\u00e1pida<\/span><\/li>\n<li><span style=\"color: #009832;\">Protec\u00e7\u00e3o anti-oxidante<\/span><\/li>\n<li><span style=\"color: #009832;\">Resistente \u00e0s baixas temperaturas<\/span><\/li>\n<li><span style=\"color: #009832;\">At\u00f3xico e seguro, sem validade<\/span><\/li>\n<\/ul>\n","protected":false},"excerpt":{"rendered":"<p>Gel de silicone bicomponente isolante, selante, re-acess\u00edvel com reticula\u00e7\u00e3o r\u00e1pida para uso em instala\u00e7\u00f5es telef\u00f3nicas, intercomunicadores e para a protec\u00e7\u00e3o de LEDs e monitores Reticula\u00e7\u00e3o r\u00e1pida Protec\u00e7\u00e3o anti-oxidante Resistente \u00e0s<span class=\"excerpt-hellip\"> [\u2026]<\/span><\/p>\n","protected":false},"featured_media":19266,"template":"","meta":[],"product_brand":[],"product_cat":[321,340,338],"product_tag":[],"class_list":{"0":"post-8264","1":"product","2":"type-product","3":"status-publish","4":"has-post-thumbnail","6":"product_cat-baixa-tensao","7":"product_cat-enchimentos","8":"product_cat-gel-pt-pt-2","10":"first","11":"instock","12":"taxable","13":"shipping-taxable","14":"purchasable","15":"product-type-variable"},"yoast_head":"<!-- This site is optimized with the Yoast SEO plugin v26.5 - https:\/\/yoast.com\/wordpress\/plugins\/seo\/ -->\n<title>Ray Gel | Raytech<\/title>\n<meta name=\"robots\" content=\"index, follow, max-snippet:-1, max-image-preview:large, max-video-preview:-1\" \/>\n<link rel=\"canonical\" href=\"https:\/\/www.raytech.it\/pt-pt\/produto\/baixa-tensao\/enchimentos\/gel-pt-pt-2\/ray-gel\" \/>\n<meta property=\"og:locale\" content=\"pt_PT\" \/>\n<meta property=\"og:type\" content=\"article\" \/>\n<meta property=\"og:title\" content=\"Ray Gel | Raytech\" \/>\n<meta property=\"og:description\" content=\"Gel de silicone bicomponente isolante, selante, re-acess\u00edvel com reticula\u00e7\u00e3o r\u00e1pida para uso em instala\u00e7\u00f5es telef\u00f3nicas, intercomunicadores e para a protec\u00e7\u00e3o de LEDs e monitores Reticula\u00e7\u00e3o r\u00e1pida Protec\u00e7\u00e3o anti-oxidante Resistente \u00e0s [\u2026]\" \/>\n<meta property=\"og:url\" content=\"https:\/\/www.raytech.it\/pt-pt\/produto\/baixa-tensao\/enchimentos\/gel-pt-pt-2\/ray-gel\" \/>\n<meta property=\"og:site_name\" content=\"Raytech\" \/>\n<meta property=\"article:publisher\" content=\"https:\/\/www.facebook.com\/RaytechItaly\" \/>\n<meta property=\"article:modified_time\" content=\"2025-02-18T16:49:46+00:00\" \/>\n<meta property=\"og:image\" content=\"https:\/\/www.raytech.it\/wp-content\/uploads\/raygel1.jpg\" \/>\n\t<meta property=\"og:image:width\" content=\"1024\" \/>\n\t<meta property=\"og:image:height\" content=\"1024\" \/>\n\t<meta property=\"og:image:type\" content=\"image\/jpeg\" \/>\n<meta name=\"twitter:card\" content=\"summary_large_image\" \/>\n<script type=\"application\/ld+json\" class=\"yoast-schema-graph\">{\"@context\":\"https:\/\/schema.org\",\"@graph\":[{\"@type\":\"WebPage\",\"@id\":\"https:\/\/www.raytech.it\/pt-pt\/produto\/baixa-tensao\/enchimentos\/gel-pt-pt-2\/ray-gel\",\"url\":\"https:\/\/www.raytech.it\/pt-pt\/produto\/baixa-tensao\/enchimentos\/gel-pt-pt-2\/ray-gel\",\"name\":\"Ray Gel | Raytech\",\"isPartOf\":{\"@id\":\"https:\/\/www.raytech.it\/#website\"},\"primaryImageOfPage\":{\"@id\":\"https:\/\/www.raytech.it\/pt-pt\/produto\/baixa-tensao\/enchimentos\/gel-pt-pt-2\/ray-gel#primaryimage\"},\"image\":{\"@id\":\"https:\/\/www.raytech.it\/pt-pt\/produto\/baixa-tensao\/enchimentos\/gel-pt-pt-2\/ray-gel#primaryimage\"},\"thumbnailUrl\":\"https:\/\/www.raytech.it\/wp-content\/uploads\/raygel1.jpg\",\"datePublished\":\"2016-01-22T15:31:57+00:00\",\"dateModified\":\"2025-02-18T16:49:46+00:00\",\"breadcrumb\":{\"@id\":\"https:\/\/www.raytech.it\/pt-pt\/produto\/baixa-tensao\/enchimentos\/gel-pt-pt-2\/ray-gel#breadcrumb\"},\"inLanguage\":\"pt-PT\",\"potentialAction\":[{\"@type\":\"ReadAction\",\"target\":[\"https:\/\/www.raytech.it\/pt-pt\/produto\/baixa-tensao\/enchimentos\/gel-pt-pt-2\/ray-gel\"]}]},{\"@type\":\"ImageObject\",\"inLanguage\":\"pt-PT\",\"@id\":\"https:\/\/www.raytech.it\/pt-pt\/produto\/baixa-tensao\/enchimentos\/gel-pt-pt-2\/ray-gel#primaryimage\",\"url\":\"https:\/\/www.raytech.it\/wp-content\/uploads\/raygel1.jpg\",\"contentUrl\":\"https:\/\/www.raytech.it\/wp-content\/uploads\/raygel1.jpg\",\"width\":1024,\"height\":1024},{\"@type\":\"BreadcrumbList\",\"@id\":\"https:\/\/www.raytech.it\/pt-pt\/produto\/baixa-tensao\/enchimentos\/gel-pt-pt-2\/ray-gel#breadcrumb\",\"itemListElement\":[{\"@type\":\"ListItem\",\"position\":1,\"name\":\"Home\",\"item\":\"https:\/\/www.raytech.it\/pt-pt\"},{\"@type\":\"ListItem\",\"position\":2,\"name\":\"Loja\",\"item\":\"https:\/\/www.raytech.it\/pt-pt\/loja\"},{\"@type\":\"ListItem\",\"position\":3,\"name\":\"Ray Gel\"}]},{\"@type\":\"WebSite\",\"@id\":\"https:\/\/www.raytech.it\/#website\",\"url\":\"https:\/\/www.raytech.it\/\",\"name\":\"Raytech\",\"description\":\"Cable accessories company\",\"publisher\":{\"@id\":\"https:\/\/www.raytech.it\/#organization\"},\"potentialAction\":[{\"@type\":\"SearchAction\",\"target\":{\"@type\":\"EntryPoint\",\"urlTemplate\":\"https:\/\/www.raytech.it\/?s={search_term_string}\"},\"query-input\":{\"@type\":\"PropertyValueSpecification\",\"valueRequired\":true,\"valueName\":\"search_term_string\"}}],\"inLanguage\":\"pt-PT\"},{\"@type\":\"Organization\",\"@id\":\"https:\/\/www.raytech.it\/#organization\",\"name\":\"Raytech\",\"url\":\"https:\/\/www.raytech.it\/\",\"logo\":{\"@type\":\"ImageObject\",\"inLanguage\":\"pt-PT\",\"@id\":\"https:\/\/www.raytech.it\/#\/schema\/logo\/image\/\",\"url\":\"https:\/\/www.raytech.it\/wp-content\/uploads\/logo-raytech-2019-retina-3.png\",\"contentUrl\":\"https:\/\/www.raytech.it\/wp-content\/uploads\/logo-raytech-2019-retina-3.png\",\"width\":340,\"height\":90,\"caption\":\"Raytech\"},\"image\":{\"@id\":\"https:\/\/www.raytech.it\/#\/schema\/logo\/image\/\"},\"sameAs\":[\"https:\/\/www.facebook.com\/RaytechItaly\",\"https:\/\/www.instagram.com\/raytech_italy\/\",\"https:\/\/www.youtube.com\/user\/raytechitaly\",\"https:\/\/twitter.com\/Raytech_Italy\"]}]}<\/script>\n<!-- \/ Yoast SEO plugin. -->","yoast_head_json":{"title":"Ray Gel | Raytech","robots":{"index":"index","follow":"follow","max-snippet":"max-snippet:-1","max-image-preview":"max-image-preview:large","max-video-preview":"max-video-preview:-1"},"canonical":"https:\/\/www.raytech.it\/pt-pt\/produto\/baixa-tensao\/enchimentos\/gel-pt-pt-2\/ray-gel","og_locale":"pt_PT","og_type":"article","og_title":"Ray Gel | Raytech","og_description":"Gel de silicone bicomponente isolante, selante, re-acess\u00edvel com reticula\u00e7\u00e3o r\u00e1pida para uso em instala\u00e7\u00f5es telef\u00f3nicas, intercomunicadores e para a protec\u00e7\u00e3o de LEDs e monitores Reticula\u00e7\u00e3o r\u00e1pida Protec\u00e7\u00e3o anti-oxidante Resistente \u00e0s [\u2026]","og_url":"https:\/\/www.raytech.it\/pt-pt\/produto\/baixa-tensao\/enchimentos\/gel-pt-pt-2\/ray-gel","og_site_name":"Raytech","article_publisher":"https:\/\/www.facebook.com\/RaytechItaly","article_modified_time":"2025-02-18T16:49:46+00:00","og_image":[{"width":1024,"height":1024,"url":"https:\/\/www.raytech.it\/wp-content\/uploads\/raygel1.jpg","type":"image\/jpeg"}],"twitter_card":"summary_large_image","schema":{"@context":"https:\/\/schema.org","@graph":[{"@type":"WebPage","@id":"https:\/\/www.raytech.it\/pt-pt\/produto\/baixa-tensao\/enchimentos\/gel-pt-pt-2\/ray-gel","url":"https:\/\/www.raytech.it\/pt-pt\/produto\/baixa-tensao\/enchimentos\/gel-pt-pt-2\/ray-gel","name":"Ray Gel | Raytech","isPartOf":{"@id":"https:\/\/www.raytech.it\/#website"},"primaryImageOfPage":{"@id":"https:\/\/www.raytech.it\/pt-pt\/produto\/baixa-tensao\/enchimentos\/gel-pt-pt-2\/ray-gel#primaryimage"},"image":{"@id":"https:\/\/www.raytech.it\/pt-pt\/produto\/baixa-tensao\/enchimentos\/gel-pt-pt-2\/ray-gel#primaryimage"},"thumbnailUrl":"https:\/\/www.raytech.it\/wp-content\/uploads\/raygel1.jpg","datePublished":"2016-01-22T15:31:57+00:00","dateModified":"2025-02-18T16:49:46+00:00","breadcrumb":{"@id":"https:\/\/www.raytech.it\/pt-pt\/produto\/baixa-tensao\/enchimentos\/gel-pt-pt-2\/ray-gel#breadcrumb"},"inLanguage":"pt-PT","potentialAction":[{"@type":"ReadAction","target":["https:\/\/www.raytech.it\/pt-pt\/produto\/baixa-tensao\/enchimentos\/gel-pt-pt-2\/ray-gel"]}]},{"@type":"ImageObject","inLanguage":"pt-PT","@id":"https:\/\/www.raytech.it\/pt-pt\/produto\/baixa-tensao\/enchimentos\/gel-pt-pt-2\/ray-gel#primaryimage","url":"https:\/\/www.raytech.it\/wp-content\/uploads\/raygel1.jpg","contentUrl":"https:\/\/www.raytech.it\/wp-content\/uploads\/raygel1.jpg","width":1024,"height":1024},{"@type":"BreadcrumbList","@id":"https:\/\/www.raytech.it\/pt-pt\/produto\/baixa-tensao\/enchimentos\/gel-pt-pt-2\/ray-gel#breadcrumb","itemListElement":[{"@type":"ListItem","position":1,"name":"Home","item":"https:\/\/www.raytech.it\/pt-pt"},{"@type":"ListItem","position":2,"name":"Loja","item":"https:\/\/www.raytech.it\/pt-pt\/loja"},{"@type":"ListItem","position":3,"name":"Ray Gel"}]},{"@type":"WebSite","@id":"https:\/\/www.raytech.it\/#website","url":"https:\/\/www.raytech.it\/","name":"Raytech","description":"Cable accessories company","publisher":{"@id":"https:\/\/www.raytech.it\/#organization"},"potentialAction":[{"@type":"SearchAction","target":{"@type":"EntryPoint","urlTemplate":"https:\/\/www.raytech.it\/?s={search_term_string}"},"query-input":{"@type":"PropertyValueSpecification","valueRequired":true,"valueName":"search_term_string"}}],"inLanguage":"pt-PT"},{"@type":"Organization","@id":"https:\/\/www.raytech.it\/#organization","name":"Raytech","url":"https:\/\/www.raytech.it\/","logo":{"@type":"ImageObject","inLanguage":"pt-PT","@id":"https:\/\/www.raytech.it\/#\/schema\/logo\/image\/","url":"https:\/\/www.raytech.it\/wp-content\/uploads\/logo-raytech-2019-retina-3.png","contentUrl":"https:\/\/www.raytech.it\/wp-content\/uploads\/logo-raytech-2019-retina-3.png","width":340,"height":90,"caption":"Raytech"},"image":{"@id":"https:\/\/www.raytech.it\/#\/schema\/logo\/image\/"},"sameAs":["https:\/\/www.facebook.com\/RaytechItaly","https:\/\/www.instagram.com\/raytech_italy\/","https:\/\/www.youtube.com\/user\/raytechitaly","https:\/\/twitter.com\/Raytech_Italy"]}]}},"_links":{"self":[{"href":"https:\/\/www.raytech.it\/pt-pt\/wp-json\/wp\/v2\/product\/8264","targetHints":{"allow":["GET"]}}],"collection":[{"href":"https:\/\/www.raytech.it\/pt-pt\/wp-json\/wp\/v2\/product"}],"about":[{"href":"https:\/\/www.raytech.it\/pt-pt\/wp-json\/wp\/v2\/types\/product"}],"wp:featuredmedia":[{"embeddable":true,"href":"https:\/\/www.raytech.it\/pt-pt\/wp-json\/wp\/v2\/media\/19266"}],"wp:attachment":[{"href":"https:\/\/www.raytech.it\/pt-pt\/wp-json\/wp\/v2\/media?parent=8264"}],"wp:term":[{"taxonomy":"product_brand","embeddable":true,"href":"https:\/\/www.raytech.it\/pt-pt\/wp-json\/wp\/v2\/product_brand?post=8264"},{"taxonomy":"product_cat","embeddable":true,"href":"https:\/\/www.raytech.it\/pt-pt\/wp-json\/wp\/v2\/product_cat?post=8264"},{"taxonomy":"product_tag","embeddable":true,"href":"https:\/\/www.raytech.it\/pt-pt\/wp-json\/wp\/v2\/product_tag?post=8264"}],"curies":[{"name":"wp","href":"https:\/\/api.w.org\/{rel}","templated":true}]}}