{"id":8275,"date":"2015-07-15T15:27:16","date_gmt":"2016-01-22T16:00:21","guid":{"rendered":"http:\/\/raytech.it\/?post_type=product&#038;p=8275&#038;lang=pt-pt"},"modified":"2025-02-18T14:31:18","modified_gmt":"2025-02-18T13:31:18","slug":"wonder-gel","status":"publish","type":"product","link":"https:\/\/www.raytech.it\/pt-pt\/produto\/baixa-tensao\/enchimentos\/gel-pt-pt-2\/wonder-gel","title":{"rendered":"Wonder Gel"},"content":{"rendered":"<h4><span style=\"color: #009832;\">Gel isolante mono-componente acondicionado em cartucho para a coloca\u00e7\u00e3o em seguran\u00e7a imediata das novas instala\u00e7\u00f5es e a manuten\u00e7\u00e3o de todos os tipos de conex\u00f5es el\u00e9ctricas<\/span><\/h4>\n<p>Os melhores amigos do t\u00e9cnico instalador. As conex\u00f5es el\u00e9ctricas realizadas no interior de caixas vazias est\u00e3o expostas a riscos de curto-circuito, oxida\u00e7\u00e3o e corros\u00e3o, capazes de propiciar danos irrepar\u00e1veis. Sem particulares esfor\u00e7os e tempos de espera, WonderGel e WonderGel Invisible optimizam sua tarefa, assegurando protec\u00e7\u00e3o e um elevado grau de seguran\u00e7a \u00e0s instala\u00e7\u00f5es, de acordo com as boas pr\u00e1ticas e regras,proporcionando um servi\u00e7o de m\u00e1xima qualidade, r\u00e1pido e perfeito, para a sua plena satisfa\u00e7\u00e3o e tamb\u00e9m a do consumidor final.<\/p>\n<ul>\n<li><span style=\"color: #009832;\">Prontos para o uso! J\u00e1 reticulados! Sem necessidades de misturas e prepara\u00e7\u00f5es! Sem espera!<\/span><\/li>\n<li><span style=\"color: #009832;\">Resolvem os problemas decorrentes de uma veda\u00e7\u00e3o ou isolamento inadequado<\/span><\/li>\n<li><span style=\"color: #009832;\">Eliminam os desagrad\u00e1veis interrup\u00e7\u00f5es causados pela humidade<\/span><\/li>\n<li><span style=\"color: #009832;\">Protegem sua instala\u00e7\u00e3o contra a intrus\u00e3o de insectos<\/span><\/li>\n<li><span style=\"color: #009832;\">Preservam as conex\u00f5es el\u00e9ctricas contra os fen\u00f3menos de oxida\u00e7\u00e3o e corros\u00e3o<\/span><\/li>\n<li><span style=\"color: #009832;\">Italian Utility Model<\/span><\/li>\n<\/ul>\n","protected":false},"excerpt":{"rendered":"<p>Gel isolante mono-componente acondicionado em cartucho para a coloca\u00e7\u00e3o em seguran\u00e7a imediata das novas instala\u00e7\u00f5es e a manuten\u00e7\u00e3o de todos os tipos de conex\u00f5es el\u00e9ctricas Os melhores amigos do t\u00e9cnico<span class=\"excerpt-hellip\"> [\u2026]<\/span><\/p>\n","protected":false},"featured_media":15635,"template":"","meta":[],"product_brand":[],"product_cat":[321,340,338],"product_tag":[],"class_list":{"0":"post-8275","1":"product","2":"type-product","3":"status-publish","4":"has-post-thumbnail","6":"product_cat-baixa-tensao","7":"product_cat-enchimentos","8":"product_cat-gel-pt-pt-2","10":"first","11":"instock","12":"taxable","13":"shipping-taxable","14":"purchasable","15":"product-type-variable","16":"has-default-attributes"},"yoast_head":"<!-- This site is optimized with the Yoast SEO plugin v26.5 - https:\/\/yoast.com\/wordpress\/plugins\/seo\/ -->\n<title>Wonder Gel | Raytech<\/title>\n<meta name=\"robots\" content=\"index, follow, max-snippet:-1, max-image-preview:large, max-video-preview:-1\" \/>\n<link rel=\"canonical\" href=\"https:\/\/www.raytech.it\/pt-pt\/produto\/baixa-tensao\/enchimentos\/gel-pt-pt-2\/wonder-gel\" \/>\n<meta property=\"og:locale\" content=\"pt_PT\" \/>\n<meta property=\"og:type\" content=\"article\" \/>\n<meta property=\"og:title\" content=\"Wonder Gel | Raytech\" \/>\n<meta property=\"og:description\" content=\"Gel isolante mono-componente acondicionado em cartucho para a coloca\u00e7\u00e3o em seguran\u00e7a imediata das novas instala\u00e7\u00f5es e a manuten\u00e7\u00e3o de todos os tipos de conex\u00f5es el\u00e9ctricas Os melhores amigos do t\u00e9cnico [\u2026]\" \/>\n<meta property=\"og:url\" content=\"https:\/\/www.raytech.it\/pt-pt\/produto\/baixa-tensao\/enchimentos\/gel-pt-pt-2\/wonder-gel\" \/>\n<meta property=\"og:site_name\" content=\"Raytech\" \/>\n<meta property=\"article:publisher\" content=\"https:\/\/www.facebook.com\/RaytechItaly\" \/>\n<meta property=\"article:modified_time\" content=\"2025-02-18T13:31:18+00:00\" \/>\n<meta property=\"og:image\" content=\"https:\/\/www.raytech.it\/wp-content\/uploads\/Raytech-Wonder-Gel.jpg\" \/>\n\t<meta property=\"og:image:width\" content=\"1024\" \/>\n\t<meta property=\"og:image:height\" content=\"1024\" \/>\n\t<meta property=\"og:image:type\" content=\"image\/jpeg\" \/>\n<meta name=\"twitter:card\" content=\"summary_large_image\" \/>\n<meta name=\"twitter:label1\" content=\"Tempo estimado de leitura\" \/>\n\t<meta name=\"twitter:data1\" content=\"1 minuto\" \/>\n<script type=\"application\/ld+json\" class=\"yoast-schema-graph\">{\"@context\":\"https:\/\/schema.org\",\"@graph\":[{\"@type\":\"WebPage\",\"@id\":\"https:\/\/www.raytech.it\/pt-pt\/produto\/baixa-tensao\/enchimentos\/gel-pt-pt-2\/wonder-gel\",\"url\":\"https:\/\/www.raytech.it\/pt-pt\/produto\/baixa-tensao\/enchimentos\/gel-pt-pt-2\/wonder-gel\",\"name\":\"Wonder Gel | Raytech\",\"isPartOf\":{\"@id\":\"https:\/\/www.raytech.it\/#website\"},\"primaryImageOfPage\":{\"@id\":\"https:\/\/www.raytech.it\/pt-pt\/produto\/baixa-tensao\/enchimentos\/gel-pt-pt-2\/wonder-gel#primaryimage\"},\"image\":{\"@id\":\"https:\/\/www.raytech.it\/pt-pt\/produto\/baixa-tensao\/enchimentos\/gel-pt-pt-2\/wonder-gel#primaryimage\"},\"thumbnailUrl\":\"https:\/\/www.raytech.it\/wp-content\/uploads\/Raytech-Wonder-Gel.jpg\",\"datePublished\":\"2016-01-22T16:00:21+00:00\",\"dateModified\":\"2025-02-18T13:31:18+00:00\",\"breadcrumb\":{\"@id\":\"https:\/\/www.raytech.it\/pt-pt\/produto\/baixa-tensao\/enchimentos\/gel-pt-pt-2\/wonder-gel#breadcrumb\"},\"inLanguage\":\"pt-PT\",\"potentialAction\":[{\"@type\":\"ReadAction\",\"target\":[\"https:\/\/www.raytech.it\/pt-pt\/produto\/baixa-tensao\/enchimentos\/gel-pt-pt-2\/wonder-gel\"]}]},{\"@type\":\"ImageObject\",\"inLanguage\":\"pt-PT\",\"@id\":\"https:\/\/www.raytech.it\/pt-pt\/produto\/baixa-tensao\/enchimentos\/gel-pt-pt-2\/wonder-gel#primaryimage\",\"url\":\"https:\/\/www.raytech.it\/wp-content\/uploads\/Raytech-Wonder-Gel.jpg\",\"contentUrl\":\"https:\/\/www.raytech.it\/wp-content\/uploads\/Raytech-Wonder-Gel.jpg\",\"width\":1024,\"height\":1024},{\"@type\":\"BreadcrumbList\",\"@id\":\"https:\/\/www.raytech.it\/pt-pt\/produto\/baixa-tensao\/enchimentos\/gel-pt-pt-2\/wonder-gel#breadcrumb\",\"itemListElement\":[{\"@type\":\"ListItem\",\"position\":1,\"name\":\"Home\",\"item\":\"https:\/\/www.raytech.it\/pt-pt\"},{\"@type\":\"ListItem\",\"position\":2,\"name\":\"Loja\",\"item\":\"https:\/\/www.raytech.it\/pt-pt\/loja\"},{\"@type\":\"ListItem\",\"position\":3,\"name\":\"Wonder Gel\"}]},{\"@type\":\"WebSite\",\"@id\":\"https:\/\/www.raytech.it\/#website\",\"url\":\"https:\/\/www.raytech.it\/\",\"name\":\"Raytech\",\"description\":\"Cable accessories company\",\"publisher\":{\"@id\":\"https:\/\/www.raytech.it\/#organization\"},\"potentialAction\":[{\"@type\":\"SearchAction\",\"target\":{\"@type\":\"EntryPoint\",\"urlTemplate\":\"https:\/\/www.raytech.it\/?s={search_term_string}\"},\"query-input\":{\"@type\":\"PropertyValueSpecification\",\"valueRequired\":true,\"valueName\":\"search_term_string\"}}],\"inLanguage\":\"pt-PT\"},{\"@type\":\"Organization\",\"@id\":\"https:\/\/www.raytech.it\/#organization\",\"name\":\"Raytech\",\"url\":\"https:\/\/www.raytech.it\/\",\"logo\":{\"@type\":\"ImageObject\",\"inLanguage\":\"pt-PT\",\"@id\":\"https:\/\/www.raytech.it\/#\/schema\/logo\/image\/\",\"url\":\"https:\/\/www.raytech.it\/wp-content\/uploads\/logo-raytech-2019-retina-3.png\",\"contentUrl\":\"https:\/\/www.raytech.it\/wp-content\/uploads\/logo-raytech-2019-retina-3.png\",\"width\":340,\"height\":90,\"caption\":\"Raytech\"},\"image\":{\"@id\":\"https:\/\/www.raytech.it\/#\/schema\/logo\/image\/\"},\"sameAs\":[\"https:\/\/www.facebook.com\/RaytechItaly\",\"https:\/\/www.instagram.com\/raytech_italy\/\",\"https:\/\/www.youtube.com\/user\/raytechitaly\",\"https:\/\/twitter.com\/Raytech_Italy\"]}]}<\/script>\n<!-- \/ Yoast SEO plugin. -->","yoast_head_json":{"title":"Wonder Gel | Raytech","robots":{"index":"index","follow":"follow","max-snippet":"max-snippet:-1","max-image-preview":"max-image-preview:large","max-video-preview":"max-video-preview:-1"},"canonical":"https:\/\/www.raytech.it\/pt-pt\/produto\/baixa-tensao\/enchimentos\/gel-pt-pt-2\/wonder-gel","og_locale":"pt_PT","og_type":"article","og_title":"Wonder Gel | Raytech","og_description":"Gel isolante mono-componente acondicionado em cartucho para a coloca\u00e7\u00e3o em seguran\u00e7a imediata das novas instala\u00e7\u00f5es e a manuten\u00e7\u00e3o de todos os tipos de conex\u00f5es el\u00e9ctricas Os melhores amigos do t\u00e9cnico [\u2026]","og_url":"https:\/\/www.raytech.it\/pt-pt\/produto\/baixa-tensao\/enchimentos\/gel-pt-pt-2\/wonder-gel","og_site_name":"Raytech","article_publisher":"https:\/\/www.facebook.com\/RaytechItaly","article_modified_time":"2025-02-18T13:31:18+00:00","og_image":[{"width":1024,"height":1024,"url":"https:\/\/www.raytech.it\/wp-content\/uploads\/Raytech-Wonder-Gel.jpg","type":"image\/jpeg"}],"twitter_card":"summary_large_image","twitter_misc":{"Tempo estimado de leitura":"1 minuto"},"schema":{"@context":"https:\/\/schema.org","@graph":[{"@type":"WebPage","@id":"https:\/\/www.raytech.it\/pt-pt\/produto\/baixa-tensao\/enchimentos\/gel-pt-pt-2\/wonder-gel","url":"https:\/\/www.raytech.it\/pt-pt\/produto\/baixa-tensao\/enchimentos\/gel-pt-pt-2\/wonder-gel","name":"Wonder Gel | Raytech","isPartOf":{"@id":"https:\/\/www.raytech.it\/#website"},"primaryImageOfPage":{"@id":"https:\/\/www.raytech.it\/pt-pt\/produto\/baixa-tensao\/enchimentos\/gel-pt-pt-2\/wonder-gel#primaryimage"},"image":{"@id":"https:\/\/www.raytech.it\/pt-pt\/produto\/baixa-tensao\/enchimentos\/gel-pt-pt-2\/wonder-gel#primaryimage"},"thumbnailUrl":"https:\/\/www.raytech.it\/wp-content\/uploads\/Raytech-Wonder-Gel.jpg","datePublished":"2016-01-22T16:00:21+00:00","dateModified":"2025-02-18T13:31:18+00:00","breadcrumb":{"@id":"https:\/\/www.raytech.it\/pt-pt\/produto\/baixa-tensao\/enchimentos\/gel-pt-pt-2\/wonder-gel#breadcrumb"},"inLanguage":"pt-PT","potentialAction":[{"@type":"ReadAction","target":["https:\/\/www.raytech.it\/pt-pt\/produto\/baixa-tensao\/enchimentos\/gel-pt-pt-2\/wonder-gel"]}]},{"@type":"ImageObject","inLanguage":"pt-PT","@id":"https:\/\/www.raytech.it\/pt-pt\/produto\/baixa-tensao\/enchimentos\/gel-pt-pt-2\/wonder-gel#primaryimage","url":"https:\/\/www.raytech.it\/wp-content\/uploads\/Raytech-Wonder-Gel.jpg","contentUrl":"https:\/\/www.raytech.it\/wp-content\/uploads\/Raytech-Wonder-Gel.jpg","width":1024,"height":1024},{"@type":"BreadcrumbList","@id":"https:\/\/www.raytech.it\/pt-pt\/produto\/baixa-tensao\/enchimentos\/gel-pt-pt-2\/wonder-gel#breadcrumb","itemListElement":[{"@type":"ListItem","position":1,"name":"Home","item":"https:\/\/www.raytech.it\/pt-pt"},{"@type":"ListItem","position":2,"name":"Loja","item":"https:\/\/www.raytech.it\/pt-pt\/loja"},{"@type":"ListItem","position":3,"name":"Wonder Gel"}]},{"@type":"WebSite","@id":"https:\/\/www.raytech.it\/#website","url":"https:\/\/www.raytech.it\/","name":"Raytech","description":"Cable accessories company","publisher":{"@id":"https:\/\/www.raytech.it\/#organization"},"potentialAction":[{"@type":"SearchAction","target":{"@type":"EntryPoint","urlTemplate":"https:\/\/www.raytech.it\/?s={search_term_string}"},"query-input":{"@type":"PropertyValueSpecification","valueRequired":true,"valueName":"search_term_string"}}],"inLanguage":"pt-PT"},{"@type":"Organization","@id":"https:\/\/www.raytech.it\/#organization","name":"Raytech","url":"https:\/\/www.raytech.it\/","logo":{"@type":"ImageObject","inLanguage":"pt-PT","@id":"https:\/\/www.raytech.it\/#\/schema\/logo\/image\/","url":"https:\/\/www.raytech.it\/wp-content\/uploads\/logo-raytech-2019-retina-3.png","contentUrl":"https:\/\/www.raytech.it\/wp-content\/uploads\/logo-raytech-2019-retina-3.png","width":340,"height":90,"caption":"Raytech"},"image":{"@id":"https:\/\/www.raytech.it\/#\/schema\/logo\/image\/"},"sameAs":["https:\/\/www.facebook.com\/RaytechItaly","https:\/\/www.instagram.com\/raytech_italy\/","https:\/\/www.youtube.com\/user\/raytechitaly","https:\/\/twitter.com\/Raytech_Italy"]}]}},"_links":{"self":[{"href":"https:\/\/www.raytech.it\/pt-pt\/wp-json\/wp\/v2\/product\/8275","targetHints":{"allow":["GET"]}}],"collection":[{"href":"https:\/\/www.raytech.it\/pt-pt\/wp-json\/wp\/v2\/product"}],"about":[{"href":"https:\/\/www.raytech.it\/pt-pt\/wp-json\/wp\/v2\/types\/product"}],"wp:featuredmedia":[{"embeddable":true,"href":"https:\/\/www.raytech.it\/pt-pt\/wp-json\/wp\/v2\/media\/15635"}],"wp:attachment":[{"href":"https:\/\/www.raytech.it\/pt-pt\/wp-json\/wp\/v2\/media?parent=8275"}],"wp:term":[{"taxonomy":"product_brand","embeddable":true,"href":"https:\/\/www.raytech.it\/pt-pt\/wp-json\/wp\/v2\/product_brand?post=8275"},{"taxonomy":"product_cat","embeddable":true,"href":"https:\/\/www.raytech.it\/pt-pt\/wp-json\/wp\/v2\/product_cat?post=8275"},{"taxonomy":"product_tag","embeddable":true,"href":"https:\/\/www.raytech.it\/pt-pt\/wp-json\/wp\/v2\/product_tag?post=8275"}],"curies":[{"name":"wp","href":"https:\/\/api.w.org\/{rel}","templated":true}]}}