{"id":8277,"date":"2015-07-15T15:30:06","date_gmt":"2016-01-22T16:05:04","guid":{"rendered":"http:\/\/raytech.it\/?post_type=product&#038;p=8277&#038;lang=pt-pt"},"modified":"2025-02-20T08:17:34","modified_gmt":"2025-02-20T07:17:34","slug":"wonder-fluid","status":"publish","type":"product","link":"https:\/\/www.raytech.it\/pt-pt\/produto\/baixa-tensao\/enchimentos\/gel-pt-pt-2\/wonder-fluid","title":{"rendered":"Wonder Fluid"},"content":{"rendered":"<p>Gel fluido isolante monocomponente em cartucho<\/p>\n<ul>\n<li><span style=\"color: #009832;\">Gel fluido pronto para o uso<\/span><\/li>\n<li><span style=\"color: #009832;\">Concebido para o enchimento das novas jun\u00e7\u00f5es Raytech com v\u00e1lvula de reten\u00e7\u00e3o<\/span><\/li>\n<li><span style=\"color: #009832;\">Adequado ao enchimento de caixas<\/span><\/li>\n<li><span style=\"color: #009832;\">Depois de aberto, n\u00e3o solidifica<\/span><\/li>\n<li><span style=\"color: #009832;\">N\u00e3o produz desperd\u00edcio<\/span><\/li>\n<li><span style=\"color: #009832;\">Sem validade<\/span><\/li>\n<\/ul>\n","protected":false},"excerpt":{"rendered":"<p>Gel fluido isolante monocomponente em cartucho Gel fluido pronto para o uso Concebido para o enchimento das novas jun\u00e7\u00f5es Raytech com v\u00e1lvula de reten\u00e7\u00e3o Adequado ao enchimento de caixas Depois<span class=\"excerpt-hellip\"> [\u2026]<\/span><\/p>\n","protected":false},"featured_media":18814,"template":"","meta":[],"product_brand":[],"product_cat":[321,340,338],"product_tag":[],"class_list":{"0":"post-8277","1":"product","2":"type-product","3":"status-publish","4":"has-post-thumbnail","6":"product_cat-baixa-tensao","7":"product_cat-enchimentos","8":"product_cat-gel-pt-pt-2","10":"first","11":"instock","12":"taxable","13":"shipping-taxable","14":"product-type-simple"},"yoast_head":"<!-- This site is optimized with the Yoast SEO plugin v26.5 - https:\/\/yoast.com\/wordpress\/plugins\/seo\/ -->\n<title>Wonder Fluid | Raytech<\/title>\n<meta name=\"robots\" content=\"index, follow, max-snippet:-1, max-image-preview:large, max-video-preview:-1\" \/>\n<link rel=\"canonical\" href=\"https:\/\/www.raytech.it\/pt-pt\/produto\/baixa-tensao\/enchimentos\/gel-pt-pt-2\/wonder-fluid\" \/>\n<meta property=\"og:locale\" content=\"pt_PT\" \/>\n<meta property=\"og:type\" content=\"article\" \/>\n<meta property=\"og:title\" content=\"Wonder Fluid | Raytech\" \/>\n<meta property=\"og:description\" content=\"Gel fluido isolante monocomponente em cartucho Gel fluido pronto para o uso Concebido para o enchimento das novas jun\u00e7\u00f5es Raytech com v\u00e1lvula de reten\u00e7\u00e3o Adequado ao enchimento de caixas Depois [\u2026]\" \/>\n<meta property=\"og:url\" content=\"https:\/\/www.raytech.it\/pt-pt\/produto\/baixa-tensao\/enchimentos\/gel-pt-pt-2\/wonder-fluid\" \/>\n<meta property=\"og:site_name\" content=\"Raytech\" \/>\n<meta property=\"article:publisher\" content=\"https:\/\/www.facebook.com\/RaytechItaly\" \/>\n<meta property=\"article:modified_time\" content=\"2025-02-20T07:17:34+00:00\" \/>\n<meta property=\"og:image\" content=\"https:\/\/www.raytech.it\/wp-content\/uploads\/wonder-fluid-1-1.jpg\" \/>\n\t<meta property=\"og:image:width\" content=\"1024\" \/>\n\t<meta property=\"og:image:height\" content=\"1024\" \/>\n\t<meta property=\"og:image:type\" content=\"image\/jpeg\" \/>\n<meta name=\"twitter:card\" content=\"summary_large_image\" \/>\n<script type=\"application\/ld+json\" class=\"yoast-schema-graph\">{\"@context\":\"https:\/\/schema.org\",\"@graph\":[{\"@type\":\"WebPage\",\"@id\":\"https:\/\/www.raytech.it\/pt-pt\/produto\/baixa-tensao\/enchimentos\/gel-pt-pt-2\/wonder-fluid\",\"url\":\"https:\/\/www.raytech.it\/pt-pt\/produto\/baixa-tensao\/enchimentos\/gel-pt-pt-2\/wonder-fluid\",\"name\":\"Wonder Fluid | Raytech\",\"isPartOf\":{\"@id\":\"https:\/\/www.raytech.it\/#website\"},\"primaryImageOfPage\":{\"@id\":\"https:\/\/www.raytech.it\/pt-pt\/produto\/baixa-tensao\/enchimentos\/gel-pt-pt-2\/wonder-fluid#primaryimage\"},\"image\":{\"@id\":\"https:\/\/www.raytech.it\/pt-pt\/produto\/baixa-tensao\/enchimentos\/gel-pt-pt-2\/wonder-fluid#primaryimage\"},\"thumbnailUrl\":\"https:\/\/www.raytech.it\/wp-content\/uploads\/wonder-fluid-1-1.jpg\",\"datePublished\":\"2016-01-22T16:05:04+00:00\",\"dateModified\":\"2025-02-20T07:17:34+00:00\",\"breadcrumb\":{\"@id\":\"https:\/\/www.raytech.it\/pt-pt\/produto\/baixa-tensao\/enchimentos\/gel-pt-pt-2\/wonder-fluid#breadcrumb\"},\"inLanguage\":\"pt-PT\",\"potentialAction\":[{\"@type\":\"ReadAction\",\"target\":[\"https:\/\/www.raytech.it\/pt-pt\/produto\/baixa-tensao\/enchimentos\/gel-pt-pt-2\/wonder-fluid\"]}]},{\"@type\":\"ImageObject\",\"inLanguage\":\"pt-PT\",\"@id\":\"https:\/\/www.raytech.it\/pt-pt\/produto\/baixa-tensao\/enchimentos\/gel-pt-pt-2\/wonder-fluid#primaryimage\",\"url\":\"https:\/\/www.raytech.it\/wp-content\/uploads\/wonder-fluid-1-1.jpg\",\"contentUrl\":\"https:\/\/www.raytech.it\/wp-content\/uploads\/wonder-fluid-1-1.jpg\",\"width\":1024,\"height\":1024,\"caption\":\"wonder-fluid\"},{\"@type\":\"BreadcrumbList\",\"@id\":\"https:\/\/www.raytech.it\/pt-pt\/produto\/baixa-tensao\/enchimentos\/gel-pt-pt-2\/wonder-fluid#breadcrumb\",\"itemListElement\":[{\"@type\":\"ListItem\",\"position\":1,\"name\":\"Home\",\"item\":\"https:\/\/www.raytech.it\/pt-pt\"},{\"@type\":\"ListItem\",\"position\":2,\"name\":\"Loja\",\"item\":\"https:\/\/www.raytech.it\/pt-pt\/loja\"},{\"@type\":\"ListItem\",\"position\":3,\"name\":\"Wonder Fluid\"}]},{\"@type\":\"WebSite\",\"@id\":\"https:\/\/www.raytech.it\/#website\",\"url\":\"https:\/\/www.raytech.it\/\",\"name\":\"Raytech\",\"description\":\"Cable accessories company\",\"publisher\":{\"@id\":\"https:\/\/www.raytech.it\/#organization\"},\"potentialAction\":[{\"@type\":\"SearchAction\",\"target\":{\"@type\":\"EntryPoint\",\"urlTemplate\":\"https:\/\/www.raytech.it\/?s={search_term_string}\"},\"query-input\":{\"@type\":\"PropertyValueSpecification\",\"valueRequired\":true,\"valueName\":\"search_term_string\"}}],\"inLanguage\":\"pt-PT\"},{\"@type\":\"Organization\",\"@id\":\"https:\/\/www.raytech.it\/#organization\",\"name\":\"Raytech\",\"url\":\"https:\/\/www.raytech.it\/\",\"logo\":{\"@type\":\"ImageObject\",\"inLanguage\":\"pt-PT\",\"@id\":\"https:\/\/www.raytech.it\/#\/schema\/logo\/image\/\",\"url\":\"https:\/\/www.raytech.it\/wp-content\/uploads\/logo-raytech-2019-retina-3.png\",\"contentUrl\":\"https:\/\/www.raytech.it\/wp-content\/uploads\/logo-raytech-2019-retina-3.png\",\"width\":340,\"height\":90,\"caption\":\"Raytech\"},\"image\":{\"@id\":\"https:\/\/www.raytech.it\/#\/schema\/logo\/image\/\"},\"sameAs\":[\"https:\/\/www.facebook.com\/RaytechItaly\",\"https:\/\/www.instagram.com\/raytech_italy\/\",\"https:\/\/www.youtube.com\/user\/raytechitaly\",\"https:\/\/twitter.com\/Raytech_Italy\"]}]}<\/script>\n<!-- \/ Yoast SEO plugin. -->","yoast_head_json":{"title":"Wonder Fluid | Raytech","robots":{"index":"index","follow":"follow","max-snippet":"max-snippet:-1","max-image-preview":"max-image-preview:large","max-video-preview":"max-video-preview:-1"},"canonical":"https:\/\/www.raytech.it\/pt-pt\/produto\/baixa-tensao\/enchimentos\/gel-pt-pt-2\/wonder-fluid","og_locale":"pt_PT","og_type":"article","og_title":"Wonder Fluid | Raytech","og_description":"Gel fluido isolante monocomponente em cartucho Gel fluido pronto para o uso Concebido para o enchimento das novas jun\u00e7\u00f5es Raytech com v\u00e1lvula de reten\u00e7\u00e3o Adequado ao enchimento de caixas Depois [\u2026]","og_url":"https:\/\/www.raytech.it\/pt-pt\/produto\/baixa-tensao\/enchimentos\/gel-pt-pt-2\/wonder-fluid","og_site_name":"Raytech","article_publisher":"https:\/\/www.facebook.com\/RaytechItaly","article_modified_time":"2025-02-20T07:17:34+00:00","og_image":[{"width":1024,"height":1024,"url":"https:\/\/www.raytech.it\/wp-content\/uploads\/wonder-fluid-1-1.jpg","type":"image\/jpeg"}],"twitter_card":"summary_large_image","schema":{"@context":"https:\/\/schema.org","@graph":[{"@type":"WebPage","@id":"https:\/\/www.raytech.it\/pt-pt\/produto\/baixa-tensao\/enchimentos\/gel-pt-pt-2\/wonder-fluid","url":"https:\/\/www.raytech.it\/pt-pt\/produto\/baixa-tensao\/enchimentos\/gel-pt-pt-2\/wonder-fluid","name":"Wonder Fluid | Raytech","isPartOf":{"@id":"https:\/\/www.raytech.it\/#website"},"primaryImageOfPage":{"@id":"https:\/\/www.raytech.it\/pt-pt\/produto\/baixa-tensao\/enchimentos\/gel-pt-pt-2\/wonder-fluid#primaryimage"},"image":{"@id":"https:\/\/www.raytech.it\/pt-pt\/produto\/baixa-tensao\/enchimentos\/gel-pt-pt-2\/wonder-fluid#primaryimage"},"thumbnailUrl":"https:\/\/www.raytech.it\/wp-content\/uploads\/wonder-fluid-1-1.jpg","datePublished":"2016-01-22T16:05:04+00:00","dateModified":"2025-02-20T07:17:34+00:00","breadcrumb":{"@id":"https:\/\/www.raytech.it\/pt-pt\/produto\/baixa-tensao\/enchimentos\/gel-pt-pt-2\/wonder-fluid#breadcrumb"},"inLanguage":"pt-PT","potentialAction":[{"@type":"ReadAction","target":["https:\/\/www.raytech.it\/pt-pt\/produto\/baixa-tensao\/enchimentos\/gel-pt-pt-2\/wonder-fluid"]}]},{"@type":"ImageObject","inLanguage":"pt-PT","@id":"https:\/\/www.raytech.it\/pt-pt\/produto\/baixa-tensao\/enchimentos\/gel-pt-pt-2\/wonder-fluid#primaryimage","url":"https:\/\/www.raytech.it\/wp-content\/uploads\/wonder-fluid-1-1.jpg","contentUrl":"https:\/\/www.raytech.it\/wp-content\/uploads\/wonder-fluid-1-1.jpg","width":1024,"height":1024,"caption":"wonder-fluid"},{"@type":"BreadcrumbList","@id":"https:\/\/www.raytech.it\/pt-pt\/produto\/baixa-tensao\/enchimentos\/gel-pt-pt-2\/wonder-fluid#breadcrumb","itemListElement":[{"@type":"ListItem","position":1,"name":"Home","item":"https:\/\/www.raytech.it\/pt-pt"},{"@type":"ListItem","position":2,"name":"Loja","item":"https:\/\/www.raytech.it\/pt-pt\/loja"},{"@type":"ListItem","position":3,"name":"Wonder Fluid"}]},{"@type":"WebSite","@id":"https:\/\/www.raytech.it\/#website","url":"https:\/\/www.raytech.it\/","name":"Raytech","description":"Cable accessories company","publisher":{"@id":"https:\/\/www.raytech.it\/#organization"},"potentialAction":[{"@type":"SearchAction","target":{"@type":"EntryPoint","urlTemplate":"https:\/\/www.raytech.it\/?s={search_term_string}"},"query-input":{"@type":"PropertyValueSpecification","valueRequired":true,"valueName":"search_term_string"}}],"inLanguage":"pt-PT"},{"@type":"Organization","@id":"https:\/\/www.raytech.it\/#organization","name":"Raytech","url":"https:\/\/www.raytech.it\/","logo":{"@type":"ImageObject","inLanguage":"pt-PT","@id":"https:\/\/www.raytech.it\/#\/schema\/logo\/image\/","url":"https:\/\/www.raytech.it\/wp-content\/uploads\/logo-raytech-2019-retina-3.png","contentUrl":"https:\/\/www.raytech.it\/wp-content\/uploads\/logo-raytech-2019-retina-3.png","width":340,"height":90,"caption":"Raytech"},"image":{"@id":"https:\/\/www.raytech.it\/#\/schema\/logo\/image\/"},"sameAs":["https:\/\/www.facebook.com\/RaytechItaly","https:\/\/www.instagram.com\/raytech_italy\/","https:\/\/www.youtube.com\/user\/raytechitaly","https:\/\/twitter.com\/Raytech_Italy"]}]}},"_links":{"self":[{"href":"https:\/\/www.raytech.it\/pt-pt\/wp-json\/wp\/v2\/product\/8277","targetHints":{"allow":["GET"]}}],"collection":[{"href":"https:\/\/www.raytech.it\/pt-pt\/wp-json\/wp\/v2\/product"}],"about":[{"href":"https:\/\/www.raytech.it\/pt-pt\/wp-json\/wp\/v2\/types\/product"}],"wp:featuredmedia":[{"embeddable":true,"href":"https:\/\/www.raytech.it\/pt-pt\/wp-json\/wp\/v2\/media\/18814"}],"wp:attachment":[{"href":"https:\/\/www.raytech.it\/pt-pt\/wp-json\/wp\/v2\/media?parent=8277"}],"wp:term":[{"taxonomy":"product_brand","embeddable":true,"href":"https:\/\/www.raytech.it\/pt-pt\/wp-json\/wp\/v2\/product_brand?post=8277"},{"taxonomy":"product_cat","embeddable":true,"href":"https:\/\/www.raytech.it\/pt-pt\/wp-json\/wp\/v2\/product_cat?post=8277"},{"taxonomy":"product_tag","embeddable":true,"href":"https:\/\/www.raytech.it\/pt-pt\/wp-json\/wp\/v2\/product_tag?post=8277"}],"curies":[{"name":"wp","href":"https:\/\/api.w.org\/{rel}","templated":true}]}}