{"id":8377,"date":"2015-07-16T12:55:43","date_gmt":"2016-01-26T15:38:40","guid":{"rendered":"http:\/\/raytech.it\/?post_type=product&#038;p=8377&#038;lang=pt-pt"},"modified":"2025-02-20T06:38:38","modified_gmt":"2025-02-20T05:38:38","slug":"barriera-antifiamma-in-striscia-intumescente","status":"publish","type":"product","link":"https:\/\/www.raytech.it\/pt-pt\/produto\/baixa-tensao\/barreiras-anti-chama\/barriera-antifiamma-in-striscia-intumescente","title":{"rendered":"Barreira anti fogo em tira intumescente para o fecho de passagens de tubos pl\u00e1sticos"},"content":{"rendered":"<h4><span style=\"color: #009832;\">Fire Stop Tape<br \/>\nBarreira anti fogo em tira intumescente para o fecho de passagens de tubos pl\u00e1sticos<\/span><\/h4>\n<p>Tira de correia pr\u00e9-formada intumescente com grande capacidade de expans\u00e3o para fechar as passagens de divis\u00f3rias de compartimenta\u00e7\u00e3o com tubos de pl\u00e1stico (PVC, PE, PP, Geberit etc.). \u00c9 aplicada de modo a envolver o tubo que atravessa as paredes e o aquecimento devido ao inc\u00eandio provoca a expans\u00e3o selando cada espa\u00e7o poss\u00edvel.<\/p>\n","protected":false},"excerpt":{"rendered":"<p><strong>Aprovac\u0327a\u0303o<\/strong> Classe de resiste\u0302ncia ate\u0301 EI 120 Na\u0303o to\u0301xicos e sem amianto &#8211; Em conformidade com a norma EN 1366-3<\/p>\n","protected":false},"featured_media":11706,"template":"","meta":[],"product_brand":[],"product_cat":[321,322],"product_tag":[],"class_list":{"0":"post-8377","1":"product","2":"type-product","3":"status-publish","4":"has-post-thumbnail","6":"product_cat-baixa-tensao","7":"product_cat-barreiras-anti-chama","9":"first","10":"instock","11":"taxable","12":"shipping-taxable","13":"product-type-simple"},"yoast_head":"<!-- This site is optimized with the Yoast SEO plugin v26.5 - https:\/\/yoast.com\/wordpress\/plugins\/seo\/ -->\n<title>Barreira anti fogo em tira intumescente para o fecho de passagens de tubos pl\u00e1sticos | Raytech<\/title>\n<meta name=\"robots\" content=\"index, follow, max-snippet:-1, max-image-preview:large, max-video-preview:-1\" \/>\n<link rel=\"canonical\" href=\"https:\/\/www.raytech.it\/pt-pt\/produto\/baixa-tensao\/barreiras-anti-chama\/barriera-antifiamma-in-striscia-intumescente\" \/>\n<meta property=\"og:locale\" content=\"pt_PT\" \/>\n<meta property=\"og:type\" content=\"article\" \/>\n<meta property=\"og:title\" content=\"Barreira anti fogo em tira intumescente para o fecho de passagens de tubos pl\u00e1sticos | Raytech\" \/>\n<meta property=\"og:description\" content=\"Aprovac\u0327a\u0303o Classe de resiste\u0302ncia ate\u0301 EI 120 Na\u0303o to\u0301xicos e sem amianto - Em conformidade com a norma EN 1366-3\" \/>\n<meta property=\"og:url\" content=\"https:\/\/www.raytech.it\/pt-pt\/produto\/baixa-tensao\/barreiras-anti-chama\/barriera-antifiamma-in-striscia-intumescente\" \/>\n<meta property=\"og:site_name\" content=\"Raytech\" \/>\n<meta property=\"article:publisher\" content=\"https:\/\/www.facebook.com\/RaytechItaly\" \/>\n<meta property=\"article:modified_time\" content=\"2025-02-20T05:38:38+00:00\" \/>\n<meta property=\"og:image\" content=\"https:\/\/www.raytech.it\/wp-content\/uploads\/fire-stop-tape-1.jpg\" \/>\n\t<meta property=\"og:image:width\" content=\"1024\" \/>\n\t<meta property=\"og:image:height\" content=\"1024\" \/>\n\t<meta property=\"og:image:type\" content=\"image\/jpeg\" \/>\n<meta name=\"twitter:card\" content=\"summary_large_image\" \/>\n<script type=\"application\/ld+json\" class=\"yoast-schema-graph\">{\"@context\":\"https:\/\/schema.org\",\"@graph\":[{\"@type\":\"WebPage\",\"@id\":\"https:\/\/www.raytech.it\/pt-pt\/produto\/baixa-tensao\/barreiras-anti-chama\/barriera-antifiamma-in-striscia-intumescente\",\"url\":\"https:\/\/www.raytech.it\/pt-pt\/produto\/baixa-tensao\/barreiras-anti-chama\/barriera-antifiamma-in-striscia-intumescente\",\"name\":\"Barreira anti fogo em tira intumescente para o fecho de passagens de tubos pl\u00e1sticos | Raytech\",\"isPartOf\":{\"@id\":\"https:\/\/www.raytech.it\/#website\"},\"primaryImageOfPage\":{\"@id\":\"https:\/\/www.raytech.it\/pt-pt\/produto\/baixa-tensao\/barreiras-anti-chama\/barriera-antifiamma-in-striscia-intumescente#primaryimage\"},\"image\":{\"@id\":\"https:\/\/www.raytech.it\/pt-pt\/produto\/baixa-tensao\/barreiras-anti-chama\/barriera-antifiamma-in-striscia-intumescente#primaryimage\"},\"thumbnailUrl\":\"https:\/\/www.raytech.it\/wp-content\/uploads\/fire-stop-tape-1.jpg\",\"datePublished\":\"2016-01-26T15:38:40+00:00\",\"dateModified\":\"2025-02-20T05:38:38+00:00\",\"breadcrumb\":{\"@id\":\"https:\/\/www.raytech.it\/pt-pt\/produto\/baixa-tensao\/barreiras-anti-chama\/barriera-antifiamma-in-striscia-intumescente#breadcrumb\"},\"inLanguage\":\"pt-PT\",\"potentialAction\":[{\"@type\":\"ReadAction\",\"target\":[\"https:\/\/www.raytech.it\/pt-pt\/produto\/baixa-tensao\/barreiras-anti-chama\/barriera-antifiamma-in-striscia-intumescente\"]}]},{\"@type\":\"ImageObject\",\"inLanguage\":\"pt-PT\",\"@id\":\"https:\/\/www.raytech.it\/pt-pt\/produto\/baixa-tensao\/barreiras-anti-chama\/barriera-antifiamma-in-striscia-intumescente#primaryimage\",\"url\":\"https:\/\/www.raytech.it\/wp-content\/uploads\/fire-stop-tape-1.jpg\",\"contentUrl\":\"https:\/\/www.raytech.it\/wp-content\/uploads\/fire-stop-tape-1.jpg\",\"width\":1024,\"height\":1024},{\"@type\":\"BreadcrumbList\",\"@id\":\"https:\/\/www.raytech.it\/pt-pt\/produto\/baixa-tensao\/barreiras-anti-chama\/barriera-antifiamma-in-striscia-intumescente#breadcrumb\",\"itemListElement\":[{\"@type\":\"ListItem\",\"position\":1,\"name\":\"Home\",\"item\":\"https:\/\/www.raytech.it\/pt-pt\"},{\"@type\":\"ListItem\",\"position\":2,\"name\":\"Loja\",\"item\":\"https:\/\/www.raytech.it\/pt-pt\/loja\"},{\"@type\":\"ListItem\",\"position\":3,\"name\":\"Barreira anti fogo em tira intumescente para o fecho de passagens de tubos pl\u00e1sticos\"}]},{\"@type\":\"WebSite\",\"@id\":\"https:\/\/www.raytech.it\/#website\",\"url\":\"https:\/\/www.raytech.it\/\",\"name\":\"Raytech\",\"description\":\"Cable accessories company\",\"publisher\":{\"@id\":\"https:\/\/www.raytech.it\/#organization\"},\"potentialAction\":[{\"@type\":\"SearchAction\",\"target\":{\"@type\":\"EntryPoint\",\"urlTemplate\":\"https:\/\/www.raytech.it\/?s={search_term_string}\"},\"query-input\":{\"@type\":\"PropertyValueSpecification\",\"valueRequired\":true,\"valueName\":\"search_term_string\"}}],\"inLanguage\":\"pt-PT\"},{\"@type\":\"Organization\",\"@id\":\"https:\/\/www.raytech.it\/#organization\",\"name\":\"Raytech\",\"url\":\"https:\/\/www.raytech.it\/\",\"logo\":{\"@type\":\"ImageObject\",\"inLanguage\":\"pt-PT\",\"@id\":\"https:\/\/www.raytech.it\/#\/schema\/logo\/image\/\",\"url\":\"https:\/\/www.raytech.it\/wp-content\/uploads\/logo-raytech-2019-retina-3.png\",\"contentUrl\":\"https:\/\/www.raytech.it\/wp-content\/uploads\/logo-raytech-2019-retina-3.png\",\"width\":340,\"height\":90,\"caption\":\"Raytech\"},\"image\":{\"@id\":\"https:\/\/www.raytech.it\/#\/schema\/logo\/image\/\"},\"sameAs\":[\"https:\/\/www.facebook.com\/RaytechItaly\",\"https:\/\/www.instagram.com\/raytech_italy\/\",\"https:\/\/www.youtube.com\/user\/raytechitaly\",\"https:\/\/twitter.com\/Raytech_Italy\"]}]}<\/script>\n<!-- \/ Yoast SEO plugin. -->","yoast_head_json":{"title":"Barreira anti fogo em tira intumescente para o fecho de passagens de tubos pl\u00e1sticos | Raytech","robots":{"index":"index","follow":"follow","max-snippet":"max-snippet:-1","max-image-preview":"max-image-preview:large","max-video-preview":"max-video-preview:-1"},"canonical":"https:\/\/www.raytech.it\/pt-pt\/produto\/baixa-tensao\/barreiras-anti-chama\/barriera-antifiamma-in-striscia-intumescente","og_locale":"pt_PT","og_type":"article","og_title":"Barreira anti fogo em tira intumescente para o fecho de passagens de tubos pl\u00e1sticos | Raytech","og_description":"Aprovac\u0327a\u0303o Classe de resiste\u0302ncia ate\u0301 EI 120 Na\u0303o to\u0301xicos e sem amianto - Em conformidade com a norma EN 1366-3","og_url":"https:\/\/www.raytech.it\/pt-pt\/produto\/baixa-tensao\/barreiras-anti-chama\/barriera-antifiamma-in-striscia-intumescente","og_site_name":"Raytech","article_publisher":"https:\/\/www.facebook.com\/RaytechItaly","article_modified_time":"2025-02-20T05:38:38+00:00","og_image":[{"width":1024,"height":1024,"url":"https:\/\/www.raytech.it\/wp-content\/uploads\/fire-stop-tape-1.jpg","type":"image\/jpeg"}],"twitter_card":"summary_large_image","schema":{"@context":"https:\/\/schema.org","@graph":[{"@type":"WebPage","@id":"https:\/\/www.raytech.it\/pt-pt\/produto\/baixa-tensao\/barreiras-anti-chama\/barriera-antifiamma-in-striscia-intumescente","url":"https:\/\/www.raytech.it\/pt-pt\/produto\/baixa-tensao\/barreiras-anti-chama\/barriera-antifiamma-in-striscia-intumescente","name":"Barreira anti fogo em tira intumescente para o fecho de passagens de tubos pl\u00e1sticos | Raytech","isPartOf":{"@id":"https:\/\/www.raytech.it\/#website"},"primaryImageOfPage":{"@id":"https:\/\/www.raytech.it\/pt-pt\/produto\/baixa-tensao\/barreiras-anti-chama\/barriera-antifiamma-in-striscia-intumescente#primaryimage"},"image":{"@id":"https:\/\/www.raytech.it\/pt-pt\/produto\/baixa-tensao\/barreiras-anti-chama\/barriera-antifiamma-in-striscia-intumescente#primaryimage"},"thumbnailUrl":"https:\/\/www.raytech.it\/wp-content\/uploads\/fire-stop-tape-1.jpg","datePublished":"2016-01-26T15:38:40+00:00","dateModified":"2025-02-20T05:38:38+00:00","breadcrumb":{"@id":"https:\/\/www.raytech.it\/pt-pt\/produto\/baixa-tensao\/barreiras-anti-chama\/barriera-antifiamma-in-striscia-intumescente#breadcrumb"},"inLanguage":"pt-PT","potentialAction":[{"@type":"ReadAction","target":["https:\/\/www.raytech.it\/pt-pt\/produto\/baixa-tensao\/barreiras-anti-chama\/barriera-antifiamma-in-striscia-intumescente"]}]},{"@type":"ImageObject","inLanguage":"pt-PT","@id":"https:\/\/www.raytech.it\/pt-pt\/produto\/baixa-tensao\/barreiras-anti-chama\/barriera-antifiamma-in-striscia-intumescente#primaryimage","url":"https:\/\/www.raytech.it\/wp-content\/uploads\/fire-stop-tape-1.jpg","contentUrl":"https:\/\/www.raytech.it\/wp-content\/uploads\/fire-stop-tape-1.jpg","width":1024,"height":1024},{"@type":"BreadcrumbList","@id":"https:\/\/www.raytech.it\/pt-pt\/produto\/baixa-tensao\/barreiras-anti-chama\/barriera-antifiamma-in-striscia-intumescente#breadcrumb","itemListElement":[{"@type":"ListItem","position":1,"name":"Home","item":"https:\/\/www.raytech.it\/pt-pt"},{"@type":"ListItem","position":2,"name":"Loja","item":"https:\/\/www.raytech.it\/pt-pt\/loja"},{"@type":"ListItem","position":3,"name":"Barreira anti fogo em tira intumescente para o fecho de passagens de tubos pl\u00e1sticos"}]},{"@type":"WebSite","@id":"https:\/\/www.raytech.it\/#website","url":"https:\/\/www.raytech.it\/","name":"Raytech","description":"Cable accessories company","publisher":{"@id":"https:\/\/www.raytech.it\/#organization"},"potentialAction":[{"@type":"SearchAction","target":{"@type":"EntryPoint","urlTemplate":"https:\/\/www.raytech.it\/?s={search_term_string}"},"query-input":{"@type":"PropertyValueSpecification","valueRequired":true,"valueName":"search_term_string"}}],"inLanguage":"pt-PT"},{"@type":"Organization","@id":"https:\/\/www.raytech.it\/#organization","name":"Raytech","url":"https:\/\/www.raytech.it\/","logo":{"@type":"ImageObject","inLanguage":"pt-PT","@id":"https:\/\/www.raytech.it\/#\/schema\/logo\/image\/","url":"https:\/\/www.raytech.it\/wp-content\/uploads\/logo-raytech-2019-retina-3.png","contentUrl":"https:\/\/www.raytech.it\/wp-content\/uploads\/logo-raytech-2019-retina-3.png","width":340,"height":90,"caption":"Raytech"},"image":{"@id":"https:\/\/www.raytech.it\/#\/schema\/logo\/image\/"},"sameAs":["https:\/\/www.facebook.com\/RaytechItaly","https:\/\/www.instagram.com\/raytech_italy\/","https:\/\/www.youtube.com\/user\/raytechitaly","https:\/\/twitter.com\/Raytech_Italy"]}]}},"_links":{"self":[{"href":"https:\/\/www.raytech.it\/pt-pt\/wp-json\/wp\/v2\/product\/8377","targetHints":{"allow":["GET"]}}],"collection":[{"href":"https:\/\/www.raytech.it\/pt-pt\/wp-json\/wp\/v2\/product"}],"about":[{"href":"https:\/\/www.raytech.it\/pt-pt\/wp-json\/wp\/v2\/types\/product"}],"wp:featuredmedia":[{"embeddable":true,"href":"https:\/\/www.raytech.it\/pt-pt\/wp-json\/wp\/v2\/media\/11706"}],"wp:attachment":[{"href":"https:\/\/www.raytech.it\/pt-pt\/wp-json\/wp\/v2\/media?parent=8377"}],"wp:term":[{"taxonomy":"product_brand","embeddable":true,"href":"https:\/\/www.raytech.it\/pt-pt\/wp-json\/wp\/v2\/product_brand?post=8377"},{"taxonomy":"product_cat","embeddable":true,"href":"https:\/\/www.raytech.it\/pt-pt\/wp-json\/wp\/v2\/product_cat?post=8377"},{"taxonomy":"product_tag","embeddable":true,"href":"https:\/\/www.raytech.it\/pt-pt\/wp-json\/wp\/v2\/product_tag?post=8377"}],"curies":[{"name":"wp","href":"https:\/\/api.w.org\/{rel}","templated":true}]}}