{"id":8381,"date":"2015-07-16T13:02:46","date_gmt":"2016-01-26T15:54:19","guid":{"rendered":"http:\/\/raytech.it\/?post_type=product&#038;p=8381&#038;lang=pt-pt"},"modified":"2025-02-18T20:45:33","modified_gmt":"2025-02-18T19:45:33","slug":"barreira-anti-fogo-em-reboco-a-prova-de-fogo","status":"publish","type":"product","link":"https:\/\/www.raytech.it\/pt-pt\/produto\/baixa-tensao\/barreiras-anti-chama\/barreira-anti-fogo-em-reboco-a-prova-de-fogo","title":{"rendered":"Barreira anti fogo em reboco \u00e0 prova de fogo"},"content":{"rendered":"<h4><span style=\"color: #009832;\">FSM<br \/>\nBarreira anti fogo em reboco \u00e0 prova de fogo<\/span><\/h4>\n<p>Barreira anti-chama em betume incombust\u00edvel para o tamponamento e a veda\u00e7\u00e3o ao fogo de v\u00e3os de passagem de divis\u00f3rias de compartimenta\u00e7\u00e3o, aplic\u00e1vel com esp\u00e1tula ou por jacto. F\u00e1cil de misturar em grandes quantidades na betoneira.<\/p>\n<ul>\n<li><span style=\"color: #009832;\">Embalado com fibras minerais <\/span><\/li>\n<li><span style=\"color: #009832;\">Mistura-se exclusivamente com \u00e1gua e com o uso de betoneiras<\/span><\/li>\n<li><span style=\"color: #009832;\">Depois de instalado, \u00e9 sens\u00edvel \u00e0 humidade<\/span><\/li>\n<\/ul>\n","protected":false},"excerpt":{"rendered":"<p>FSM Barreira anti fogo em reboco \u00e0 prova de fogo Barreira anti-chama em betume incombust\u00edvel para o tamponamento e a veda\u00e7\u00e3o ao fogo de v\u00e3os de passagem de divis\u00f3rias de<span class=\"excerpt-hellip\"> [\u2026]<\/span><\/p>\n","protected":false},"featured_media":1560,"template":"","meta":[],"product_brand":[],"product_cat":[321,322],"product_tag":[],"class_list":{"0":"post-8381","1":"product","2":"type-product","3":"status-publish","4":"has-post-thumbnail","6":"product_cat-baixa-tensao","7":"product_cat-barreiras-anti-chama","9":"first","10":"instock","11":"taxable","12":"shipping-taxable","13":"product-type-simple"},"yoast_head":"<!-- This site is optimized with the Yoast SEO plugin v26.5 - https:\/\/yoast.com\/wordpress\/plugins\/seo\/ -->\n<title>Barreira anti fogo em reboco \u00e0 prova de fogo | Raytech<\/title>\n<meta name=\"robots\" content=\"index, follow, max-snippet:-1, max-image-preview:large, max-video-preview:-1\" \/>\n<link rel=\"canonical\" href=\"https:\/\/www.raytech.it\/pt-pt\/produto\/baixa-tensao\/barreiras-anti-chama\/barreira-anti-fogo-em-reboco-a-prova-de-fogo\" \/>\n<meta property=\"og:locale\" content=\"pt_PT\" \/>\n<meta property=\"og:type\" content=\"article\" \/>\n<meta property=\"og:title\" content=\"Barreira anti fogo em reboco \u00e0 prova de fogo | Raytech\" \/>\n<meta property=\"og:description\" content=\"FSM Barreira anti fogo em reboco \u00e0 prova de fogo Barreira anti-chama em betume incombust\u00edvel para o tamponamento e a veda\u00e7\u00e3o ao fogo de v\u00e3os de passagem de divis\u00f3rias de [\u2026]\" \/>\n<meta property=\"og:url\" content=\"https:\/\/www.raytech.it\/pt-pt\/produto\/baixa-tensao\/barreiras-anti-chama\/barreira-anti-fogo-em-reboco-a-prova-de-fogo\" \/>\n<meta property=\"og:site_name\" content=\"Raytech\" \/>\n<meta property=\"article:publisher\" content=\"https:\/\/www.facebook.com\/RaytechItaly\" \/>\n<meta property=\"article:modified_time\" content=\"2025-02-18T19:45:33+00:00\" \/>\n<meta property=\"og:image\" content=\"https:\/\/www.raytech.it\/wp-content\/uploads\/fsm.jpg\" \/>\n\t<meta property=\"og:image:width\" content=\"500\" \/>\n\t<meta property=\"og:image:height\" content=\"500\" \/>\n\t<meta property=\"og:image:type\" content=\"image\/jpeg\" \/>\n<meta name=\"twitter:card\" content=\"summary_large_image\" \/>\n<script type=\"application\/ld+json\" class=\"yoast-schema-graph\">{\"@context\":\"https:\/\/schema.org\",\"@graph\":[{\"@type\":\"WebPage\",\"@id\":\"https:\/\/www.raytech.it\/pt-pt\/produto\/baixa-tensao\/barreiras-anti-chama\/barreira-anti-fogo-em-reboco-a-prova-de-fogo\",\"url\":\"https:\/\/www.raytech.it\/pt-pt\/produto\/baixa-tensao\/barreiras-anti-chama\/barreira-anti-fogo-em-reboco-a-prova-de-fogo\",\"name\":\"Barreira anti fogo em reboco \u00e0 prova de fogo | Raytech\",\"isPartOf\":{\"@id\":\"https:\/\/www.raytech.it\/#website\"},\"primaryImageOfPage\":{\"@id\":\"https:\/\/www.raytech.it\/pt-pt\/produto\/baixa-tensao\/barreiras-anti-chama\/barreira-anti-fogo-em-reboco-a-prova-de-fogo#primaryimage\"},\"image\":{\"@id\":\"https:\/\/www.raytech.it\/pt-pt\/produto\/baixa-tensao\/barreiras-anti-chama\/barreira-anti-fogo-em-reboco-a-prova-de-fogo#primaryimage\"},\"thumbnailUrl\":\"https:\/\/www.raytech.it\/wp-content\/uploads\/fsm.jpg\",\"datePublished\":\"2016-01-26T15:54:19+00:00\",\"dateModified\":\"2025-02-18T19:45:33+00:00\",\"breadcrumb\":{\"@id\":\"https:\/\/www.raytech.it\/pt-pt\/produto\/baixa-tensao\/barreiras-anti-chama\/barreira-anti-fogo-em-reboco-a-prova-de-fogo#breadcrumb\"},\"inLanguage\":\"pt-PT\",\"potentialAction\":[{\"@type\":\"ReadAction\",\"target\":[\"https:\/\/www.raytech.it\/pt-pt\/produto\/baixa-tensao\/barreiras-anti-chama\/barreira-anti-fogo-em-reboco-a-prova-de-fogo\"]}]},{\"@type\":\"ImageObject\",\"inLanguage\":\"pt-PT\",\"@id\":\"https:\/\/www.raytech.it\/pt-pt\/produto\/baixa-tensao\/barreiras-anti-chama\/barreira-anti-fogo-em-reboco-a-prova-de-fogo#primaryimage\",\"url\":\"https:\/\/www.raytech.it\/wp-content\/uploads\/fsm.jpg\",\"contentUrl\":\"https:\/\/www.raytech.it\/wp-content\/uploads\/fsm.jpg\",\"width\":500,\"height\":500},{\"@type\":\"BreadcrumbList\",\"@id\":\"https:\/\/www.raytech.it\/pt-pt\/produto\/baixa-tensao\/barreiras-anti-chama\/barreira-anti-fogo-em-reboco-a-prova-de-fogo#breadcrumb\",\"itemListElement\":[{\"@type\":\"ListItem\",\"position\":1,\"name\":\"Home\",\"item\":\"https:\/\/www.raytech.it\/pt-pt\"},{\"@type\":\"ListItem\",\"position\":2,\"name\":\"Loja\",\"item\":\"https:\/\/www.raytech.it\/pt-pt\/loja\"},{\"@type\":\"ListItem\",\"position\":3,\"name\":\"Barreira anti fogo em reboco \u00e0 prova de fogo\"}]},{\"@type\":\"WebSite\",\"@id\":\"https:\/\/www.raytech.it\/#website\",\"url\":\"https:\/\/www.raytech.it\/\",\"name\":\"Raytech\",\"description\":\"Cable accessories company\",\"publisher\":{\"@id\":\"https:\/\/www.raytech.it\/#organization\"},\"potentialAction\":[{\"@type\":\"SearchAction\",\"target\":{\"@type\":\"EntryPoint\",\"urlTemplate\":\"https:\/\/www.raytech.it\/?s={search_term_string}\"},\"query-input\":{\"@type\":\"PropertyValueSpecification\",\"valueRequired\":true,\"valueName\":\"search_term_string\"}}],\"inLanguage\":\"pt-PT\"},{\"@type\":\"Organization\",\"@id\":\"https:\/\/www.raytech.it\/#organization\",\"name\":\"Raytech\",\"url\":\"https:\/\/www.raytech.it\/\",\"logo\":{\"@type\":\"ImageObject\",\"inLanguage\":\"pt-PT\",\"@id\":\"https:\/\/www.raytech.it\/#\/schema\/logo\/image\/\",\"url\":\"https:\/\/www.raytech.it\/wp-content\/uploads\/logo-raytech-2019-retina-3.png\",\"contentUrl\":\"https:\/\/www.raytech.it\/wp-content\/uploads\/logo-raytech-2019-retina-3.png\",\"width\":340,\"height\":90,\"caption\":\"Raytech\"},\"image\":{\"@id\":\"https:\/\/www.raytech.it\/#\/schema\/logo\/image\/\"},\"sameAs\":[\"https:\/\/www.facebook.com\/RaytechItaly\",\"https:\/\/www.instagram.com\/raytech_italy\/\",\"https:\/\/www.youtube.com\/user\/raytechitaly\",\"https:\/\/twitter.com\/Raytech_Italy\"]}]}<\/script>\n<!-- \/ Yoast SEO plugin. -->","yoast_head_json":{"title":"Barreira anti fogo em reboco \u00e0 prova de fogo | Raytech","robots":{"index":"index","follow":"follow","max-snippet":"max-snippet:-1","max-image-preview":"max-image-preview:large","max-video-preview":"max-video-preview:-1"},"canonical":"https:\/\/www.raytech.it\/pt-pt\/produto\/baixa-tensao\/barreiras-anti-chama\/barreira-anti-fogo-em-reboco-a-prova-de-fogo","og_locale":"pt_PT","og_type":"article","og_title":"Barreira anti fogo em reboco \u00e0 prova de fogo | Raytech","og_description":"FSM Barreira anti fogo em reboco \u00e0 prova de fogo Barreira anti-chama em betume incombust\u00edvel para o tamponamento e a veda\u00e7\u00e3o ao fogo de v\u00e3os de passagem de divis\u00f3rias de [\u2026]","og_url":"https:\/\/www.raytech.it\/pt-pt\/produto\/baixa-tensao\/barreiras-anti-chama\/barreira-anti-fogo-em-reboco-a-prova-de-fogo","og_site_name":"Raytech","article_publisher":"https:\/\/www.facebook.com\/RaytechItaly","article_modified_time":"2025-02-18T19:45:33+00:00","og_image":[{"width":500,"height":500,"url":"https:\/\/www.raytech.it\/wp-content\/uploads\/fsm.jpg","type":"image\/jpeg"}],"twitter_card":"summary_large_image","schema":{"@context":"https:\/\/schema.org","@graph":[{"@type":"WebPage","@id":"https:\/\/www.raytech.it\/pt-pt\/produto\/baixa-tensao\/barreiras-anti-chama\/barreira-anti-fogo-em-reboco-a-prova-de-fogo","url":"https:\/\/www.raytech.it\/pt-pt\/produto\/baixa-tensao\/barreiras-anti-chama\/barreira-anti-fogo-em-reboco-a-prova-de-fogo","name":"Barreira anti fogo em reboco \u00e0 prova de fogo | Raytech","isPartOf":{"@id":"https:\/\/www.raytech.it\/#website"},"primaryImageOfPage":{"@id":"https:\/\/www.raytech.it\/pt-pt\/produto\/baixa-tensao\/barreiras-anti-chama\/barreira-anti-fogo-em-reboco-a-prova-de-fogo#primaryimage"},"image":{"@id":"https:\/\/www.raytech.it\/pt-pt\/produto\/baixa-tensao\/barreiras-anti-chama\/barreira-anti-fogo-em-reboco-a-prova-de-fogo#primaryimage"},"thumbnailUrl":"https:\/\/www.raytech.it\/wp-content\/uploads\/fsm.jpg","datePublished":"2016-01-26T15:54:19+00:00","dateModified":"2025-02-18T19:45:33+00:00","breadcrumb":{"@id":"https:\/\/www.raytech.it\/pt-pt\/produto\/baixa-tensao\/barreiras-anti-chama\/barreira-anti-fogo-em-reboco-a-prova-de-fogo#breadcrumb"},"inLanguage":"pt-PT","potentialAction":[{"@type":"ReadAction","target":["https:\/\/www.raytech.it\/pt-pt\/produto\/baixa-tensao\/barreiras-anti-chama\/barreira-anti-fogo-em-reboco-a-prova-de-fogo"]}]},{"@type":"ImageObject","inLanguage":"pt-PT","@id":"https:\/\/www.raytech.it\/pt-pt\/produto\/baixa-tensao\/barreiras-anti-chama\/barreira-anti-fogo-em-reboco-a-prova-de-fogo#primaryimage","url":"https:\/\/www.raytech.it\/wp-content\/uploads\/fsm.jpg","contentUrl":"https:\/\/www.raytech.it\/wp-content\/uploads\/fsm.jpg","width":500,"height":500},{"@type":"BreadcrumbList","@id":"https:\/\/www.raytech.it\/pt-pt\/produto\/baixa-tensao\/barreiras-anti-chama\/barreira-anti-fogo-em-reboco-a-prova-de-fogo#breadcrumb","itemListElement":[{"@type":"ListItem","position":1,"name":"Home","item":"https:\/\/www.raytech.it\/pt-pt"},{"@type":"ListItem","position":2,"name":"Loja","item":"https:\/\/www.raytech.it\/pt-pt\/loja"},{"@type":"ListItem","position":3,"name":"Barreira anti fogo em reboco \u00e0 prova de fogo"}]},{"@type":"WebSite","@id":"https:\/\/www.raytech.it\/#website","url":"https:\/\/www.raytech.it\/","name":"Raytech","description":"Cable accessories company","publisher":{"@id":"https:\/\/www.raytech.it\/#organization"},"potentialAction":[{"@type":"SearchAction","target":{"@type":"EntryPoint","urlTemplate":"https:\/\/www.raytech.it\/?s={search_term_string}"},"query-input":{"@type":"PropertyValueSpecification","valueRequired":true,"valueName":"search_term_string"}}],"inLanguage":"pt-PT"},{"@type":"Organization","@id":"https:\/\/www.raytech.it\/#organization","name":"Raytech","url":"https:\/\/www.raytech.it\/","logo":{"@type":"ImageObject","inLanguage":"pt-PT","@id":"https:\/\/www.raytech.it\/#\/schema\/logo\/image\/","url":"https:\/\/www.raytech.it\/wp-content\/uploads\/logo-raytech-2019-retina-3.png","contentUrl":"https:\/\/www.raytech.it\/wp-content\/uploads\/logo-raytech-2019-retina-3.png","width":340,"height":90,"caption":"Raytech"},"image":{"@id":"https:\/\/www.raytech.it\/#\/schema\/logo\/image\/"},"sameAs":["https:\/\/www.facebook.com\/RaytechItaly","https:\/\/www.instagram.com\/raytech_italy\/","https:\/\/www.youtube.com\/user\/raytechitaly","https:\/\/twitter.com\/Raytech_Italy"]}]}},"_links":{"self":[{"href":"https:\/\/www.raytech.it\/pt-pt\/wp-json\/wp\/v2\/product\/8381","targetHints":{"allow":["GET"]}}],"collection":[{"href":"https:\/\/www.raytech.it\/pt-pt\/wp-json\/wp\/v2\/product"}],"about":[{"href":"https:\/\/www.raytech.it\/pt-pt\/wp-json\/wp\/v2\/types\/product"}],"wp:featuredmedia":[{"embeddable":true,"href":"https:\/\/www.raytech.it\/pt-pt\/wp-json\/wp\/v2\/media\/1560"}],"wp:attachment":[{"href":"https:\/\/www.raytech.it\/pt-pt\/wp-json\/wp\/v2\/media?parent=8381"}],"wp:term":[{"taxonomy":"product_brand","embeddable":true,"href":"https:\/\/www.raytech.it\/pt-pt\/wp-json\/wp\/v2\/product_brand?post=8381"},{"taxonomy":"product_cat","embeddable":true,"href":"https:\/\/www.raytech.it\/pt-pt\/wp-json\/wp\/v2\/product_cat?post=8381"},{"taxonomy":"product_tag","embeddable":true,"href":"https:\/\/www.raytech.it\/pt-pt\/wp-json\/wp\/v2\/product_tag?post=8381"}],"curies":[{"name":"wp","href":"https:\/\/api.w.org\/{rel}","templated":true}]}}