{"id":8386,"date":"2015-07-16T13:13:08","date_gmt":"2016-01-26T16:21:19","guid":{"rendered":"http:\/\/raytech.it\/?post_type=product&#038;p=8386&#038;lang=pt-pt"},"modified":"2025-02-19T17:49:09","modified_gmt":"2025-02-19T16:49:09","slug":"barreira-de-protecao-para-tubos-metalicos-em-colchao","status":"publish","type":"product","link":"https:\/\/www.raytech.it\/pt-pt\/produto\/baixa-tensao\/barreiras-anti-chama\/barreira-de-protecao-para-tubos-metalicos-em-colchao","title":{"rendered":"Barreira de prote\u00e7\u00e3o para tubos met\u00e1licos em colch\u00e3o"},"content":{"rendered":"<h4><span style=\"color: #009832;\">FSCO T110<br \/>\nBarreira de prote\u00e7\u00e3o para tubos met\u00e1licos em colch\u00e3o<\/span><\/h4>\n<p>A barreira FSCO T110 \u00e9 composta por um colch\u00e3o flex\u00edvel e facilmente mold\u00e1vel, altamente resistente ao fogo. \u00c9 revestida por uma folha de alum\u00ednio e protege tubos met\u00e1licos, isolados ou n\u00e3o isolados, nos atravessamentos das paredes. Pode ser cortada e moldada facilmente. \u00c9 enrolada numa \u00fanica camada em volta do tubo, fecha-se com fita aluminizada autocolante.<\/p>\n<p>Protege os tubos met\u00e1licos que atravessam paredes ou placas, evitando a transmiss\u00e3o longitudinal de calor e a fus\u00e3o de eventuais isolamentos.<\/p>\n<ul>\n<li><span style=\"color: #009832;\">Composto por fibras sem resinas nem ligantes org\u00e2nicos<\/span><\/li>\n<li><span style=\"color: #009832;\">Para paredes com pelo menos 125 mm de espessura<\/span><\/li>\n<\/ul>\n","protected":false},"excerpt":{"rendered":"<p>FSCO T110 Barreira de prote\u00e7\u00e3o para tubos met\u00e1licos em colch\u00e3o A barreira FSCO T110 \u00e9 composta por um colch\u00e3o flex\u00edvel e facilmente mold\u00e1vel, altamente resistente ao fogo. \u00c9 revestida por<span class=\"excerpt-hellip\"> [\u2026]<\/span><\/p>\n","protected":false},"featured_media":1595,"template":"","meta":[],"product_brand":[],"product_cat":[321,322],"product_tag":[],"class_list":{"0":"post-8386","1":"product","2":"type-product","3":"status-publish","4":"has-post-thumbnail","6":"product_cat-baixa-tensao","7":"product_cat-barreiras-anti-chama","9":"first","10":"instock","11":"taxable","12":"shipping-taxable","13":"product-type-simple"},"yoast_head":"<!-- This site is optimized with the Yoast SEO plugin v26.5 - https:\/\/yoast.com\/wordpress\/plugins\/seo\/ -->\n<title>Barreira de prote\u00e7\u00e3o para tubos met\u00e1licos em colch\u00e3o | Raytech<\/title>\n<meta name=\"robots\" content=\"index, follow, max-snippet:-1, max-image-preview:large, max-video-preview:-1\" \/>\n<link rel=\"canonical\" href=\"https:\/\/www.raytech.it\/pt-pt\/produto\/baixa-tensao\/barreiras-anti-chama\/barreira-de-protecao-para-tubos-metalicos-em-colchao\" \/>\n<meta property=\"og:locale\" content=\"pt_PT\" \/>\n<meta property=\"og:type\" content=\"article\" \/>\n<meta property=\"og:title\" content=\"Barreira de prote\u00e7\u00e3o para tubos met\u00e1licos em colch\u00e3o | Raytech\" \/>\n<meta property=\"og:description\" content=\"FSCO T110 Barreira de prote\u00e7\u00e3o para tubos met\u00e1licos em colch\u00e3o A barreira FSCO T110 \u00e9 composta por um colch\u00e3o flex\u00edvel e facilmente mold\u00e1vel, altamente resistente ao fogo. \u00c9 revestida por [\u2026]\" \/>\n<meta property=\"og:url\" content=\"https:\/\/www.raytech.it\/pt-pt\/produto\/baixa-tensao\/barreiras-anti-chama\/barreira-de-protecao-para-tubos-metalicos-em-colchao\" \/>\n<meta property=\"og:site_name\" content=\"Raytech\" \/>\n<meta property=\"article:publisher\" content=\"https:\/\/www.facebook.com\/RaytechItaly\" \/>\n<meta property=\"article:modified_time\" content=\"2025-02-19T16:49:09+00:00\" \/>\n<meta property=\"og:image\" content=\"https:\/\/www.raytech.it\/wp-content\/uploads\/fsco-t110.jpg\" \/>\n\t<meta property=\"og:image:width\" content=\"500\" \/>\n\t<meta property=\"og:image:height\" content=\"500\" \/>\n\t<meta property=\"og:image:type\" content=\"image\/jpeg\" \/>\n<meta name=\"twitter:card\" content=\"summary_large_image\" \/>\n<meta name=\"twitter:label1\" content=\"Tempo estimado de leitura\" \/>\n\t<meta name=\"twitter:data1\" content=\"1 minuto\" \/>\n<script type=\"application\/ld+json\" class=\"yoast-schema-graph\">{\"@context\":\"https:\/\/schema.org\",\"@graph\":[{\"@type\":\"WebPage\",\"@id\":\"https:\/\/www.raytech.it\/pt-pt\/produto\/baixa-tensao\/barreiras-anti-chama\/barreira-de-protecao-para-tubos-metalicos-em-colchao\",\"url\":\"https:\/\/www.raytech.it\/pt-pt\/produto\/baixa-tensao\/barreiras-anti-chama\/barreira-de-protecao-para-tubos-metalicos-em-colchao\",\"name\":\"Barreira de prote\u00e7\u00e3o para tubos met\u00e1licos em colch\u00e3o | Raytech\",\"isPartOf\":{\"@id\":\"https:\/\/www.raytech.it\/#website\"},\"primaryImageOfPage\":{\"@id\":\"https:\/\/www.raytech.it\/pt-pt\/produto\/baixa-tensao\/barreiras-anti-chama\/barreira-de-protecao-para-tubos-metalicos-em-colchao#primaryimage\"},\"image\":{\"@id\":\"https:\/\/www.raytech.it\/pt-pt\/produto\/baixa-tensao\/barreiras-anti-chama\/barreira-de-protecao-para-tubos-metalicos-em-colchao#primaryimage\"},\"thumbnailUrl\":\"https:\/\/www.raytech.it\/wp-content\/uploads\/fsco-t110.jpg\",\"datePublished\":\"2016-01-26T16:21:19+00:00\",\"dateModified\":\"2025-02-19T16:49:09+00:00\",\"breadcrumb\":{\"@id\":\"https:\/\/www.raytech.it\/pt-pt\/produto\/baixa-tensao\/barreiras-anti-chama\/barreira-de-protecao-para-tubos-metalicos-em-colchao#breadcrumb\"},\"inLanguage\":\"pt-PT\",\"potentialAction\":[{\"@type\":\"ReadAction\",\"target\":[\"https:\/\/www.raytech.it\/pt-pt\/produto\/baixa-tensao\/barreiras-anti-chama\/barreira-de-protecao-para-tubos-metalicos-em-colchao\"]}]},{\"@type\":\"ImageObject\",\"inLanguage\":\"pt-PT\",\"@id\":\"https:\/\/www.raytech.it\/pt-pt\/produto\/baixa-tensao\/barreiras-anti-chama\/barreira-de-protecao-para-tubos-metalicos-em-colchao#primaryimage\",\"url\":\"https:\/\/www.raytech.it\/wp-content\/uploads\/fsco-t110.jpg\",\"contentUrl\":\"https:\/\/www.raytech.it\/wp-content\/uploads\/fsco-t110.jpg\",\"width\":500,\"height\":500},{\"@type\":\"BreadcrumbList\",\"@id\":\"https:\/\/www.raytech.it\/pt-pt\/produto\/baixa-tensao\/barreiras-anti-chama\/barreira-de-protecao-para-tubos-metalicos-em-colchao#breadcrumb\",\"itemListElement\":[{\"@type\":\"ListItem\",\"position\":1,\"name\":\"Home\",\"item\":\"https:\/\/www.raytech.it\/pt-pt\"},{\"@type\":\"ListItem\",\"position\":2,\"name\":\"Loja\",\"item\":\"https:\/\/www.raytech.it\/pt-pt\/loja\"},{\"@type\":\"ListItem\",\"position\":3,\"name\":\"Barreira de prote\u00e7\u00e3o para tubos met\u00e1licos em colch\u00e3o\"}]},{\"@type\":\"WebSite\",\"@id\":\"https:\/\/www.raytech.it\/#website\",\"url\":\"https:\/\/www.raytech.it\/\",\"name\":\"Raytech\",\"description\":\"Cable accessories company\",\"publisher\":{\"@id\":\"https:\/\/www.raytech.it\/#organization\"},\"potentialAction\":[{\"@type\":\"SearchAction\",\"target\":{\"@type\":\"EntryPoint\",\"urlTemplate\":\"https:\/\/www.raytech.it\/?s={search_term_string}\"},\"query-input\":{\"@type\":\"PropertyValueSpecification\",\"valueRequired\":true,\"valueName\":\"search_term_string\"}}],\"inLanguage\":\"pt-PT\"},{\"@type\":\"Organization\",\"@id\":\"https:\/\/www.raytech.it\/#organization\",\"name\":\"Raytech\",\"url\":\"https:\/\/www.raytech.it\/\",\"logo\":{\"@type\":\"ImageObject\",\"inLanguage\":\"pt-PT\",\"@id\":\"https:\/\/www.raytech.it\/#\/schema\/logo\/image\/\",\"url\":\"https:\/\/www.raytech.it\/wp-content\/uploads\/logo-raytech-2019-retina-3.png\",\"contentUrl\":\"https:\/\/www.raytech.it\/wp-content\/uploads\/logo-raytech-2019-retina-3.png\",\"width\":340,\"height\":90,\"caption\":\"Raytech\"},\"image\":{\"@id\":\"https:\/\/www.raytech.it\/#\/schema\/logo\/image\/\"},\"sameAs\":[\"https:\/\/www.facebook.com\/RaytechItaly\",\"https:\/\/www.instagram.com\/raytech_italy\/\",\"https:\/\/www.youtube.com\/user\/raytechitaly\",\"https:\/\/twitter.com\/Raytech_Italy\"]}]}<\/script>\n<!-- \/ Yoast SEO plugin. -->","yoast_head_json":{"title":"Barreira de prote\u00e7\u00e3o para tubos met\u00e1licos em colch\u00e3o | Raytech","robots":{"index":"index","follow":"follow","max-snippet":"max-snippet:-1","max-image-preview":"max-image-preview:large","max-video-preview":"max-video-preview:-1"},"canonical":"https:\/\/www.raytech.it\/pt-pt\/produto\/baixa-tensao\/barreiras-anti-chama\/barreira-de-protecao-para-tubos-metalicos-em-colchao","og_locale":"pt_PT","og_type":"article","og_title":"Barreira de prote\u00e7\u00e3o para tubos met\u00e1licos em colch\u00e3o | Raytech","og_description":"FSCO T110 Barreira de prote\u00e7\u00e3o para tubos met\u00e1licos em colch\u00e3o A barreira FSCO T110 \u00e9 composta por um colch\u00e3o flex\u00edvel e facilmente mold\u00e1vel, altamente resistente ao fogo. \u00c9 revestida por [\u2026]","og_url":"https:\/\/www.raytech.it\/pt-pt\/produto\/baixa-tensao\/barreiras-anti-chama\/barreira-de-protecao-para-tubos-metalicos-em-colchao","og_site_name":"Raytech","article_publisher":"https:\/\/www.facebook.com\/RaytechItaly","article_modified_time":"2025-02-19T16:49:09+00:00","og_image":[{"width":500,"height":500,"url":"https:\/\/www.raytech.it\/wp-content\/uploads\/fsco-t110.jpg","type":"image\/jpeg"}],"twitter_card":"summary_large_image","twitter_misc":{"Tempo estimado de leitura":"1 minuto"},"schema":{"@context":"https:\/\/schema.org","@graph":[{"@type":"WebPage","@id":"https:\/\/www.raytech.it\/pt-pt\/produto\/baixa-tensao\/barreiras-anti-chama\/barreira-de-protecao-para-tubos-metalicos-em-colchao","url":"https:\/\/www.raytech.it\/pt-pt\/produto\/baixa-tensao\/barreiras-anti-chama\/barreira-de-protecao-para-tubos-metalicos-em-colchao","name":"Barreira de prote\u00e7\u00e3o para tubos met\u00e1licos em colch\u00e3o | Raytech","isPartOf":{"@id":"https:\/\/www.raytech.it\/#website"},"primaryImageOfPage":{"@id":"https:\/\/www.raytech.it\/pt-pt\/produto\/baixa-tensao\/barreiras-anti-chama\/barreira-de-protecao-para-tubos-metalicos-em-colchao#primaryimage"},"image":{"@id":"https:\/\/www.raytech.it\/pt-pt\/produto\/baixa-tensao\/barreiras-anti-chama\/barreira-de-protecao-para-tubos-metalicos-em-colchao#primaryimage"},"thumbnailUrl":"https:\/\/www.raytech.it\/wp-content\/uploads\/fsco-t110.jpg","datePublished":"2016-01-26T16:21:19+00:00","dateModified":"2025-02-19T16:49:09+00:00","breadcrumb":{"@id":"https:\/\/www.raytech.it\/pt-pt\/produto\/baixa-tensao\/barreiras-anti-chama\/barreira-de-protecao-para-tubos-metalicos-em-colchao#breadcrumb"},"inLanguage":"pt-PT","potentialAction":[{"@type":"ReadAction","target":["https:\/\/www.raytech.it\/pt-pt\/produto\/baixa-tensao\/barreiras-anti-chama\/barreira-de-protecao-para-tubos-metalicos-em-colchao"]}]},{"@type":"ImageObject","inLanguage":"pt-PT","@id":"https:\/\/www.raytech.it\/pt-pt\/produto\/baixa-tensao\/barreiras-anti-chama\/barreira-de-protecao-para-tubos-metalicos-em-colchao#primaryimage","url":"https:\/\/www.raytech.it\/wp-content\/uploads\/fsco-t110.jpg","contentUrl":"https:\/\/www.raytech.it\/wp-content\/uploads\/fsco-t110.jpg","width":500,"height":500},{"@type":"BreadcrumbList","@id":"https:\/\/www.raytech.it\/pt-pt\/produto\/baixa-tensao\/barreiras-anti-chama\/barreira-de-protecao-para-tubos-metalicos-em-colchao#breadcrumb","itemListElement":[{"@type":"ListItem","position":1,"name":"Home","item":"https:\/\/www.raytech.it\/pt-pt"},{"@type":"ListItem","position":2,"name":"Loja","item":"https:\/\/www.raytech.it\/pt-pt\/loja"},{"@type":"ListItem","position":3,"name":"Barreira de prote\u00e7\u00e3o para tubos met\u00e1licos em colch\u00e3o"}]},{"@type":"WebSite","@id":"https:\/\/www.raytech.it\/#website","url":"https:\/\/www.raytech.it\/","name":"Raytech","description":"Cable accessories company","publisher":{"@id":"https:\/\/www.raytech.it\/#organization"},"potentialAction":[{"@type":"SearchAction","target":{"@type":"EntryPoint","urlTemplate":"https:\/\/www.raytech.it\/?s={search_term_string}"},"query-input":{"@type":"PropertyValueSpecification","valueRequired":true,"valueName":"search_term_string"}}],"inLanguage":"pt-PT"},{"@type":"Organization","@id":"https:\/\/www.raytech.it\/#organization","name":"Raytech","url":"https:\/\/www.raytech.it\/","logo":{"@type":"ImageObject","inLanguage":"pt-PT","@id":"https:\/\/www.raytech.it\/#\/schema\/logo\/image\/","url":"https:\/\/www.raytech.it\/wp-content\/uploads\/logo-raytech-2019-retina-3.png","contentUrl":"https:\/\/www.raytech.it\/wp-content\/uploads\/logo-raytech-2019-retina-3.png","width":340,"height":90,"caption":"Raytech"},"image":{"@id":"https:\/\/www.raytech.it\/#\/schema\/logo\/image\/"},"sameAs":["https:\/\/www.facebook.com\/RaytechItaly","https:\/\/www.instagram.com\/raytech_italy\/","https:\/\/www.youtube.com\/user\/raytechitaly","https:\/\/twitter.com\/Raytech_Italy"]}]}},"_links":{"self":[{"href":"https:\/\/www.raytech.it\/pt-pt\/wp-json\/wp\/v2\/product\/8386","targetHints":{"allow":["GET"]}}],"collection":[{"href":"https:\/\/www.raytech.it\/pt-pt\/wp-json\/wp\/v2\/product"}],"about":[{"href":"https:\/\/www.raytech.it\/pt-pt\/wp-json\/wp\/v2\/types\/product"}],"wp:featuredmedia":[{"embeddable":true,"href":"https:\/\/www.raytech.it\/pt-pt\/wp-json\/wp\/v2\/media\/1595"}],"wp:attachment":[{"href":"https:\/\/www.raytech.it\/pt-pt\/wp-json\/wp\/v2\/media?parent=8386"}],"wp:term":[{"taxonomy":"product_brand","embeddable":true,"href":"https:\/\/www.raytech.it\/pt-pt\/wp-json\/wp\/v2\/product_brand?post=8386"},{"taxonomy":"product_cat","embeddable":true,"href":"https:\/\/www.raytech.it\/pt-pt\/wp-json\/wp\/v2\/product_cat?post=8386"},{"taxonomy":"product_tag","embeddable":true,"href":"https:\/\/www.raytech.it\/pt-pt\/wp-json\/wp\/v2\/product_tag?post=8386"}],"curies":[{"name":"wp","href":"https:\/\/api.w.org\/{rel}","templated":true}]}}