{"id":8400,"date":"2015-07-16T13:22:26","date_gmt":"2016-01-27T09:00:07","guid":{"rendered":"http:\/\/raytech.it\/?post_type=product&#038;p=8400&#038;lang=pt-pt"},"modified":"2025-02-19T16:55:48","modified_gmt":"2025-02-19T15:55:48","slug":"galactic-water-stop","status":"publish","type":"product","link":"https:\/\/www.raytech.it\/pt-pt\/produto\/baixa-tensao\/especiais\/kit-para-sistemas-eletricos\/galactic-water-stop","title":{"rendered":"Galactic Water Stop"},"content":{"rendered":"<h4><span style=\"color: #009832;\">Gel monocomponente pronto para o uso<\/span><\/h4>\n<p>O gel monocomponente Galactic Water Stop \u00e9 um produto macio, com alta adesividade, fornecido em c\u00f3modas embalagens, j\u00e1 pronto para uso: basta arrancar as quantidades necess\u00e1rias e posicion\u00e1-lo no ponto que deve ser protegido de infiltra\u00e7\u00f5es. Gra\u00e7as \u00e0 adesividade fornece selagens est\u00e1veis e eficazes ao longo do tempo. \u00c9 facilmente remov\u00edvel e re-acess\u00edvel, permite aceder novamente \u00e0 pe\u00e7a protegida sem deixar vest\u00edgios. N\u00e3o verte, pode ser mesmo na vertical ou no tecto. Muito selante, efectua o isolamento de pequenas liga\u00e7\u00f5es, ou protege as liga\u00e7\u00f5es, especialmente as expostas (liga\u00e7\u00f5es externas, terminais da bateria do autom\u00f3vel, etc.). O produto pode ser aplicado em qualquer lugar onde possa existir uma infiltra\u00e7\u00e3o proveniente de tubos, corrugados, canaletas, etc., ou onde seja necess\u00e1rio um isolamento r\u00e1pido e eficaz.<\/p>\n","protected":false},"excerpt":{"rendered":"<p>Gel monocomponente pronto para o uso O gel monocomponente Galactic Water Stop \u00e9 um produto macio, com alta adesividade, fornecido em c\u00f3modas embalagens, j\u00e1 pronto para uso: basta arrancar as<span class=\"excerpt-hellip\"> [\u2026]<\/span><\/p>\n","protected":false},"featured_media":4183,"template":"","meta":[],"product_brand":[],"product_cat":[321,342,344],"product_tag":[],"class_list":{"0":"post-8400","1":"product","2":"type-product","3":"status-publish","4":"has-post-thumbnail","6":"product_cat-baixa-tensao","7":"product_cat-especiais","8":"product_cat-kit-para-sistemas-eletricos","10":"first","11":"instock","12":"taxable","13":"shipping-taxable","14":"purchasable","15":"product-type-variable"},"yoast_head":"<!-- This site is optimized with the Yoast SEO plugin v26.5 - https:\/\/yoast.com\/wordpress\/plugins\/seo\/ -->\n<title>Galactic Water Stop | Raytech<\/title>\n<meta name=\"robots\" content=\"index, follow, max-snippet:-1, max-image-preview:large, max-video-preview:-1\" \/>\n<link rel=\"canonical\" href=\"https:\/\/www.raytech.it\/pt-pt\/produto\/baixa-tensao\/especiais\/kit-para-sistemas-eletricos\/galactic-water-stop\" \/>\n<meta property=\"og:locale\" content=\"pt_PT\" \/>\n<meta property=\"og:type\" content=\"article\" \/>\n<meta property=\"og:title\" content=\"Galactic Water Stop | Raytech\" \/>\n<meta property=\"og:description\" content=\"Gel monocomponente pronto para o uso O gel monocomponente Galactic Water Stop \u00e9 um produto macio, com alta adesividade, fornecido em c\u00f3modas embalagens, j\u00e1 pronto para uso: basta arrancar as [\u2026]\" \/>\n<meta property=\"og:url\" content=\"https:\/\/www.raytech.it\/pt-pt\/produto\/baixa-tensao\/especiais\/kit-para-sistemas-eletricos\/galactic-water-stop\" \/>\n<meta property=\"og:site_name\" content=\"Raytech\" \/>\n<meta property=\"article:publisher\" content=\"https:\/\/www.facebook.com\/RaytechItaly\" \/>\n<meta property=\"article:modified_time\" content=\"2025-02-19T15:55:48+00:00\" \/>\n<meta property=\"og:image\" content=\"https:\/\/www.raytech.it\/wp-content\/uploads\/galactic-water-stop-1.jpg\" \/>\n\t<meta property=\"og:image:width\" content=\"1024\" \/>\n\t<meta property=\"og:image:height\" content=\"1024\" \/>\n\t<meta property=\"og:image:type\" content=\"image\/jpeg\" \/>\n<meta name=\"twitter:card\" content=\"summary_large_image\" \/>\n<meta name=\"twitter:label1\" content=\"Tempo estimado de leitura\" \/>\n\t<meta name=\"twitter:data1\" content=\"1 minuto\" \/>\n<script type=\"application\/ld+json\" class=\"yoast-schema-graph\">{\"@context\":\"https:\/\/schema.org\",\"@graph\":[{\"@type\":\"WebPage\",\"@id\":\"https:\/\/www.raytech.it\/pt-pt\/produto\/baixa-tensao\/especiais\/kit-para-sistemas-eletricos\/galactic-water-stop\",\"url\":\"https:\/\/www.raytech.it\/pt-pt\/produto\/baixa-tensao\/especiais\/kit-para-sistemas-eletricos\/galactic-water-stop\",\"name\":\"Galactic Water Stop | Raytech\",\"isPartOf\":{\"@id\":\"https:\/\/www.raytech.it\/#website\"},\"primaryImageOfPage\":{\"@id\":\"https:\/\/www.raytech.it\/pt-pt\/produto\/baixa-tensao\/especiais\/kit-para-sistemas-eletricos\/galactic-water-stop#primaryimage\"},\"image\":{\"@id\":\"https:\/\/www.raytech.it\/pt-pt\/produto\/baixa-tensao\/especiais\/kit-para-sistemas-eletricos\/galactic-water-stop#primaryimage\"},\"thumbnailUrl\":\"https:\/\/www.raytech.it\/wp-content\/uploads\/galactic-water-stop-1.jpg\",\"datePublished\":\"2016-01-27T09:00:07+00:00\",\"dateModified\":\"2025-02-19T15:55:48+00:00\",\"breadcrumb\":{\"@id\":\"https:\/\/www.raytech.it\/pt-pt\/produto\/baixa-tensao\/especiais\/kit-para-sistemas-eletricos\/galactic-water-stop#breadcrumb\"},\"inLanguage\":\"pt-PT\",\"potentialAction\":[{\"@type\":\"ReadAction\",\"target\":[\"https:\/\/www.raytech.it\/pt-pt\/produto\/baixa-tensao\/especiais\/kit-para-sistemas-eletricos\/galactic-water-stop\"]}]},{\"@type\":\"ImageObject\",\"inLanguage\":\"pt-PT\",\"@id\":\"https:\/\/www.raytech.it\/pt-pt\/produto\/baixa-tensao\/especiais\/kit-para-sistemas-eletricos\/galactic-water-stop#primaryimage\",\"url\":\"https:\/\/www.raytech.it\/wp-content\/uploads\/galactic-water-stop-1.jpg\",\"contentUrl\":\"https:\/\/www.raytech.it\/wp-content\/uploads\/galactic-water-stop-1.jpg\",\"width\":1024,\"height\":1024},{\"@type\":\"BreadcrumbList\",\"@id\":\"https:\/\/www.raytech.it\/pt-pt\/produto\/baixa-tensao\/especiais\/kit-para-sistemas-eletricos\/galactic-water-stop#breadcrumb\",\"itemListElement\":[{\"@type\":\"ListItem\",\"position\":1,\"name\":\"Home\",\"item\":\"https:\/\/www.raytech.it\/pt-pt\"},{\"@type\":\"ListItem\",\"position\":2,\"name\":\"Loja\",\"item\":\"https:\/\/www.raytech.it\/pt-pt\/loja\"},{\"@type\":\"ListItem\",\"position\":3,\"name\":\"Galactic Water Stop\"}]},{\"@type\":\"WebSite\",\"@id\":\"https:\/\/www.raytech.it\/#website\",\"url\":\"https:\/\/www.raytech.it\/\",\"name\":\"Raytech\",\"description\":\"Cable accessories company\",\"publisher\":{\"@id\":\"https:\/\/www.raytech.it\/#organization\"},\"potentialAction\":[{\"@type\":\"SearchAction\",\"target\":{\"@type\":\"EntryPoint\",\"urlTemplate\":\"https:\/\/www.raytech.it\/?s={search_term_string}\"},\"query-input\":{\"@type\":\"PropertyValueSpecification\",\"valueRequired\":true,\"valueName\":\"search_term_string\"}}],\"inLanguage\":\"pt-PT\"},{\"@type\":\"Organization\",\"@id\":\"https:\/\/www.raytech.it\/#organization\",\"name\":\"Raytech\",\"url\":\"https:\/\/www.raytech.it\/\",\"logo\":{\"@type\":\"ImageObject\",\"inLanguage\":\"pt-PT\",\"@id\":\"https:\/\/www.raytech.it\/#\/schema\/logo\/image\/\",\"url\":\"https:\/\/www.raytech.it\/wp-content\/uploads\/logo-raytech-2019-retina-3.png\",\"contentUrl\":\"https:\/\/www.raytech.it\/wp-content\/uploads\/logo-raytech-2019-retina-3.png\",\"width\":340,\"height\":90,\"caption\":\"Raytech\"},\"image\":{\"@id\":\"https:\/\/www.raytech.it\/#\/schema\/logo\/image\/\"},\"sameAs\":[\"https:\/\/www.facebook.com\/RaytechItaly\",\"https:\/\/www.instagram.com\/raytech_italy\/\",\"https:\/\/www.youtube.com\/user\/raytechitaly\",\"https:\/\/twitter.com\/Raytech_Italy\"]}]}<\/script>\n<!-- \/ Yoast SEO plugin. -->","yoast_head_json":{"title":"Galactic Water Stop | Raytech","robots":{"index":"index","follow":"follow","max-snippet":"max-snippet:-1","max-image-preview":"max-image-preview:large","max-video-preview":"max-video-preview:-1"},"canonical":"https:\/\/www.raytech.it\/pt-pt\/produto\/baixa-tensao\/especiais\/kit-para-sistemas-eletricos\/galactic-water-stop","og_locale":"pt_PT","og_type":"article","og_title":"Galactic Water Stop | Raytech","og_description":"Gel monocomponente pronto para o uso O gel monocomponente Galactic Water Stop \u00e9 um produto macio, com alta adesividade, fornecido em c\u00f3modas embalagens, j\u00e1 pronto para uso: basta arrancar as [\u2026]","og_url":"https:\/\/www.raytech.it\/pt-pt\/produto\/baixa-tensao\/especiais\/kit-para-sistemas-eletricos\/galactic-water-stop","og_site_name":"Raytech","article_publisher":"https:\/\/www.facebook.com\/RaytechItaly","article_modified_time":"2025-02-19T15:55:48+00:00","og_image":[{"width":1024,"height":1024,"url":"https:\/\/www.raytech.it\/wp-content\/uploads\/galactic-water-stop-1.jpg","type":"image\/jpeg"}],"twitter_card":"summary_large_image","twitter_misc":{"Tempo estimado de leitura":"1 minuto"},"schema":{"@context":"https:\/\/schema.org","@graph":[{"@type":"WebPage","@id":"https:\/\/www.raytech.it\/pt-pt\/produto\/baixa-tensao\/especiais\/kit-para-sistemas-eletricos\/galactic-water-stop","url":"https:\/\/www.raytech.it\/pt-pt\/produto\/baixa-tensao\/especiais\/kit-para-sistemas-eletricos\/galactic-water-stop","name":"Galactic Water Stop | Raytech","isPartOf":{"@id":"https:\/\/www.raytech.it\/#website"},"primaryImageOfPage":{"@id":"https:\/\/www.raytech.it\/pt-pt\/produto\/baixa-tensao\/especiais\/kit-para-sistemas-eletricos\/galactic-water-stop#primaryimage"},"image":{"@id":"https:\/\/www.raytech.it\/pt-pt\/produto\/baixa-tensao\/especiais\/kit-para-sistemas-eletricos\/galactic-water-stop#primaryimage"},"thumbnailUrl":"https:\/\/www.raytech.it\/wp-content\/uploads\/galactic-water-stop-1.jpg","datePublished":"2016-01-27T09:00:07+00:00","dateModified":"2025-02-19T15:55:48+00:00","breadcrumb":{"@id":"https:\/\/www.raytech.it\/pt-pt\/produto\/baixa-tensao\/especiais\/kit-para-sistemas-eletricos\/galactic-water-stop#breadcrumb"},"inLanguage":"pt-PT","potentialAction":[{"@type":"ReadAction","target":["https:\/\/www.raytech.it\/pt-pt\/produto\/baixa-tensao\/especiais\/kit-para-sistemas-eletricos\/galactic-water-stop"]}]},{"@type":"ImageObject","inLanguage":"pt-PT","@id":"https:\/\/www.raytech.it\/pt-pt\/produto\/baixa-tensao\/especiais\/kit-para-sistemas-eletricos\/galactic-water-stop#primaryimage","url":"https:\/\/www.raytech.it\/wp-content\/uploads\/galactic-water-stop-1.jpg","contentUrl":"https:\/\/www.raytech.it\/wp-content\/uploads\/galactic-water-stop-1.jpg","width":1024,"height":1024},{"@type":"BreadcrumbList","@id":"https:\/\/www.raytech.it\/pt-pt\/produto\/baixa-tensao\/especiais\/kit-para-sistemas-eletricos\/galactic-water-stop#breadcrumb","itemListElement":[{"@type":"ListItem","position":1,"name":"Home","item":"https:\/\/www.raytech.it\/pt-pt"},{"@type":"ListItem","position":2,"name":"Loja","item":"https:\/\/www.raytech.it\/pt-pt\/loja"},{"@type":"ListItem","position":3,"name":"Galactic Water Stop"}]},{"@type":"WebSite","@id":"https:\/\/www.raytech.it\/#website","url":"https:\/\/www.raytech.it\/","name":"Raytech","description":"Cable accessories company","publisher":{"@id":"https:\/\/www.raytech.it\/#organization"},"potentialAction":[{"@type":"SearchAction","target":{"@type":"EntryPoint","urlTemplate":"https:\/\/www.raytech.it\/?s={search_term_string}"},"query-input":{"@type":"PropertyValueSpecification","valueRequired":true,"valueName":"search_term_string"}}],"inLanguage":"pt-PT"},{"@type":"Organization","@id":"https:\/\/www.raytech.it\/#organization","name":"Raytech","url":"https:\/\/www.raytech.it\/","logo":{"@type":"ImageObject","inLanguage":"pt-PT","@id":"https:\/\/www.raytech.it\/#\/schema\/logo\/image\/","url":"https:\/\/www.raytech.it\/wp-content\/uploads\/logo-raytech-2019-retina-3.png","contentUrl":"https:\/\/www.raytech.it\/wp-content\/uploads\/logo-raytech-2019-retina-3.png","width":340,"height":90,"caption":"Raytech"},"image":{"@id":"https:\/\/www.raytech.it\/#\/schema\/logo\/image\/"},"sameAs":["https:\/\/www.facebook.com\/RaytechItaly","https:\/\/www.instagram.com\/raytech_italy\/","https:\/\/www.youtube.com\/user\/raytechitaly","https:\/\/twitter.com\/Raytech_Italy"]}]}},"_links":{"self":[{"href":"https:\/\/www.raytech.it\/pt-pt\/wp-json\/wp\/v2\/product\/8400","targetHints":{"allow":["GET"]}}],"collection":[{"href":"https:\/\/www.raytech.it\/pt-pt\/wp-json\/wp\/v2\/product"}],"about":[{"href":"https:\/\/www.raytech.it\/pt-pt\/wp-json\/wp\/v2\/types\/product"}],"wp:featuredmedia":[{"embeddable":true,"href":"https:\/\/www.raytech.it\/pt-pt\/wp-json\/wp\/v2\/media\/4183"}],"wp:attachment":[{"href":"https:\/\/www.raytech.it\/pt-pt\/wp-json\/wp\/v2\/media?parent=8400"}],"wp:term":[{"taxonomy":"product_brand","embeddable":true,"href":"https:\/\/www.raytech.it\/pt-pt\/wp-json\/wp\/v2\/product_brand?post=8400"},{"taxonomy":"product_cat","embeddable":true,"href":"https:\/\/www.raytech.it\/pt-pt\/wp-json\/wp\/v2\/product_cat?post=8400"},{"taxonomy":"product_tag","embeddable":true,"href":"https:\/\/www.raytech.it\/pt-pt\/wp-json\/wp\/v2\/product_tag?post=8400"}],"curies":[{"name":"wp","href":"https:\/\/api.w.org\/{rel}","templated":true}]}}