{"id":8425,"date":"2015-07-16T13:45:06","date_gmt":"2016-01-27T10:52:57","guid":{"rendered":"http:\/\/raytech.it\/?post_type=product&#038;p=8425&#038;lang=pt-pt"},"modified":"2025-02-21T00:50:18","modified_gmt":"2025-02-20T23:50:18","slug":"manutencao-de-paineis-solares","status":"publish","type":"product","link":"https:\/\/www.raytech.it\/pt-pt\/produto\/energias-renovaveis\/limpador-de-paineis\/manutencao-de-paineis-solares","title":{"rendered":"Manuten\u00e7\u00e3o de pain\u00e9is solares"},"content":{"rendered":"<h4><span style=\"color: #009832;\">Shiny Solar<br \/>\nSolu\u00e7\u00e3o para a manuten\u00e7\u00e3o de pain\u00e9is solares e fotovoltaicos<\/span><\/h4>\n<p>Shiny Solar e\u0301 um produto para a manutenc\u0327a\u0303o de mo\u0301dulos solares e fotovoltaicos, para a fa\u0301cil remoc\u0327a\u0303o de gordura, depo\u0301sitos de calca\u0301rio e cristalizados, poeira, smog, dejecc\u0327a\u0303o, etc.. Um painel fotovoltaico pode diminuir a pote\u0302ncia gerada ate\u0301 a 15% para zonas na\u0303o particularmente polui\u0301das, e para 25% para zonas altamente polui\u0301das; o uso regular de Shiny Solar permite manter a instalac\u0327a\u0303o em plena eficie\u0302ncia. Extremamente eficaz e de fa\u0301cil aplicac\u0327a\u0303o, sem prazo de validade de armazenagem. Recomenda-se para manter a efica\u0301cia da instalac\u0327a\u0303o, efectuar 2-3 aplicac\u0327o\u0303es\/ano para zonas mediamente polui\u0301das; o desengordurante e a protecc\u0327a\u0303o antiesta\u0301tica contidos no produto permite obter o\u0301ptimos resultados mesmo enxaguando com a\u0301gua dura (com mais de 30\u00b0f). Ra\u0301pido na aplicac\u0327a\u0303o: para o tratamento de uma instalac\u0327a\u0303o de 6 kW (igual a cerca de 50 m<sup>2<\/sup>), grac\u0327as ao facto que desengordura, limpa e aplica a protecc\u0327a\u0303o antiesta\u0301tica numa u\u0301nica operac\u0327a\u0303o, sa\u0303o necessa\u0301rios menos de 20 minutos. Shiny Solar respeita os componentes do painel, a estrutura em alumi\u0301nio, as juntas, o vidro de protecc\u0327a\u0303o. Uma embalagem de Shiny Solar pode tratar uma pote\u0302ncia instalada em paineis fotovoltaicos de10 a 15 kW, igual a cerca 80-120 m<sup>2<\/sup> de superfi\u0301cie; na tabela dos dados para o pedido esta\u0303o indicadas as pote\u0302ncias e as superfi\u0301cies que podem ser tratadas com as va\u0301rias embalagens.<\/p>\n<ul>\n<li><span style=\"color: #009832;\">Para a f\u00e1cil remo\u00e7\u00e3o de gordura, dep\u00f3sitos de calc\u00e1rio e cristalizados, poeira, smog, dejec\u00e7\u00e3o, etc.<\/span><\/li>\n<li><span style=\"color: #009832;\">Cont\u00e9m a protec\u00e7\u00e3o antiest\u00e1tica<\/span><\/li>\n<\/ul>\n","protected":false},"excerpt":{"rendered":"<p>Shiny Solar Solu\u00e7\u00e3o para a manuten\u00e7\u00e3o de pain\u00e9is solares e fotovoltaicos Shiny Solar e\u0301 um produto para a manutenc\u0327a\u0303o de mo\u0301dulos solares e fotovoltaicos, para a fa\u0301cil remoc\u0327a\u0303o de gordura,<span class=\"excerpt-hellip\"> [\u2026]<\/span><\/p>\n","protected":false},"featured_media":11720,"template":"","meta":[],"product_brand":[],"product_cat":[1545,1547],"product_tag":[],"class_list":{"0":"post-8425","1":"product","2":"type-product","3":"status-publish","4":"has-post-thumbnail","6":"product_cat-energias-renovaveis","7":"product_cat-limpador-de-paineis","9":"first","10":"instock","11":"taxable","12":"shipping-taxable","13":"purchasable","14":"product-type-variable"},"yoast_head":"<!-- This site is optimized with the Yoast SEO plugin v26.5 - https:\/\/yoast.com\/wordpress\/plugins\/seo\/ -->\n<title>Manuten\u00e7\u00e3o de pain\u00e9is solares | Raytech<\/title>\n<meta name=\"robots\" content=\"index, follow, max-snippet:-1, max-image-preview:large, max-video-preview:-1\" \/>\n<link rel=\"canonical\" href=\"https:\/\/www.raytech.it\/pt-pt\/produto\/energias-renovaveis\/limpador-de-paineis\/manutencao-de-paineis-solares\" \/>\n<meta property=\"og:locale\" content=\"pt_PT\" \/>\n<meta property=\"og:type\" content=\"article\" \/>\n<meta property=\"og:title\" content=\"Manuten\u00e7\u00e3o de pain\u00e9is solares | Raytech\" \/>\n<meta property=\"og:description\" content=\"Shiny Solar Solu\u00e7\u00e3o para a manuten\u00e7\u00e3o de pain\u00e9is solares e fotovoltaicos Shiny Solar e\u0301 um produto para a manutenc\u0327a\u0303o de mo\u0301dulos solares e fotovoltaicos, para a fa\u0301cil remoc\u0327a\u0303o de gordura, [\u2026]\" \/>\n<meta property=\"og:url\" content=\"https:\/\/www.raytech.it\/pt-pt\/produto\/energias-renovaveis\/limpador-de-paineis\/manutencao-de-paineis-solares\" \/>\n<meta property=\"og:site_name\" content=\"Raytech\" \/>\n<meta property=\"article:publisher\" content=\"https:\/\/www.facebook.com\/RaytechItaly\" \/>\n<meta property=\"article:modified_time\" content=\"2025-02-20T23:50:18+00:00\" \/>\n<meta property=\"og:image\" content=\"https:\/\/www.raytech.it\/wp-content\/uploads\/shiny-solar-1.jpg\" \/>\n\t<meta property=\"og:image:width\" content=\"1024\" \/>\n\t<meta property=\"og:image:height\" content=\"1024\" \/>\n\t<meta property=\"og:image:type\" content=\"image\/jpeg\" \/>\n<meta name=\"twitter:card\" content=\"summary_large_image\" \/>\n<meta name=\"twitter:label1\" content=\"Tempo estimado de leitura\" \/>\n\t<meta name=\"twitter:data1\" content=\"2 minutos\" \/>\n<script type=\"application\/ld+json\" class=\"yoast-schema-graph\">{\"@context\":\"https:\/\/schema.org\",\"@graph\":[{\"@type\":\"WebPage\",\"@id\":\"https:\/\/www.raytech.it\/pt-pt\/produto\/energias-renovaveis\/limpador-de-paineis\/manutencao-de-paineis-solares\",\"url\":\"https:\/\/www.raytech.it\/pt-pt\/produto\/energias-renovaveis\/limpador-de-paineis\/manutencao-de-paineis-solares\",\"name\":\"Manuten\u00e7\u00e3o de pain\u00e9is solares | Raytech\",\"isPartOf\":{\"@id\":\"https:\/\/www.raytech.it\/#website\"},\"primaryImageOfPage\":{\"@id\":\"https:\/\/www.raytech.it\/pt-pt\/produto\/energias-renovaveis\/limpador-de-paineis\/manutencao-de-paineis-solares#primaryimage\"},\"image\":{\"@id\":\"https:\/\/www.raytech.it\/pt-pt\/produto\/energias-renovaveis\/limpador-de-paineis\/manutencao-de-paineis-solares#primaryimage\"},\"thumbnailUrl\":\"https:\/\/www.raytech.it\/wp-content\/uploads\/shiny-solar-1.jpg\",\"datePublished\":\"2016-01-27T10:52:57+00:00\",\"dateModified\":\"2025-02-20T23:50:18+00:00\",\"breadcrumb\":{\"@id\":\"https:\/\/www.raytech.it\/pt-pt\/produto\/energias-renovaveis\/limpador-de-paineis\/manutencao-de-paineis-solares#breadcrumb\"},\"inLanguage\":\"pt-PT\",\"potentialAction\":[{\"@type\":\"ReadAction\",\"target\":[\"https:\/\/www.raytech.it\/pt-pt\/produto\/energias-renovaveis\/limpador-de-paineis\/manutencao-de-paineis-solares\"]}]},{\"@type\":\"ImageObject\",\"inLanguage\":\"pt-PT\",\"@id\":\"https:\/\/www.raytech.it\/pt-pt\/produto\/energias-renovaveis\/limpador-de-paineis\/manutencao-de-paineis-solares#primaryimage\",\"url\":\"https:\/\/www.raytech.it\/wp-content\/uploads\/shiny-solar-1.jpg\",\"contentUrl\":\"https:\/\/www.raytech.it\/wp-content\/uploads\/shiny-solar-1.jpg\",\"width\":1024,\"height\":1024},{\"@type\":\"BreadcrumbList\",\"@id\":\"https:\/\/www.raytech.it\/pt-pt\/produto\/energias-renovaveis\/limpador-de-paineis\/manutencao-de-paineis-solares#breadcrumb\",\"itemListElement\":[{\"@type\":\"ListItem\",\"position\":1,\"name\":\"Home\",\"item\":\"https:\/\/www.raytech.it\/pt-pt\"},{\"@type\":\"ListItem\",\"position\":2,\"name\":\"Loja\",\"item\":\"https:\/\/www.raytech.it\/pt-pt\/loja\"},{\"@type\":\"ListItem\",\"position\":3,\"name\":\"Manuten\u00e7\u00e3o de pain\u00e9is solares\"}]},{\"@type\":\"WebSite\",\"@id\":\"https:\/\/www.raytech.it\/#website\",\"url\":\"https:\/\/www.raytech.it\/\",\"name\":\"Raytech\",\"description\":\"Cable accessories company\",\"publisher\":{\"@id\":\"https:\/\/www.raytech.it\/#organization\"},\"potentialAction\":[{\"@type\":\"SearchAction\",\"target\":{\"@type\":\"EntryPoint\",\"urlTemplate\":\"https:\/\/www.raytech.it\/?s={search_term_string}\"},\"query-input\":{\"@type\":\"PropertyValueSpecification\",\"valueRequired\":true,\"valueName\":\"search_term_string\"}}],\"inLanguage\":\"pt-PT\"},{\"@type\":\"Organization\",\"@id\":\"https:\/\/www.raytech.it\/#organization\",\"name\":\"Raytech\",\"url\":\"https:\/\/www.raytech.it\/\",\"logo\":{\"@type\":\"ImageObject\",\"inLanguage\":\"pt-PT\",\"@id\":\"https:\/\/www.raytech.it\/#\/schema\/logo\/image\/\",\"url\":\"https:\/\/www.raytech.it\/wp-content\/uploads\/logo-raytech-2019-retina-3.png\",\"contentUrl\":\"https:\/\/www.raytech.it\/wp-content\/uploads\/logo-raytech-2019-retina-3.png\",\"width\":340,\"height\":90,\"caption\":\"Raytech\"},\"image\":{\"@id\":\"https:\/\/www.raytech.it\/#\/schema\/logo\/image\/\"},\"sameAs\":[\"https:\/\/www.facebook.com\/RaytechItaly\",\"https:\/\/www.instagram.com\/raytech_italy\/\",\"https:\/\/www.youtube.com\/user\/raytechitaly\",\"https:\/\/twitter.com\/Raytech_Italy\"]}]}<\/script>\n<!-- \/ Yoast SEO plugin. -->","yoast_head_json":{"title":"Manuten\u00e7\u00e3o de pain\u00e9is solares | Raytech","robots":{"index":"index","follow":"follow","max-snippet":"max-snippet:-1","max-image-preview":"max-image-preview:large","max-video-preview":"max-video-preview:-1"},"canonical":"https:\/\/www.raytech.it\/pt-pt\/produto\/energias-renovaveis\/limpador-de-paineis\/manutencao-de-paineis-solares","og_locale":"pt_PT","og_type":"article","og_title":"Manuten\u00e7\u00e3o de pain\u00e9is solares | Raytech","og_description":"Shiny Solar Solu\u00e7\u00e3o para a manuten\u00e7\u00e3o de pain\u00e9is solares e fotovoltaicos Shiny Solar e\u0301 um produto para a manutenc\u0327a\u0303o de mo\u0301dulos solares e fotovoltaicos, para a fa\u0301cil remoc\u0327a\u0303o de gordura, [\u2026]","og_url":"https:\/\/www.raytech.it\/pt-pt\/produto\/energias-renovaveis\/limpador-de-paineis\/manutencao-de-paineis-solares","og_site_name":"Raytech","article_publisher":"https:\/\/www.facebook.com\/RaytechItaly","article_modified_time":"2025-02-20T23:50:18+00:00","og_image":[{"width":1024,"height":1024,"url":"https:\/\/www.raytech.it\/wp-content\/uploads\/shiny-solar-1.jpg","type":"image\/jpeg"}],"twitter_card":"summary_large_image","twitter_misc":{"Tempo estimado de leitura":"2 minutos"},"schema":{"@context":"https:\/\/schema.org","@graph":[{"@type":"WebPage","@id":"https:\/\/www.raytech.it\/pt-pt\/produto\/energias-renovaveis\/limpador-de-paineis\/manutencao-de-paineis-solares","url":"https:\/\/www.raytech.it\/pt-pt\/produto\/energias-renovaveis\/limpador-de-paineis\/manutencao-de-paineis-solares","name":"Manuten\u00e7\u00e3o de pain\u00e9is solares | Raytech","isPartOf":{"@id":"https:\/\/www.raytech.it\/#website"},"primaryImageOfPage":{"@id":"https:\/\/www.raytech.it\/pt-pt\/produto\/energias-renovaveis\/limpador-de-paineis\/manutencao-de-paineis-solares#primaryimage"},"image":{"@id":"https:\/\/www.raytech.it\/pt-pt\/produto\/energias-renovaveis\/limpador-de-paineis\/manutencao-de-paineis-solares#primaryimage"},"thumbnailUrl":"https:\/\/www.raytech.it\/wp-content\/uploads\/shiny-solar-1.jpg","datePublished":"2016-01-27T10:52:57+00:00","dateModified":"2025-02-20T23:50:18+00:00","breadcrumb":{"@id":"https:\/\/www.raytech.it\/pt-pt\/produto\/energias-renovaveis\/limpador-de-paineis\/manutencao-de-paineis-solares#breadcrumb"},"inLanguage":"pt-PT","potentialAction":[{"@type":"ReadAction","target":["https:\/\/www.raytech.it\/pt-pt\/produto\/energias-renovaveis\/limpador-de-paineis\/manutencao-de-paineis-solares"]}]},{"@type":"ImageObject","inLanguage":"pt-PT","@id":"https:\/\/www.raytech.it\/pt-pt\/produto\/energias-renovaveis\/limpador-de-paineis\/manutencao-de-paineis-solares#primaryimage","url":"https:\/\/www.raytech.it\/wp-content\/uploads\/shiny-solar-1.jpg","contentUrl":"https:\/\/www.raytech.it\/wp-content\/uploads\/shiny-solar-1.jpg","width":1024,"height":1024},{"@type":"BreadcrumbList","@id":"https:\/\/www.raytech.it\/pt-pt\/produto\/energias-renovaveis\/limpador-de-paineis\/manutencao-de-paineis-solares#breadcrumb","itemListElement":[{"@type":"ListItem","position":1,"name":"Home","item":"https:\/\/www.raytech.it\/pt-pt"},{"@type":"ListItem","position":2,"name":"Loja","item":"https:\/\/www.raytech.it\/pt-pt\/loja"},{"@type":"ListItem","position":3,"name":"Manuten\u00e7\u00e3o de pain\u00e9is solares"}]},{"@type":"WebSite","@id":"https:\/\/www.raytech.it\/#website","url":"https:\/\/www.raytech.it\/","name":"Raytech","description":"Cable accessories company","publisher":{"@id":"https:\/\/www.raytech.it\/#organization"},"potentialAction":[{"@type":"SearchAction","target":{"@type":"EntryPoint","urlTemplate":"https:\/\/www.raytech.it\/?s={search_term_string}"},"query-input":{"@type":"PropertyValueSpecification","valueRequired":true,"valueName":"search_term_string"}}],"inLanguage":"pt-PT"},{"@type":"Organization","@id":"https:\/\/www.raytech.it\/#organization","name":"Raytech","url":"https:\/\/www.raytech.it\/","logo":{"@type":"ImageObject","inLanguage":"pt-PT","@id":"https:\/\/www.raytech.it\/#\/schema\/logo\/image\/","url":"https:\/\/www.raytech.it\/wp-content\/uploads\/logo-raytech-2019-retina-3.png","contentUrl":"https:\/\/www.raytech.it\/wp-content\/uploads\/logo-raytech-2019-retina-3.png","width":340,"height":90,"caption":"Raytech"},"image":{"@id":"https:\/\/www.raytech.it\/#\/schema\/logo\/image\/"},"sameAs":["https:\/\/www.facebook.com\/RaytechItaly","https:\/\/www.instagram.com\/raytech_italy\/","https:\/\/www.youtube.com\/user\/raytechitaly","https:\/\/twitter.com\/Raytech_Italy"]}]}},"_links":{"self":[{"href":"https:\/\/www.raytech.it\/pt-pt\/wp-json\/wp\/v2\/product\/8425","targetHints":{"allow":["GET"]}}],"collection":[{"href":"https:\/\/www.raytech.it\/pt-pt\/wp-json\/wp\/v2\/product"}],"about":[{"href":"https:\/\/www.raytech.it\/pt-pt\/wp-json\/wp\/v2\/types\/product"}],"wp:featuredmedia":[{"embeddable":true,"href":"https:\/\/www.raytech.it\/pt-pt\/wp-json\/wp\/v2\/media\/11720"}],"wp:attachment":[{"href":"https:\/\/www.raytech.it\/pt-pt\/wp-json\/wp\/v2\/media?parent=8425"}],"wp:term":[{"taxonomy":"product_brand","embeddable":true,"href":"https:\/\/www.raytech.it\/pt-pt\/wp-json\/wp\/v2\/product_brand?post=8425"},{"taxonomy":"product_cat","embeddable":true,"href":"https:\/\/www.raytech.it\/pt-pt\/wp-json\/wp\/v2\/product_cat?post=8425"},{"taxonomy":"product_tag","embeddable":true,"href":"https:\/\/www.raytech.it\/pt-pt\/wp-json\/wp\/v2\/product_tag?post=8425"}],"curies":[{"name":"wp","href":"https:\/\/api.w.org\/{rel}","templated":true}]}}