{"id":8464,"date":"2015-09-15T10:37:50","date_gmt":"2016-01-27T14:01:43","guid":{"rendered":"http:\/\/raytech.it\/?post_type=product&#038;p=8464&#038;lang=pt-pt"},"modified":"2025-02-20T07:02:27","modified_gmt":"2025-02-20T06:02:27","slug":"juntas-auto-retrateis-unipolares-24-kv","status":"publish","type":"product","link":"https:\/\/www.raytech.it\/pt-pt\/produto\/media-tensao\/terminais-e-juntas-auto-retrateis-ate-36-kv\/juntas-pt-pt\/juntas-auto-retrateis-unipolares-24-kv","title":{"rendered":"Juntas auto-retr\u00e1teis unipolares 24 kV"},"content":{"rendered":"<h4><span style=\"color: #004f9f;\">Juntas monobloco para cabos extrudidos at\u00e9 12\/20 kV (Um 24 kV)<\/span><\/h4>\n<p>Adequados a aplica\u00e7\u00f5es de exterior, enterradas ou submersas, muito compactos e completos com todos os componentes. Cada kit inclui 1 junta unipolar. Cada componente da junta \u00e9 pr\u00e9-dilatado no suporte em espiral, extremamente f\u00e1cil de extrair para uma instala\u00e7\u00e3o r\u00e1pida e segura, sem ferramentas nem fontes de calor.<br \/>\n<a class=\"btn btn-default linkpdf mt_bg\" style=\"margin-top: 10px;\" href=\"\/catalogo\/pt-pt\/identificazione-giunzioni.pdf\" target=\"_blank\">Dados para identifica\u00e7\u00e3o da junta adequada<\/a><\/p>\n","protected":false},"excerpt":{"rendered":"<p>Juntas monobloco para cabos extrudidos at\u00e9 12\/20 kV (Um 24 kV) Adequados a aplica\u00e7\u00f5es de exterior, enterradas ou submersas, muito compactos e completos com todos os componentes. Cada kit inclui<span class=\"excerpt-hellip\"> [\u2026]<\/span><\/p>\n","protected":false},"featured_media":18784,"template":"","meta":[],"product_brand":[],"product_cat":[356,357,448],"product_tag":[],"class_list":{"0":"post-8464","1":"product","2":"type-product","3":"status-publish","4":"has-post-thumbnail","6":"product_cat-media-tensao","7":"product_cat-terminais-e-juntas-auto-retrateis-ate-36-kv","8":"product_cat-juntas-pt-pt","10":"first","11":"instock","12":"taxable","13":"shipping-taxable","14":"product-type-simple"},"yoast_head":"<!-- This site is optimized with the Yoast SEO plugin v26.5 - https:\/\/yoast.com\/wordpress\/plugins\/seo\/ -->\n<title>Juntas auto-retr\u00e1teis unipolares 24 kV | Raytech<\/title>\n<meta name=\"robots\" content=\"index, follow, max-snippet:-1, max-image-preview:large, max-video-preview:-1\" \/>\n<link rel=\"canonical\" href=\"https:\/\/www.raytech.it\/pt-pt\/produto\/media-tensao\/terminais-e-juntas-auto-retrateis-ate-36-kv\/juntas-pt-pt\/juntas-auto-retrateis-unipolares-24-kv\" \/>\n<meta property=\"og:locale\" content=\"pt_PT\" \/>\n<meta property=\"og:type\" content=\"article\" \/>\n<meta property=\"og:title\" content=\"Juntas auto-retr\u00e1teis unipolares 24 kV | Raytech\" \/>\n<meta property=\"og:description\" content=\"Juntas monobloco para cabos extrudidos at\u00e9 12\/20 kV (Um 24 kV) Adequados a aplica\u00e7\u00f5es de exterior, enterradas ou submersas, muito compactos e completos com todos os componentes. Cada kit inclui [\u2026]\" \/>\n<meta property=\"og:url\" content=\"https:\/\/www.raytech.it\/pt-pt\/produto\/media-tensao\/terminais-e-juntas-auto-retrateis-ate-36-kv\/juntas-pt-pt\/juntas-auto-retrateis-unipolares-24-kv\" \/>\n<meta property=\"og:site_name\" content=\"Raytech\" \/>\n<meta property=\"article:publisher\" content=\"https:\/\/www.facebook.com\/RaytechItaly\" \/>\n<meta property=\"article:modified_time\" content=\"2025-02-20T06:02:27+00:00\" \/>\n<meta property=\"og:image\" content=\"https:\/\/www.raytech.it\/wp-content\/uploads\/giunti-autorestringenti-1.jpg\" \/>\n\t<meta property=\"og:image:width\" content=\"1024\" \/>\n\t<meta property=\"og:image:height\" content=\"1024\" \/>\n\t<meta property=\"og:image:type\" content=\"image\/jpeg\" \/>\n<meta name=\"twitter:card\" content=\"summary_large_image\" \/>\n<script type=\"application\/ld+json\" class=\"yoast-schema-graph\">{\"@context\":\"https:\/\/schema.org\",\"@graph\":[{\"@type\":\"WebPage\",\"@id\":\"https:\/\/www.raytech.it\/pt-pt\/produto\/media-tensao\/terminais-e-juntas-auto-retrateis-ate-36-kv\/juntas-pt-pt\/juntas-auto-retrateis-unipolares-24-kv\",\"url\":\"https:\/\/www.raytech.it\/pt-pt\/produto\/media-tensao\/terminais-e-juntas-auto-retrateis-ate-36-kv\/juntas-pt-pt\/juntas-auto-retrateis-unipolares-24-kv\",\"name\":\"Juntas auto-retr\u00e1teis unipolares 24 kV | Raytech\",\"isPartOf\":{\"@id\":\"https:\/\/www.raytech.it\/#website\"},\"primaryImageOfPage\":{\"@id\":\"https:\/\/www.raytech.it\/pt-pt\/produto\/media-tensao\/terminais-e-juntas-auto-retrateis-ate-36-kv\/juntas-pt-pt\/juntas-auto-retrateis-unipolares-24-kv#primaryimage\"},\"image\":{\"@id\":\"https:\/\/www.raytech.it\/pt-pt\/produto\/media-tensao\/terminais-e-juntas-auto-retrateis-ate-36-kv\/juntas-pt-pt\/juntas-auto-retrateis-unipolares-24-kv#primaryimage\"},\"thumbnailUrl\":\"https:\/\/www.raytech.it\/wp-content\/uploads\/giunti-autorestringenti-1.jpg\",\"datePublished\":\"2016-01-27T14:01:43+00:00\",\"dateModified\":\"2025-02-20T06:02:27+00:00\",\"breadcrumb\":{\"@id\":\"https:\/\/www.raytech.it\/pt-pt\/produto\/media-tensao\/terminais-e-juntas-auto-retrateis-ate-36-kv\/juntas-pt-pt\/juntas-auto-retrateis-unipolares-24-kv#breadcrumb\"},\"inLanguage\":\"pt-PT\",\"potentialAction\":[{\"@type\":\"ReadAction\",\"target\":[\"https:\/\/www.raytech.it\/pt-pt\/produto\/media-tensao\/terminais-e-juntas-auto-retrateis-ate-36-kv\/juntas-pt-pt\/juntas-auto-retrateis-unipolares-24-kv\"]}]},{\"@type\":\"ImageObject\",\"inLanguage\":\"pt-PT\",\"@id\":\"https:\/\/www.raytech.it\/pt-pt\/produto\/media-tensao\/terminais-e-juntas-auto-retrateis-ate-36-kv\/juntas-pt-pt\/juntas-auto-retrateis-unipolares-24-kv#primaryimage\",\"url\":\"https:\/\/www.raytech.it\/wp-content\/uploads\/giunti-autorestringenti-1.jpg\",\"contentUrl\":\"https:\/\/www.raytech.it\/wp-content\/uploads\/giunti-autorestringenti-1.jpg\",\"width\":1024,\"height\":1024,\"caption\":\"giunti-autorestringenti\"},{\"@type\":\"BreadcrumbList\",\"@id\":\"https:\/\/www.raytech.it\/pt-pt\/produto\/media-tensao\/terminais-e-juntas-auto-retrateis-ate-36-kv\/juntas-pt-pt\/juntas-auto-retrateis-unipolares-24-kv#breadcrumb\",\"itemListElement\":[{\"@type\":\"ListItem\",\"position\":1,\"name\":\"Home\",\"item\":\"https:\/\/www.raytech.it\/pt-pt\"},{\"@type\":\"ListItem\",\"position\":2,\"name\":\"Loja\",\"item\":\"https:\/\/www.raytech.it\/pt-pt\/loja\"},{\"@type\":\"ListItem\",\"position\":3,\"name\":\"Juntas auto-retr\u00e1teis unipolares 24 kV\"}]},{\"@type\":\"WebSite\",\"@id\":\"https:\/\/www.raytech.it\/#website\",\"url\":\"https:\/\/www.raytech.it\/\",\"name\":\"Raytech\",\"description\":\"Cable accessories company\",\"publisher\":{\"@id\":\"https:\/\/www.raytech.it\/#organization\"},\"potentialAction\":[{\"@type\":\"SearchAction\",\"target\":{\"@type\":\"EntryPoint\",\"urlTemplate\":\"https:\/\/www.raytech.it\/?s={search_term_string}\"},\"query-input\":{\"@type\":\"PropertyValueSpecification\",\"valueRequired\":true,\"valueName\":\"search_term_string\"}}],\"inLanguage\":\"pt-PT\"},{\"@type\":\"Organization\",\"@id\":\"https:\/\/www.raytech.it\/#organization\",\"name\":\"Raytech\",\"url\":\"https:\/\/www.raytech.it\/\",\"logo\":{\"@type\":\"ImageObject\",\"inLanguage\":\"pt-PT\",\"@id\":\"https:\/\/www.raytech.it\/#\/schema\/logo\/image\/\",\"url\":\"https:\/\/www.raytech.it\/wp-content\/uploads\/logo-raytech-2019-retina-3.png\",\"contentUrl\":\"https:\/\/www.raytech.it\/wp-content\/uploads\/logo-raytech-2019-retina-3.png\",\"width\":340,\"height\":90,\"caption\":\"Raytech\"},\"image\":{\"@id\":\"https:\/\/www.raytech.it\/#\/schema\/logo\/image\/\"},\"sameAs\":[\"https:\/\/www.facebook.com\/RaytechItaly\",\"https:\/\/www.instagram.com\/raytech_italy\/\",\"https:\/\/www.youtube.com\/user\/raytechitaly\",\"https:\/\/twitter.com\/Raytech_Italy\"]}]}<\/script>\n<!-- \/ Yoast SEO plugin. -->","yoast_head_json":{"title":"Juntas auto-retr\u00e1teis unipolares 24 kV | Raytech","robots":{"index":"index","follow":"follow","max-snippet":"max-snippet:-1","max-image-preview":"max-image-preview:large","max-video-preview":"max-video-preview:-1"},"canonical":"https:\/\/www.raytech.it\/pt-pt\/produto\/media-tensao\/terminais-e-juntas-auto-retrateis-ate-36-kv\/juntas-pt-pt\/juntas-auto-retrateis-unipolares-24-kv","og_locale":"pt_PT","og_type":"article","og_title":"Juntas auto-retr\u00e1teis unipolares 24 kV | Raytech","og_description":"Juntas monobloco para cabos extrudidos at\u00e9 12\/20 kV (Um 24 kV) Adequados a aplica\u00e7\u00f5es de exterior, enterradas ou submersas, muito compactos e completos com todos os componentes. Cada kit inclui [\u2026]","og_url":"https:\/\/www.raytech.it\/pt-pt\/produto\/media-tensao\/terminais-e-juntas-auto-retrateis-ate-36-kv\/juntas-pt-pt\/juntas-auto-retrateis-unipolares-24-kv","og_site_name":"Raytech","article_publisher":"https:\/\/www.facebook.com\/RaytechItaly","article_modified_time":"2025-02-20T06:02:27+00:00","og_image":[{"width":1024,"height":1024,"url":"https:\/\/www.raytech.it\/wp-content\/uploads\/giunti-autorestringenti-1.jpg","type":"image\/jpeg"}],"twitter_card":"summary_large_image","schema":{"@context":"https:\/\/schema.org","@graph":[{"@type":"WebPage","@id":"https:\/\/www.raytech.it\/pt-pt\/produto\/media-tensao\/terminais-e-juntas-auto-retrateis-ate-36-kv\/juntas-pt-pt\/juntas-auto-retrateis-unipolares-24-kv","url":"https:\/\/www.raytech.it\/pt-pt\/produto\/media-tensao\/terminais-e-juntas-auto-retrateis-ate-36-kv\/juntas-pt-pt\/juntas-auto-retrateis-unipolares-24-kv","name":"Juntas auto-retr\u00e1teis unipolares 24 kV | Raytech","isPartOf":{"@id":"https:\/\/www.raytech.it\/#website"},"primaryImageOfPage":{"@id":"https:\/\/www.raytech.it\/pt-pt\/produto\/media-tensao\/terminais-e-juntas-auto-retrateis-ate-36-kv\/juntas-pt-pt\/juntas-auto-retrateis-unipolares-24-kv#primaryimage"},"image":{"@id":"https:\/\/www.raytech.it\/pt-pt\/produto\/media-tensao\/terminais-e-juntas-auto-retrateis-ate-36-kv\/juntas-pt-pt\/juntas-auto-retrateis-unipolares-24-kv#primaryimage"},"thumbnailUrl":"https:\/\/www.raytech.it\/wp-content\/uploads\/giunti-autorestringenti-1.jpg","datePublished":"2016-01-27T14:01:43+00:00","dateModified":"2025-02-20T06:02:27+00:00","breadcrumb":{"@id":"https:\/\/www.raytech.it\/pt-pt\/produto\/media-tensao\/terminais-e-juntas-auto-retrateis-ate-36-kv\/juntas-pt-pt\/juntas-auto-retrateis-unipolares-24-kv#breadcrumb"},"inLanguage":"pt-PT","potentialAction":[{"@type":"ReadAction","target":["https:\/\/www.raytech.it\/pt-pt\/produto\/media-tensao\/terminais-e-juntas-auto-retrateis-ate-36-kv\/juntas-pt-pt\/juntas-auto-retrateis-unipolares-24-kv"]}]},{"@type":"ImageObject","inLanguage":"pt-PT","@id":"https:\/\/www.raytech.it\/pt-pt\/produto\/media-tensao\/terminais-e-juntas-auto-retrateis-ate-36-kv\/juntas-pt-pt\/juntas-auto-retrateis-unipolares-24-kv#primaryimage","url":"https:\/\/www.raytech.it\/wp-content\/uploads\/giunti-autorestringenti-1.jpg","contentUrl":"https:\/\/www.raytech.it\/wp-content\/uploads\/giunti-autorestringenti-1.jpg","width":1024,"height":1024,"caption":"giunti-autorestringenti"},{"@type":"BreadcrumbList","@id":"https:\/\/www.raytech.it\/pt-pt\/produto\/media-tensao\/terminais-e-juntas-auto-retrateis-ate-36-kv\/juntas-pt-pt\/juntas-auto-retrateis-unipolares-24-kv#breadcrumb","itemListElement":[{"@type":"ListItem","position":1,"name":"Home","item":"https:\/\/www.raytech.it\/pt-pt"},{"@type":"ListItem","position":2,"name":"Loja","item":"https:\/\/www.raytech.it\/pt-pt\/loja"},{"@type":"ListItem","position":3,"name":"Juntas auto-retr\u00e1teis unipolares 24 kV"}]},{"@type":"WebSite","@id":"https:\/\/www.raytech.it\/#website","url":"https:\/\/www.raytech.it\/","name":"Raytech","description":"Cable accessories company","publisher":{"@id":"https:\/\/www.raytech.it\/#organization"},"potentialAction":[{"@type":"SearchAction","target":{"@type":"EntryPoint","urlTemplate":"https:\/\/www.raytech.it\/?s={search_term_string}"},"query-input":{"@type":"PropertyValueSpecification","valueRequired":true,"valueName":"search_term_string"}}],"inLanguage":"pt-PT"},{"@type":"Organization","@id":"https:\/\/www.raytech.it\/#organization","name":"Raytech","url":"https:\/\/www.raytech.it\/","logo":{"@type":"ImageObject","inLanguage":"pt-PT","@id":"https:\/\/www.raytech.it\/#\/schema\/logo\/image\/","url":"https:\/\/www.raytech.it\/wp-content\/uploads\/logo-raytech-2019-retina-3.png","contentUrl":"https:\/\/www.raytech.it\/wp-content\/uploads\/logo-raytech-2019-retina-3.png","width":340,"height":90,"caption":"Raytech"},"image":{"@id":"https:\/\/www.raytech.it\/#\/schema\/logo\/image\/"},"sameAs":["https:\/\/www.facebook.com\/RaytechItaly","https:\/\/www.instagram.com\/raytech_italy\/","https:\/\/www.youtube.com\/user\/raytechitaly","https:\/\/twitter.com\/Raytech_Italy"]}]}},"_links":{"self":[{"href":"https:\/\/www.raytech.it\/pt-pt\/wp-json\/wp\/v2\/product\/8464","targetHints":{"allow":["GET"]}}],"collection":[{"href":"https:\/\/www.raytech.it\/pt-pt\/wp-json\/wp\/v2\/product"}],"about":[{"href":"https:\/\/www.raytech.it\/pt-pt\/wp-json\/wp\/v2\/types\/product"}],"wp:featuredmedia":[{"embeddable":true,"href":"https:\/\/www.raytech.it\/pt-pt\/wp-json\/wp\/v2\/media\/18784"}],"wp:attachment":[{"href":"https:\/\/www.raytech.it\/pt-pt\/wp-json\/wp\/v2\/media?parent=8464"}],"wp:term":[{"taxonomy":"product_brand","embeddable":true,"href":"https:\/\/www.raytech.it\/pt-pt\/wp-json\/wp\/v2\/product_brand?post=8464"},{"taxonomy":"product_cat","embeddable":true,"href":"https:\/\/www.raytech.it\/pt-pt\/wp-json\/wp\/v2\/product_cat?post=8464"},{"taxonomy":"product_tag","embeddable":true,"href":"https:\/\/www.raytech.it\/pt-pt\/wp-json\/wp\/v2\/product_tag?post=8464"}],"curies":[{"name":"wp","href":"https:\/\/api.w.org\/{rel}","templated":true}]}}