{"id":8516,"date":"2015-09-15T11:29:59","date_gmt":"2016-01-28T09:23:01","guid":{"rendered":"http:\/\/raytech.it\/?post_type=product&#038;p=8516&#038;lang=pt-pt"},"modified":"2025-02-20T07:03:29","modified_gmt":"2025-02-20T06:03:29","slug":"juntas-de-transicao-entre-cabos-multipolares","status":"publish","type":"product","link":"https:\/\/www.raytech.it\/pt-pt\/produto\/media-tensao\/terminais-e-juntas-termorretracteis-ate-36-kv\/juntas-pt-pt-3\/juntas-de-transicao-entre-cabos-multipolares","title":{"rendered":"Juntas de transi\u00e7\u00e3o entre cabos multipolares"},"content":{"rendered":"<p><strong>Distribui\u00e7\u00e3o do campo el\u00e9trico<\/strong><br \/>\nAo cortar a blindagem do cabo, o campo el\u00e9trico \u00e9 controlado por um material j\u00e1 experimentado nos terminais: o tubo de controlo do gradiente el\u00e9trico. Este tubo \u00e9 em material isolante com imped\u00e2ncia n\u00e3o linear, capaz de controlar o campo magn\u00e9tico at\u00e9 ao final da blindagem do cabo e no conector met\u00e1lico. Tal como nos terminais, gra\u00e7as aos componentes termorretr\u00e1cteis, a gama de juntas inclui praticamente a totalidade das configura\u00e7\u00f5es de cabos existentes, tal como as juntas mistas entre diferentes tipologias de cabo. As refer\u00eancias dos kits que surgem nas tabelas de sele\u00e7\u00e3o s\u00e3o os mais utilizados pelos instaladores em todo o territ\u00f3rio nacional, para aplica\u00e7\u00f5es para cabos at\u00e9 36 kV. Nos casos n\u00e3o descritos, qualquer que seja o tipo de cabo, consultar a Raytech.<\/p>\n<ul>\n<li><span style=\"color: #004f9f;\">Juntas de transi\u00e7\u00e3o entre cabos <strong>tripolares<\/strong> em papel impregnado e <strong>tr\u00eas cabos unipolares<\/strong> de tipo extrudido<\/span><\/li>\n<li><span style=\"color: #004f9f;\">Juntas de transi\u00e7\u00e3o entre cabos <strong>tripolares<\/strong> extrudidos e<strong> tr\u00eas cabos unipolares<\/strong> em papel impregnado<\/span><\/li>\n<li><span style=\"color: #004f9f;\">Juntas para cabos <strong>unipolares<\/strong> e <strong>multipolares<\/strong> de interrup\u00e7\u00e3o de blindagens para a separa\u00e7\u00e3o das redes de terra<\/span><\/li>\n<\/ul>\n<p><a class=\"btn btn-default linkpdf mt_bg\" style=\"margin-top: 10px;\" href=\"\/catalogo\/pt-pt\/identificazione-giunzioni.pdf\" target=\"_blank\">Dados para identifica\u00e7\u00e3o da junta adequada<\/a><\/p>\n","protected":false},"excerpt":{"rendered":"<p>Distribui\u00e7\u00e3o do campo el\u00e9trico Ao cortar a blindagem do cabo, o campo el\u00e9trico \u00e9 controlado por um material j\u00e1 experimentado nos terminais: o tubo de controlo do gradiente el\u00e9trico. Este<span class=\"excerpt-hellip\"> [\u2026]<\/span><\/p>\n","protected":false},"featured_media":2407,"template":"","meta":[],"product_brand":[],"product_cat":[356,360,450],"product_tag":[],"class_list":{"0":"post-8516","1":"product","2":"type-product","3":"status-publish","4":"has-post-thumbnail","6":"product_cat-media-tensao","7":"product_cat-terminais-e-juntas-termorretracteis-ate-36-kv","8":"product_cat-juntas-pt-pt-3","10":"first","11":"instock","12":"taxable","13":"shipping-taxable","14":"product-type-simple"},"yoast_head":"<!-- This site is optimized with the Yoast SEO plugin v26.5 - https:\/\/yoast.com\/wordpress\/plugins\/seo\/ -->\n<title>Juntas de transi\u00e7\u00e3o entre cabos multipolares | Raytech<\/title>\n<meta name=\"robots\" content=\"index, follow, max-snippet:-1, max-image-preview:large, max-video-preview:-1\" \/>\n<link rel=\"canonical\" href=\"https:\/\/www.raytech.it\/pt-pt\/produto\/media-tensao\/terminais-e-juntas-termorretracteis-ate-36-kv\/juntas-pt-pt-3\/juntas-de-transicao-entre-cabos-multipolares\" \/>\n<meta property=\"og:locale\" content=\"pt_PT\" \/>\n<meta property=\"og:type\" content=\"article\" \/>\n<meta property=\"og:title\" content=\"Juntas de transi\u00e7\u00e3o entre cabos multipolares | Raytech\" \/>\n<meta property=\"og:description\" content=\"Distribui\u00e7\u00e3o do campo el\u00e9trico Ao cortar a blindagem do cabo, o campo el\u00e9trico \u00e9 controlado por um material j\u00e1 experimentado nos terminais: o tubo de controlo do gradiente el\u00e9trico. Este [\u2026]\" \/>\n<meta property=\"og:url\" content=\"https:\/\/www.raytech.it\/pt-pt\/produto\/media-tensao\/terminais-e-juntas-termorretracteis-ate-36-kv\/juntas-pt-pt-3\/juntas-de-transicao-entre-cabos-multipolares\" \/>\n<meta property=\"og:site_name\" content=\"Raytech\" \/>\n<meta property=\"article:publisher\" content=\"https:\/\/www.facebook.com\/RaytechItaly\" \/>\n<meta property=\"article:modified_time\" content=\"2025-02-20T06:03:29+00:00\" \/>\n<meta property=\"og:image\" content=\"https:\/\/www.raytech.it\/wp-content\/uploads\/giunti-di-transizione1.jpg\" \/>\n\t<meta property=\"og:image:width\" content=\"1024\" \/>\n\t<meta property=\"og:image:height\" content=\"1024\" \/>\n\t<meta property=\"og:image:type\" content=\"image\/jpeg\" \/>\n<meta name=\"twitter:card\" content=\"summary_large_image\" \/>\n<meta name=\"twitter:label1\" content=\"Tempo estimado de leitura\" \/>\n\t<meta name=\"twitter:data1\" content=\"1 minuto\" \/>\n<script type=\"application\/ld+json\" class=\"yoast-schema-graph\">{\"@context\":\"https:\/\/schema.org\",\"@graph\":[{\"@type\":\"WebPage\",\"@id\":\"https:\/\/www.raytech.it\/pt-pt\/produto\/media-tensao\/terminais-e-juntas-termorretracteis-ate-36-kv\/juntas-pt-pt-3\/juntas-de-transicao-entre-cabos-multipolares\",\"url\":\"https:\/\/www.raytech.it\/pt-pt\/produto\/media-tensao\/terminais-e-juntas-termorretracteis-ate-36-kv\/juntas-pt-pt-3\/juntas-de-transicao-entre-cabos-multipolares\",\"name\":\"Juntas de transi\u00e7\u00e3o entre cabos multipolares | Raytech\",\"isPartOf\":{\"@id\":\"https:\/\/www.raytech.it\/#website\"},\"primaryImageOfPage\":{\"@id\":\"https:\/\/www.raytech.it\/pt-pt\/produto\/media-tensao\/terminais-e-juntas-termorretracteis-ate-36-kv\/juntas-pt-pt-3\/juntas-de-transicao-entre-cabos-multipolares#primaryimage\"},\"image\":{\"@id\":\"https:\/\/www.raytech.it\/pt-pt\/produto\/media-tensao\/terminais-e-juntas-termorretracteis-ate-36-kv\/juntas-pt-pt-3\/juntas-de-transicao-entre-cabos-multipolares#primaryimage\"},\"thumbnailUrl\":\"https:\/\/www.raytech.it\/wp-content\/uploads\/giunti-di-transizione1.jpg\",\"datePublished\":\"2016-01-28T09:23:01+00:00\",\"dateModified\":\"2025-02-20T06:03:29+00:00\",\"breadcrumb\":{\"@id\":\"https:\/\/www.raytech.it\/pt-pt\/produto\/media-tensao\/terminais-e-juntas-termorretracteis-ate-36-kv\/juntas-pt-pt-3\/juntas-de-transicao-entre-cabos-multipolares#breadcrumb\"},\"inLanguage\":\"pt-PT\",\"potentialAction\":[{\"@type\":\"ReadAction\",\"target\":[\"https:\/\/www.raytech.it\/pt-pt\/produto\/media-tensao\/terminais-e-juntas-termorretracteis-ate-36-kv\/juntas-pt-pt-3\/juntas-de-transicao-entre-cabos-multipolares\"]}]},{\"@type\":\"ImageObject\",\"inLanguage\":\"pt-PT\",\"@id\":\"https:\/\/www.raytech.it\/pt-pt\/produto\/media-tensao\/terminais-e-juntas-termorretracteis-ate-36-kv\/juntas-pt-pt-3\/juntas-de-transicao-entre-cabos-multipolares#primaryimage\",\"url\":\"https:\/\/www.raytech.it\/wp-content\/uploads\/giunti-di-transizione1.jpg\",\"contentUrl\":\"https:\/\/www.raytech.it\/wp-content\/uploads\/giunti-di-transizione1.jpg\",\"width\":1024,\"height\":1024},{\"@type\":\"BreadcrumbList\",\"@id\":\"https:\/\/www.raytech.it\/pt-pt\/produto\/media-tensao\/terminais-e-juntas-termorretracteis-ate-36-kv\/juntas-pt-pt-3\/juntas-de-transicao-entre-cabos-multipolares#breadcrumb\",\"itemListElement\":[{\"@type\":\"ListItem\",\"position\":1,\"name\":\"Home\",\"item\":\"https:\/\/www.raytech.it\/pt-pt\"},{\"@type\":\"ListItem\",\"position\":2,\"name\":\"Loja\",\"item\":\"https:\/\/www.raytech.it\/pt-pt\/loja\"},{\"@type\":\"ListItem\",\"position\":3,\"name\":\"Juntas de transi\u00e7\u00e3o entre cabos multipolares\"}]},{\"@type\":\"WebSite\",\"@id\":\"https:\/\/www.raytech.it\/#website\",\"url\":\"https:\/\/www.raytech.it\/\",\"name\":\"Raytech\",\"description\":\"Cable accessories company\",\"publisher\":{\"@id\":\"https:\/\/www.raytech.it\/#organization\"},\"potentialAction\":[{\"@type\":\"SearchAction\",\"target\":{\"@type\":\"EntryPoint\",\"urlTemplate\":\"https:\/\/www.raytech.it\/?s={search_term_string}\"},\"query-input\":{\"@type\":\"PropertyValueSpecification\",\"valueRequired\":true,\"valueName\":\"search_term_string\"}}],\"inLanguage\":\"pt-PT\"},{\"@type\":\"Organization\",\"@id\":\"https:\/\/www.raytech.it\/#organization\",\"name\":\"Raytech\",\"url\":\"https:\/\/www.raytech.it\/\",\"logo\":{\"@type\":\"ImageObject\",\"inLanguage\":\"pt-PT\",\"@id\":\"https:\/\/www.raytech.it\/#\/schema\/logo\/image\/\",\"url\":\"https:\/\/www.raytech.it\/wp-content\/uploads\/logo-raytech-2019-retina-3.png\",\"contentUrl\":\"https:\/\/www.raytech.it\/wp-content\/uploads\/logo-raytech-2019-retina-3.png\",\"width\":340,\"height\":90,\"caption\":\"Raytech\"},\"image\":{\"@id\":\"https:\/\/www.raytech.it\/#\/schema\/logo\/image\/\"},\"sameAs\":[\"https:\/\/www.facebook.com\/RaytechItaly\",\"https:\/\/www.instagram.com\/raytech_italy\/\",\"https:\/\/www.youtube.com\/user\/raytechitaly\",\"https:\/\/twitter.com\/Raytech_Italy\"]}]}<\/script>\n<!-- \/ Yoast SEO plugin. -->","yoast_head_json":{"title":"Juntas de transi\u00e7\u00e3o entre cabos multipolares | Raytech","robots":{"index":"index","follow":"follow","max-snippet":"max-snippet:-1","max-image-preview":"max-image-preview:large","max-video-preview":"max-video-preview:-1"},"canonical":"https:\/\/www.raytech.it\/pt-pt\/produto\/media-tensao\/terminais-e-juntas-termorretracteis-ate-36-kv\/juntas-pt-pt-3\/juntas-de-transicao-entre-cabos-multipolares","og_locale":"pt_PT","og_type":"article","og_title":"Juntas de transi\u00e7\u00e3o entre cabos multipolares | Raytech","og_description":"Distribui\u00e7\u00e3o do campo el\u00e9trico Ao cortar a blindagem do cabo, o campo el\u00e9trico \u00e9 controlado por um material j\u00e1 experimentado nos terminais: o tubo de controlo do gradiente el\u00e9trico. Este [\u2026]","og_url":"https:\/\/www.raytech.it\/pt-pt\/produto\/media-tensao\/terminais-e-juntas-termorretracteis-ate-36-kv\/juntas-pt-pt-3\/juntas-de-transicao-entre-cabos-multipolares","og_site_name":"Raytech","article_publisher":"https:\/\/www.facebook.com\/RaytechItaly","article_modified_time":"2025-02-20T06:03:29+00:00","og_image":[{"width":1024,"height":1024,"url":"https:\/\/www.raytech.it\/wp-content\/uploads\/giunti-di-transizione1.jpg","type":"image\/jpeg"}],"twitter_card":"summary_large_image","twitter_misc":{"Tempo estimado de leitura":"1 minuto"},"schema":{"@context":"https:\/\/schema.org","@graph":[{"@type":"WebPage","@id":"https:\/\/www.raytech.it\/pt-pt\/produto\/media-tensao\/terminais-e-juntas-termorretracteis-ate-36-kv\/juntas-pt-pt-3\/juntas-de-transicao-entre-cabos-multipolares","url":"https:\/\/www.raytech.it\/pt-pt\/produto\/media-tensao\/terminais-e-juntas-termorretracteis-ate-36-kv\/juntas-pt-pt-3\/juntas-de-transicao-entre-cabos-multipolares","name":"Juntas de transi\u00e7\u00e3o entre cabos multipolares | Raytech","isPartOf":{"@id":"https:\/\/www.raytech.it\/#website"},"primaryImageOfPage":{"@id":"https:\/\/www.raytech.it\/pt-pt\/produto\/media-tensao\/terminais-e-juntas-termorretracteis-ate-36-kv\/juntas-pt-pt-3\/juntas-de-transicao-entre-cabos-multipolares#primaryimage"},"image":{"@id":"https:\/\/www.raytech.it\/pt-pt\/produto\/media-tensao\/terminais-e-juntas-termorretracteis-ate-36-kv\/juntas-pt-pt-3\/juntas-de-transicao-entre-cabos-multipolares#primaryimage"},"thumbnailUrl":"https:\/\/www.raytech.it\/wp-content\/uploads\/giunti-di-transizione1.jpg","datePublished":"2016-01-28T09:23:01+00:00","dateModified":"2025-02-20T06:03:29+00:00","breadcrumb":{"@id":"https:\/\/www.raytech.it\/pt-pt\/produto\/media-tensao\/terminais-e-juntas-termorretracteis-ate-36-kv\/juntas-pt-pt-3\/juntas-de-transicao-entre-cabos-multipolares#breadcrumb"},"inLanguage":"pt-PT","potentialAction":[{"@type":"ReadAction","target":["https:\/\/www.raytech.it\/pt-pt\/produto\/media-tensao\/terminais-e-juntas-termorretracteis-ate-36-kv\/juntas-pt-pt-3\/juntas-de-transicao-entre-cabos-multipolares"]}]},{"@type":"ImageObject","inLanguage":"pt-PT","@id":"https:\/\/www.raytech.it\/pt-pt\/produto\/media-tensao\/terminais-e-juntas-termorretracteis-ate-36-kv\/juntas-pt-pt-3\/juntas-de-transicao-entre-cabos-multipolares#primaryimage","url":"https:\/\/www.raytech.it\/wp-content\/uploads\/giunti-di-transizione1.jpg","contentUrl":"https:\/\/www.raytech.it\/wp-content\/uploads\/giunti-di-transizione1.jpg","width":1024,"height":1024},{"@type":"BreadcrumbList","@id":"https:\/\/www.raytech.it\/pt-pt\/produto\/media-tensao\/terminais-e-juntas-termorretracteis-ate-36-kv\/juntas-pt-pt-3\/juntas-de-transicao-entre-cabos-multipolares#breadcrumb","itemListElement":[{"@type":"ListItem","position":1,"name":"Home","item":"https:\/\/www.raytech.it\/pt-pt"},{"@type":"ListItem","position":2,"name":"Loja","item":"https:\/\/www.raytech.it\/pt-pt\/loja"},{"@type":"ListItem","position":3,"name":"Juntas de transi\u00e7\u00e3o entre cabos multipolares"}]},{"@type":"WebSite","@id":"https:\/\/www.raytech.it\/#website","url":"https:\/\/www.raytech.it\/","name":"Raytech","description":"Cable accessories company","publisher":{"@id":"https:\/\/www.raytech.it\/#organization"},"potentialAction":[{"@type":"SearchAction","target":{"@type":"EntryPoint","urlTemplate":"https:\/\/www.raytech.it\/?s={search_term_string}"},"query-input":{"@type":"PropertyValueSpecification","valueRequired":true,"valueName":"search_term_string"}}],"inLanguage":"pt-PT"},{"@type":"Organization","@id":"https:\/\/www.raytech.it\/#organization","name":"Raytech","url":"https:\/\/www.raytech.it\/","logo":{"@type":"ImageObject","inLanguage":"pt-PT","@id":"https:\/\/www.raytech.it\/#\/schema\/logo\/image\/","url":"https:\/\/www.raytech.it\/wp-content\/uploads\/logo-raytech-2019-retina-3.png","contentUrl":"https:\/\/www.raytech.it\/wp-content\/uploads\/logo-raytech-2019-retina-3.png","width":340,"height":90,"caption":"Raytech"},"image":{"@id":"https:\/\/www.raytech.it\/#\/schema\/logo\/image\/"},"sameAs":["https:\/\/www.facebook.com\/RaytechItaly","https:\/\/www.instagram.com\/raytech_italy\/","https:\/\/www.youtube.com\/user\/raytechitaly","https:\/\/twitter.com\/Raytech_Italy"]}]}},"_links":{"self":[{"href":"https:\/\/www.raytech.it\/pt-pt\/wp-json\/wp\/v2\/product\/8516","targetHints":{"allow":["GET"]}}],"collection":[{"href":"https:\/\/www.raytech.it\/pt-pt\/wp-json\/wp\/v2\/product"}],"about":[{"href":"https:\/\/www.raytech.it\/pt-pt\/wp-json\/wp\/v2\/types\/product"}],"wp:featuredmedia":[{"embeddable":true,"href":"https:\/\/www.raytech.it\/pt-pt\/wp-json\/wp\/v2\/media\/2407"}],"wp:attachment":[{"href":"https:\/\/www.raytech.it\/pt-pt\/wp-json\/wp\/v2\/media?parent=8516"}],"wp:term":[{"taxonomy":"product_brand","embeddable":true,"href":"https:\/\/www.raytech.it\/pt-pt\/wp-json\/wp\/v2\/product_brand?post=8516"},{"taxonomy":"product_cat","embeddable":true,"href":"https:\/\/www.raytech.it\/pt-pt\/wp-json\/wp\/v2\/product_cat?post=8516"},{"taxonomy":"product_tag","embeddable":true,"href":"https:\/\/www.raytech.it\/pt-pt\/wp-json\/wp\/v2\/product_tag?post=8516"}],"curies":[{"name":"wp","href":"https:\/\/api.w.org\/{rel}","templated":true}]}}