{"id":8536,"date":"2015-07-16T14:09:21","date_gmt":"2016-01-28T11:16:37","guid":{"rendered":"http:\/\/raytech.it\/?post_type=product&#038;p=8536&#038;lang=pt-pt"},"modified":"2019-07-31T14:54:27","modified_gmt":"2019-07-31T14:54:27","slug":"cabo-autorregulador-para-utilizacao-anticongelante-ou-para-a-manutencao-da-temperatura-para-uso-geral","status":"publish","type":"product","link":"https:\/\/www.raytech.it\/pt-pt\/produto\/cabos-de-aquecimento\/domesticos\/anticongelante-para-tubos\/autorregulador-pt-pt-2\/cabo-autorregulador-para-utilizacao-anticongelante-ou-para-a-manutencao-da-temperatura-para-uso-geral","title":{"rendered":"Cabo autorregulador para utiliza\u00e7\u00e3o anticongelante ou para a manuten\u00e7\u00e3o da temperatura para uso geral"},"content":{"rendered":"<h4><span style=\"color: #e3001a;\">MCA<br \/>\nCabo autorregulador para utiliza\u00e7\u00e3o anticongelante ou para a manuten\u00e7\u00e3o da temperatura para uso geral<\/span><\/h4>\n<p>Para uso de anticongelante em tubos ou reservat\u00f3rios ou para manter temperaturas de processamento na \u00e1rea dos 65\u00b0C, mesmo em zonas classificadas. Nenhuma manuten\u00e7\u00e3o fi\u00e1vel, instala\u00e7\u00e3o simples. Adequado para funcionar na presen\u00e7a de solu\u00e7\u00f5es inorg\u00e2nicas brandas.<\/p>\n<div class=\"mca-compact\">\n<h4><span style=\"color: #e3001a;\">MCA Compact<\/span><\/h4>\n<p>Cabos <strong>autorreguladores<\/strong> com dimenso\u0303es compactas para uso anticongelante ou para S manutenc\u0327a\u0303o da temperatura.<\/div>\n","protected":false},"excerpt":{"rendered":"<p>MCA Cabo autorregulador para utiliza\u00e7\u00e3o anticongelante ou para a manuten\u00e7\u00e3o da temperatura para uso geral Para uso de anticongelante em tubos ou reservat\u00f3rios ou para manter temperaturas de processamento na<span class=\"excerpt-hellip\"> [\u2026]<\/span><\/p>\n","protected":false},"featured_media":2498,"template":"","meta":[],"product_brand":[],"product_cat":[346,351,352,422],"product_tag":[],"class_list":{"0":"post-8536","1":"product","2":"type-product","3":"status-publish","4":"has-post-thumbnail","6":"product_cat-cabos-de-aquecimento","7":"product_cat-domesticos","8":"product_cat-anticongelante-para-tubos","9":"product_cat-autorregulador-pt-pt-2","11":"first","12":"instock","13":"taxable","14":"shipping-taxable","15":"product-type-simple"},"yoast_head":"<!-- This site is optimized with the Yoast SEO plugin v26.5 - https:\/\/yoast.com\/wordpress\/plugins\/seo\/ -->\n<title>Cabo autorregulador para utiliza\u00e7\u00e3o anticongelante ou para a manuten\u00e7\u00e3o da temperatura para uso geral | Raytech<\/title>\n<meta name=\"robots\" content=\"index, follow, max-snippet:-1, max-image-preview:large, max-video-preview:-1\" \/>\n<link rel=\"canonical\" href=\"https:\/\/www.raytech.it\/pt-pt\/produto\/cabos-de-aquecimento\/domesticos\/anticongelante-para-tubos\/autorregulador-pt-pt-2\/cabo-autorregulador-para-utilizacao-anticongelante-ou-para-a-manutencao-da-temperatura-para-uso-geral\" \/>\n<meta property=\"og:locale\" content=\"pt_PT\" \/>\n<meta property=\"og:type\" content=\"article\" \/>\n<meta property=\"og:title\" content=\"Cabo autorregulador para utiliza\u00e7\u00e3o anticongelante ou para a manuten\u00e7\u00e3o da temperatura para uso geral | Raytech\" \/>\n<meta property=\"og:description\" content=\"MCA Cabo autorregulador para utiliza\u00e7\u00e3o anticongelante ou para a manuten\u00e7\u00e3o da temperatura para uso geral Para uso de anticongelante em tubos ou reservat\u00f3rios ou para manter temperaturas de processamento na [\u2026]\" \/>\n<meta property=\"og:url\" content=\"https:\/\/www.raytech.it\/pt-pt\/produto\/cabos-de-aquecimento\/domesticos\/anticongelante-para-tubos\/autorregulador-pt-pt-2\/cabo-autorregulador-para-utilizacao-anticongelante-ou-para-a-manutencao-da-temperatura-para-uso-geral\" \/>\n<meta property=\"og:site_name\" content=\"Raytech\" \/>\n<meta property=\"article:publisher\" content=\"https:\/\/www.facebook.com\/RaytechItaly\" \/>\n<meta property=\"article:modified_time\" content=\"2019-07-31T14:54:27+00:00\" \/>\n<meta property=\"og:image\" content=\"https:\/\/www.raytech.it\/wp-content\/uploads\/mca-tutti.jpg\" \/>\n\t<meta property=\"og:image:width\" content=\"1024\" \/>\n\t<meta property=\"og:image:height\" content=\"1024\" \/>\n\t<meta property=\"og:image:type\" content=\"image\/jpeg\" \/>\n<meta name=\"twitter:card\" content=\"summary_large_image\" \/>\n<script type=\"application\/ld+json\" class=\"yoast-schema-graph\">{\"@context\":\"https:\/\/schema.org\",\"@graph\":[{\"@type\":\"WebPage\",\"@id\":\"https:\/\/www.raytech.it\/pt-pt\/produto\/cabos-de-aquecimento\/domesticos\/anticongelante-para-tubos\/autorregulador-pt-pt-2\/cabo-autorregulador-para-utilizacao-anticongelante-ou-para-a-manutencao-da-temperatura-para-uso-geral\",\"url\":\"https:\/\/www.raytech.it\/pt-pt\/produto\/cabos-de-aquecimento\/domesticos\/anticongelante-para-tubos\/autorregulador-pt-pt-2\/cabo-autorregulador-para-utilizacao-anticongelante-ou-para-a-manutencao-da-temperatura-para-uso-geral\",\"name\":\"Cabo autorregulador para utiliza\u00e7\u00e3o anticongelante ou para a manuten\u00e7\u00e3o da temperatura para uso geral | Raytech\",\"isPartOf\":{\"@id\":\"https:\/\/www.raytech.it\/#website\"},\"primaryImageOfPage\":{\"@id\":\"https:\/\/www.raytech.it\/pt-pt\/produto\/cabos-de-aquecimento\/domesticos\/anticongelante-para-tubos\/autorregulador-pt-pt-2\/cabo-autorregulador-para-utilizacao-anticongelante-ou-para-a-manutencao-da-temperatura-para-uso-geral#primaryimage\"},\"image\":{\"@id\":\"https:\/\/www.raytech.it\/pt-pt\/produto\/cabos-de-aquecimento\/domesticos\/anticongelante-para-tubos\/autorregulador-pt-pt-2\/cabo-autorregulador-para-utilizacao-anticongelante-ou-para-a-manutencao-da-temperatura-para-uso-geral#primaryimage\"},\"thumbnailUrl\":\"https:\/\/www.raytech.it\/wp-content\/uploads\/mca-tutti.jpg\",\"datePublished\":\"2016-01-28T11:16:37+00:00\",\"dateModified\":\"2019-07-31T14:54:27+00:00\",\"breadcrumb\":{\"@id\":\"https:\/\/www.raytech.it\/pt-pt\/produto\/cabos-de-aquecimento\/domesticos\/anticongelante-para-tubos\/autorregulador-pt-pt-2\/cabo-autorregulador-para-utilizacao-anticongelante-ou-para-a-manutencao-da-temperatura-para-uso-geral#breadcrumb\"},\"inLanguage\":\"pt-PT\",\"potentialAction\":[{\"@type\":\"ReadAction\",\"target\":[\"https:\/\/www.raytech.it\/pt-pt\/produto\/cabos-de-aquecimento\/domesticos\/anticongelante-para-tubos\/autorregulador-pt-pt-2\/cabo-autorregulador-para-utilizacao-anticongelante-ou-para-a-manutencao-da-temperatura-para-uso-geral\"]}]},{\"@type\":\"ImageObject\",\"inLanguage\":\"pt-PT\",\"@id\":\"https:\/\/www.raytech.it\/pt-pt\/produto\/cabos-de-aquecimento\/domesticos\/anticongelante-para-tubos\/autorregulador-pt-pt-2\/cabo-autorregulador-para-utilizacao-anticongelante-ou-para-a-manutencao-da-temperatura-para-uso-geral#primaryimage\",\"url\":\"https:\/\/www.raytech.it\/wp-content\/uploads\/mca-tutti.jpg\",\"contentUrl\":\"https:\/\/www.raytech.it\/wp-content\/uploads\/mca-tutti.jpg\",\"width\":1024,\"height\":1024},{\"@type\":\"BreadcrumbList\",\"@id\":\"https:\/\/www.raytech.it\/pt-pt\/produto\/cabos-de-aquecimento\/domesticos\/anticongelante-para-tubos\/autorregulador-pt-pt-2\/cabo-autorregulador-para-utilizacao-anticongelante-ou-para-a-manutencao-da-temperatura-para-uso-geral#breadcrumb\",\"itemListElement\":[{\"@type\":\"ListItem\",\"position\":1,\"name\":\"Home\",\"item\":\"https:\/\/www.raytech.it\/pt-pt\"},{\"@type\":\"ListItem\",\"position\":2,\"name\":\"Loja\",\"item\":\"https:\/\/www.raytech.it\/pt-pt\/loja\"},{\"@type\":\"ListItem\",\"position\":3,\"name\":\"Cabo autorregulador para utiliza\u00e7\u00e3o anticongelante ou para a manuten\u00e7\u00e3o da temperatura para uso geral\"}]},{\"@type\":\"WebSite\",\"@id\":\"https:\/\/www.raytech.it\/#website\",\"url\":\"https:\/\/www.raytech.it\/\",\"name\":\"Raytech\",\"description\":\"Cable accessories company\",\"publisher\":{\"@id\":\"https:\/\/www.raytech.it\/#organization\"},\"potentialAction\":[{\"@type\":\"SearchAction\",\"target\":{\"@type\":\"EntryPoint\",\"urlTemplate\":\"https:\/\/www.raytech.it\/?s={search_term_string}\"},\"query-input\":{\"@type\":\"PropertyValueSpecification\",\"valueRequired\":true,\"valueName\":\"search_term_string\"}}],\"inLanguage\":\"pt-PT\"},{\"@type\":\"Organization\",\"@id\":\"https:\/\/www.raytech.it\/#organization\",\"name\":\"Raytech\",\"url\":\"https:\/\/www.raytech.it\/\",\"logo\":{\"@type\":\"ImageObject\",\"inLanguage\":\"pt-PT\",\"@id\":\"https:\/\/www.raytech.it\/#\/schema\/logo\/image\/\",\"url\":\"https:\/\/www.raytech.it\/wp-content\/uploads\/logo-raytech-2019-retina-3.png\",\"contentUrl\":\"https:\/\/www.raytech.it\/wp-content\/uploads\/logo-raytech-2019-retina-3.png\",\"width\":340,\"height\":90,\"caption\":\"Raytech\"},\"image\":{\"@id\":\"https:\/\/www.raytech.it\/#\/schema\/logo\/image\/\"},\"sameAs\":[\"https:\/\/www.facebook.com\/RaytechItaly\",\"https:\/\/www.instagram.com\/raytech_italy\/\",\"https:\/\/www.youtube.com\/user\/raytechitaly\",\"https:\/\/twitter.com\/Raytech_Italy\"]}]}<\/script>\n<!-- \/ Yoast SEO plugin. -->","yoast_head_json":{"title":"Cabo autorregulador para utiliza\u00e7\u00e3o anticongelante ou para a manuten\u00e7\u00e3o da temperatura para uso geral | Raytech","robots":{"index":"index","follow":"follow","max-snippet":"max-snippet:-1","max-image-preview":"max-image-preview:large","max-video-preview":"max-video-preview:-1"},"canonical":"https:\/\/www.raytech.it\/pt-pt\/produto\/cabos-de-aquecimento\/domesticos\/anticongelante-para-tubos\/autorregulador-pt-pt-2\/cabo-autorregulador-para-utilizacao-anticongelante-ou-para-a-manutencao-da-temperatura-para-uso-geral","og_locale":"pt_PT","og_type":"article","og_title":"Cabo autorregulador para utiliza\u00e7\u00e3o anticongelante ou para a manuten\u00e7\u00e3o da temperatura para uso geral | Raytech","og_description":"MCA Cabo autorregulador para utiliza\u00e7\u00e3o anticongelante ou para a manuten\u00e7\u00e3o da temperatura para uso geral Para uso de anticongelante em tubos ou reservat\u00f3rios ou para manter temperaturas de processamento na [\u2026]","og_url":"https:\/\/www.raytech.it\/pt-pt\/produto\/cabos-de-aquecimento\/domesticos\/anticongelante-para-tubos\/autorregulador-pt-pt-2\/cabo-autorregulador-para-utilizacao-anticongelante-ou-para-a-manutencao-da-temperatura-para-uso-geral","og_site_name":"Raytech","article_publisher":"https:\/\/www.facebook.com\/RaytechItaly","article_modified_time":"2019-07-31T14:54:27+00:00","og_image":[{"width":1024,"height":1024,"url":"https:\/\/www.raytech.it\/wp-content\/uploads\/mca-tutti.jpg","type":"image\/jpeg"}],"twitter_card":"summary_large_image","schema":{"@context":"https:\/\/schema.org","@graph":[{"@type":"WebPage","@id":"https:\/\/www.raytech.it\/pt-pt\/produto\/cabos-de-aquecimento\/domesticos\/anticongelante-para-tubos\/autorregulador-pt-pt-2\/cabo-autorregulador-para-utilizacao-anticongelante-ou-para-a-manutencao-da-temperatura-para-uso-geral","url":"https:\/\/www.raytech.it\/pt-pt\/produto\/cabos-de-aquecimento\/domesticos\/anticongelante-para-tubos\/autorregulador-pt-pt-2\/cabo-autorregulador-para-utilizacao-anticongelante-ou-para-a-manutencao-da-temperatura-para-uso-geral","name":"Cabo autorregulador para utiliza\u00e7\u00e3o anticongelante ou para a manuten\u00e7\u00e3o da temperatura para uso geral | Raytech","isPartOf":{"@id":"https:\/\/www.raytech.it\/#website"},"primaryImageOfPage":{"@id":"https:\/\/www.raytech.it\/pt-pt\/produto\/cabos-de-aquecimento\/domesticos\/anticongelante-para-tubos\/autorregulador-pt-pt-2\/cabo-autorregulador-para-utilizacao-anticongelante-ou-para-a-manutencao-da-temperatura-para-uso-geral#primaryimage"},"image":{"@id":"https:\/\/www.raytech.it\/pt-pt\/produto\/cabos-de-aquecimento\/domesticos\/anticongelante-para-tubos\/autorregulador-pt-pt-2\/cabo-autorregulador-para-utilizacao-anticongelante-ou-para-a-manutencao-da-temperatura-para-uso-geral#primaryimage"},"thumbnailUrl":"https:\/\/www.raytech.it\/wp-content\/uploads\/mca-tutti.jpg","datePublished":"2016-01-28T11:16:37+00:00","dateModified":"2019-07-31T14:54:27+00:00","breadcrumb":{"@id":"https:\/\/www.raytech.it\/pt-pt\/produto\/cabos-de-aquecimento\/domesticos\/anticongelante-para-tubos\/autorregulador-pt-pt-2\/cabo-autorregulador-para-utilizacao-anticongelante-ou-para-a-manutencao-da-temperatura-para-uso-geral#breadcrumb"},"inLanguage":"pt-PT","potentialAction":[{"@type":"ReadAction","target":["https:\/\/www.raytech.it\/pt-pt\/produto\/cabos-de-aquecimento\/domesticos\/anticongelante-para-tubos\/autorregulador-pt-pt-2\/cabo-autorregulador-para-utilizacao-anticongelante-ou-para-a-manutencao-da-temperatura-para-uso-geral"]}]},{"@type":"ImageObject","inLanguage":"pt-PT","@id":"https:\/\/www.raytech.it\/pt-pt\/produto\/cabos-de-aquecimento\/domesticos\/anticongelante-para-tubos\/autorregulador-pt-pt-2\/cabo-autorregulador-para-utilizacao-anticongelante-ou-para-a-manutencao-da-temperatura-para-uso-geral#primaryimage","url":"https:\/\/www.raytech.it\/wp-content\/uploads\/mca-tutti.jpg","contentUrl":"https:\/\/www.raytech.it\/wp-content\/uploads\/mca-tutti.jpg","width":1024,"height":1024},{"@type":"BreadcrumbList","@id":"https:\/\/www.raytech.it\/pt-pt\/produto\/cabos-de-aquecimento\/domesticos\/anticongelante-para-tubos\/autorregulador-pt-pt-2\/cabo-autorregulador-para-utilizacao-anticongelante-ou-para-a-manutencao-da-temperatura-para-uso-geral#breadcrumb","itemListElement":[{"@type":"ListItem","position":1,"name":"Home","item":"https:\/\/www.raytech.it\/pt-pt"},{"@type":"ListItem","position":2,"name":"Loja","item":"https:\/\/www.raytech.it\/pt-pt\/loja"},{"@type":"ListItem","position":3,"name":"Cabo autorregulador para utiliza\u00e7\u00e3o anticongelante ou para a manuten\u00e7\u00e3o da temperatura para uso geral"}]},{"@type":"WebSite","@id":"https:\/\/www.raytech.it\/#website","url":"https:\/\/www.raytech.it\/","name":"Raytech","description":"Cable accessories company","publisher":{"@id":"https:\/\/www.raytech.it\/#organization"},"potentialAction":[{"@type":"SearchAction","target":{"@type":"EntryPoint","urlTemplate":"https:\/\/www.raytech.it\/?s={search_term_string}"},"query-input":{"@type":"PropertyValueSpecification","valueRequired":true,"valueName":"search_term_string"}}],"inLanguage":"pt-PT"},{"@type":"Organization","@id":"https:\/\/www.raytech.it\/#organization","name":"Raytech","url":"https:\/\/www.raytech.it\/","logo":{"@type":"ImageObject","inLanguage":"pt-PT","@id":"https:\/\/www.raytech.it\/#\/schema\/logo\/image\/","url":"https:\/\/www.raytech.it\/wp-content\/uploads\/logo-raytech-2019-retina-3.png","contentUrl":"https:\/\/www.raytech.it\/wp-content\/uploads\/logo-raytech-2019-retina-3.png","width":340,"height":90,"caption":"Raytech"},"image":{"@id":"https:\/\/www.raytech.it\/#\/schema\/logo\/image\/"},"sameAs":["https:\/\/www.facebook.com\/RaytechItaly","https:\/\/www.instagram.com\/raytech_italy\/","https:\/\/www.youtube.com\/user\/raytechitaly","https:\/\/twitter.com\/Raytech_Italy"]}]}},"_links":{"self":[{"href":"https:\/\/www.raytech.it\/pt-pt\/wp-json\/wp\/v2\/product\/8536","targetHints":{"allow":["GET"]}}],"collection":[{"href":"https:\/\/www.raytech.it\/pt-pt\/wp-json\/wp\/v2\/product"}],"about":[{"href":"https:\/\/www.raytech.it\/pt-pt\/wp-json\/wp\/v2\/types\/product"}],"wp:featuredmedia":[{"embeddable":true,"href":"https:\/\/www.raytech.it\/pt-pt\/wp-json\/wp\/v2\/media\/2498"}],"wp:attachment":[{"href":"https:\/\/www.raytech.it\/pt-pt\/wp-json\/wp\/v2\/media?parent=8536"}],"wp:term":[{"taxonomy":"product_brand","embeddable":true,"href":"https:\/\/www.raytech.it\/pt-pt\/wp-json\/wp\/v2\/product_brand?post=8536"},{"taxonomy":"product_cat","embeddable":true,"href":"https:\/\/www.raytech.it\/pt-pt\/wp-json\/wp\/v2\/product_cat?post=8536"},{"taxonomy":"product_tag","embeddable":true,"href":"https:\/\/www.raytech.it\/pt-pt\/wp-json\/wp\/v2\/product_tag?post=8536"}],"curies":[{"name":"wp","href":"https:\/\/api.w.org\/{rel}","templated":true}]}}