{"id":8562,"date":"2015-07-16T15:06:30","date_gmt":"2016-01-28T14:04:41","guid":{"rendered":"http:\/\/raytech.it\/?post_type=product&#038;p=8562&#038;lang=pt-pt"},"modified":"2025-02-20T06:58:31","modified_gmt":"2025-02-20T05:58:31","slug":"raytech-intelligent-display","status":"publish","type":"product","link":"https:\/\/www.raytech.it\/pt-pt\/produto\/cabos-de-aquecimento\/comfort-pt-pt\/para-pavimento-pt-pt\/raytech-intelligent-display","title":{"rendered":"Raytech Intelligent Display"},"content":{"rendered":"<h4><span style=\"color: #e3001a;\">Cronotermostato inteligente para ambiente<\/span><\/h4>\n<p>O cronotermostato ambiente de microprocessador RID (Raytech Intelligent Display) \u00e9 de f\u00e1cil uso gra\u00e7as ao guia de programa\u00e7\u00e3o passo-a-passo. O monitor de f\u00e1cil leitura fornece, ap\u00f3s 10 segundos, a explica\u00e7\u00e3o completa dos par\u00e2metros definidos.<\/p>\n<p>Tem a fun\u00e7\u00e3o parquet, que limita a temperatura de 28\u00b0C para os pisos em madeira.<\/p>\n<p>O RID controla de forma autonoma todas as fun\u00e7\u00f5es ambientais, de tal modo que torna superfl\u00faa qualquer interven\u00e7\u00e3o. Com programa\u00e7\u00e3o semanal \u00e9 capaz de ter em conta, para al\u00e9m da temperatura definida a manter, o tipo e espessura do piso, das temperaturas limite a n\u00e3o ultrapassar, da modalidade de aumento da temperatura, etc.<\/p>\n<p>Dotado de fun\u00e7\u00f5es anticongelamento quando a casa n\u00e3o \u00e9 habitada, bloqueio para interven\u00e7\u00f5es intempestivas (por exemplo, das crian\u00e7as), comunica com certos alarmes para eventuais funcionamentos an\u00f3malos.<\/p>\n<p>&nbsp;<\/p>\n","protected":false},"excerpt":{"rendered":"<p>Cronotermostato inteligente para ambiente O cronotermostato ambiente de microprocessador RID (Raytech Intelligent Display) \u00e9 de f\u00e1cil uso gra\u00e7as ao guia de programa\u00e7\u00e3o passo-a-passo. O monitor de f\u00e1cil leitura fornece, ap\u00f3s<span class=\"excerpt-hellip\"> [\u2026]<\/span><\/p>\n","protected":false},"featured_media":1917,"template":"","meta":[],"product_brand":[],"product_cat":[346,347,348],"product_tag":[],"class_list":{"0":"post-8562","1":"product","2":"type-product","3":"status-publish","4":"has-post-thumbnail","6":"product_cat-cabos-de-aquecimento","7":"product_cat-comfort-pt-pt","8":"product_cat-para-pavimento-pt-pt","10":"first","11":"instock","12":"taxable","13":"shipping-taxable","14":"product-type-simple"},"yoast_head":"<!-- This site is optimized with the Yoast SEO plugin v26.5 - https:\/\/yoast.com\/wordpress\/plugins\/seo\/ -->\n<title>Raytech Intelligent Display | Raytech<\/title>\n<meta name=\"robots\" content=\"index, follow, max-snippet:-1, max-image-preview:large, max-video-preview:-1\" \/>\n<link rel=\"canonical\" href=\"https:\/\/www.raytech.it\/pt-pt\/produto\/cabos-de-aquecimento\/comfort-pt-pt\/para-pavimento-pt-pt\/raytech-intelligent-display\" \/>\n<meta property=\"og:locale\" content=\"pt_PT\" \/>\n<meta property=\"og:type\" content=\"article\" \/>\n<meta property=\"og:title\" content=\"Raytech Intelligent Display | Raytech\" \/>\n<meta property=\"og:description\" content=\"Cronotermostato inteligente para ambiente O cronotermostato ambiente de microprocessador RID (Raytech Intelligent Display) \u00e9 de f\u00e1cil uso gra\u00e7as ao guia de programa\u00e7\u00e3o passo-a-passo. O monitor de f\u00e1cil leitura fornece, ap\u00f3s [\u2026]\" \/>\n<meta property=\"og:url\" content=\"https:\/\/www.raytech.it\/pt-pt\/produto\/cabos-de-aquecimento\/comfort-pt-pt\/para-pavimento-pt-pt\/raytech-intelligent-display\" \/>\n<meta property=\"og:site_name\" content=\"Raytech\" \/>\n<meta property=\"article:publisher\" content=\"https:\/\/www.facebook.com\/RaytechItaly\" \/>\n<meta property=\"article:modified_time\" content=\"2025-02-20T05:58:31+00:00\" \/>\n<meta property=\"og:image\" content=\"https:\/\/www.raytech.it\/wp-content\/uploads\/raytech-intelligent-display.jpg\" \/>\n\t<meta property=\"og:image:width\" content=\"500\" \/>\n\t<meta property=\"og:image:height\" content=\"500\" \/>\n\t<meta property=\"og:image:type\" content=\"image\/jpeg\" \/>\n<meta name=\"twitter:card\" content=\"summary_large_image\" \/>\n<meta name=\"twitter:label1\" content=\"Tempo estimado de leitura\" \/>\n\t<meta name=\"twitter:data1\" content=\"1 minuto\" \/>\n<script type=\"application\/ld+json\" class=\"yoast-schema-graph\">{\"@context\":\"https:\/\/schema.org\",\"@graph\":[{\"@type\":\"WebPage\",\"@id\":\"https:\/\/www.raytech.it\/pt-pt\/produto\/cabos-de-aquecimento\/comfort-pt-pt\/para-pavimento-pt-pt\/raytech-intelligent-display\",\"url\":\"https:\/\/www.raytech.it\/pt-pt\/produto\/cabos-de-aquecimento\/comfort-pt-pt\/para-pavimento-pt-pt\/raytech-intelligent-display\",\"name\":\"Raytech Intelligent Display | Raytech\",\"isPartOf\":{\"@id\":\"https:\/\/www.raytech.it\/#website\"},\"primaryImageOfPage\":{\"@id\":\"https:\/\/www.raytech.it\/pt-pt\/produto\/cabos-de-aquecimento\/comfort-pt-pt\/para-pavimento-pt-pt\/raytech-intelligent-display#primaryimage\"},\"image\":{\"@id\":\"https:\/\/www.raytech.it\/pt-pt\/produto\/cabos-de-aquecimento\/comfort-pt-pt\/para-pavimento-pt-pt\/raytech-intelligent-display#primaryimage\"},\"thumbnailUrl\":\"https:\/\/www.raytech.it\/wp-content\/uploads\/raytech-intelligent-display.jpg\",\"datePublished\":\"2016-01-28T14:04:41+00:00\",\"dateModified\":\"2025-02-20T05:58:31+00:00\",\"breadcrumb\":{\"@id\":\"https:\/\/www.raytech.it\/pt-pt\/produto\/cabos-de-aquecimento\/comfort-pt-pt\/para-pavimento-pt-pt\/raytech-intelligent-display#breadcrumb\"},\"inLanguage\":\"pt-PT\",\"potentialAction\":[{\"@type\":\"ReadAction\",\"target\":[\"https:\/\/www.raytech.it\/pt-pt\/produto\/cabos-de-aquecimento\/comfort-pt-pt\/para-pavimento-pt-pt\/raytech-intelligent-display\"]}]},{\"@type\":\"ImageObject\",\"inLanguage\":\"pt-PT\",\"@id\":\"https:\/\/www.raytech.it\/pt-pt\/produto\/cabos-de-aquecimento\/comfort-pt-pt\/para-pavimento-pt-pt\/raytech-intelligent-display#primaryimage\",\"url\":\"https:\/\/www.raytech.it\/wp-content\/uploads\/raytech-intelligent-display.jpg\",\"contentUrl\":\"https:\/\/www.raytech.it\/wp-content\/uploads\/raytech-intelligent-display.jpg\",\"width\":500,\"height\":500},{\"@type\":\"BreadcrumbList\",\"@id\":\"https:\/\/www.raytech.it\/pt-pt\/produto\/cabos-de-aquecimento\/comfort-pt-pt\/para-pavimento-pt-pt\/raytech-intelligent-display#breadcrumb\",\"itemListElement\":[{\"@type\":\"ListItem\",\"position\":1,\"name\":\"Home\",\"item\":\"https:\/\/www.raytech.it\/pt-pt\"},{\"@type\":\"ListItem\",\"position\":2,\"name\":\"Loja\",\"item\":\"https:\/\/www.raytech.it\/pt-pt\/loja\"},{\"@type\":\"ListItem\",\"position\":3,\"name\":\"Raytech Intelligent Display\"}]},{\"@type\":\"WebSite\",\"@id\":\"https:\/\/www.raytech.it\/#website\",\"url\":\"https:\/\/www.raytech.it\/\",\"name\":\"Raytech\",\"description\":\"Cable accessories company\",\"publisher\":{\"@id\":\"https:\/\/www.raytech.it\/#organization\"},\"potentialAction\":[{\"@type\":\"SearchAction\",\"target\":{\"@type\":\"EntryPoint\",\"urlTemplate\":\"https:\/\/www.raytech.it\/?s={search_term_string}\"},\"query-input\":{\"@type\":\"PropertyValueSpecification\",\"valueRequired\":true,\"valueName\":\"search_term_string\"}}],\"inLanguage\":\"pt-PT\"},{\"@type\":\"Organization\",\"@id\":\"https:\/\/www.raytech.it\/#organization\",\"name\":\"Raytech\",\"url\":\"https:\/\/www.raytech.it\/\",\"logo\":{\"@type\":\"ImageObject\",\"inLanguage\":\"pt-PT\",\"@id\":\"https:\/\/www.raytech.it\/#\/schema\/logo\/image\/\",\"url\":\"https:\/\/www.raytech.it\/wp-content\/uploads\/logo-raytech-2019-retina-3.png\",\"contentUrl\":\"https:\/\/www.raytech.it\/wp-content\/uploads\/logo-raytech-2019-retina-3.png\",\"width\":340,\"height\":90,\"caption\":\"Raytech\"},\"image\":{\"@id\":\"https:\/\/www.raytech.it\/#\/schema\/logo\/image\/\"},\"sameAs\":[\"https:\/\/www.facebook.com\/RaytechItaly\",\"https:\/\/www.instagram.com\/raytech_italy\/\",\"https:\/\/www.youtube.com\/user\/raytechitaly\",\"https:\/\/twitter.com\/Raytech_Italy\"]}]}<\/script>\n<!-- \/ Yoast SEO plugin. -->","yoast_head_json":{"title":"Raytech Intelligent Display | Raytech","robots":{"index":"index","follow":"follow","max-snippet":"max-snippet:-1","max-image-preview":"max-image-preview:large","max-video-preview":"max-video-preview:-1"},"canonical":"https:\/\/www.raytech.it\/pt-pt\/produto\/cabos-de-aquecimento\/comfort-pt-pt\/para-pavimento-pt-pt\/raytech-intelligent-display","og_locale":"pt_PT","og_type":"article","og_title":"Raytech Intelligent Display | Raytech","og_description":"Cronotermostato inteligente para ambiente O cronotermostato ambiente de microprocessador RID (Raytech Intelligent Display) \u00e9 de f\u00e1cil uso gra\u00e7as ao guia de programa\u00e7\u00e3o passo-a-passo. O monitor de f\u00e1cil leitura fornece, ap\u00f3s [\u2026]","og_url":"https:\/\/www.raytech.it\/pt-pt\/produto\/cabos-de-aquecimento\/comfort-pt-pt\/para-pavimento-pt-pt\/raytech-intelligent-display","og_site_name":"Raytech","article_publisher":"https:\/\/www.facebook.com\/RaytechItaly","article_modified_time":"2025-02-20T05:58:31+00:00","og_image":[{"width":500,"height":500,"url":"https:\/\/www.raytech.it\/wp-content\/uploads\/raytech-intelligent-display.jpg","type":"image\/jpeg"}],"twitter_card":"summary_large_image","twitter_misc":{"Tempo estimado de leitura":"1 minuto"},"schema":{"@context":"https:\/\/schema.org","@graph":[{"@type":"WebPage","@id":"https:\/\/www.raytech.it\/pt-pt\/produto\/cabos-de-aquecimento\/comfort-pt-pt\/para-pavimento-pt-pt\/raytech-intelligent-display","url":"https:\/\/www.raytech.it\/pt-pt\/produto\/cabos-de-aquecimento\/comfort-pt-pt\/para-pavimento-pt-pt\/raytech-intelligent-display","name":"Raytech Intelligent Display | Raytech","isPartOf":{"@id":"https:\/\/www.raytech.it\/#website"},"primaryImageOfPage":{"@id":"https:\/\/www.raytech.it\/pt-pt\/produto\/cabos-de-aquecimento\/comfort-pt-pt\/para-pavimento-pt-pt\/raytech-intelligent-display#primaryimage"},"image":{"@id":"https:\/\/www.raytech.it\/pt-pt\/produto\/cabos-de-aquecimento\/comfort-pt-pt\/para-pavimento-pt-pt\/raytech-intelligent-display#primaryimage"},"thumbnailUrl":"https:\/\/www.raytech.it\/wp-content\/uploads\/raytech-intelligent-display.jpg","datePublished":"2016-01-28T14:04:41+00:00","dateModified":"2025-02-20T05:58:31+00:00","breadcrumb":{"@id":"https:\/\/www.raytech.it\/pt-pt\/produto\/cabos-de-aquecimento\/comfort-pt-pt\/para-pavimento-pt-pt\/raytech-intelligent-display#breadcrumb"},"inLanguage":"pt-PT","potentialAction":[{"@type":"ReadAction","target":["https:\/\/www.raytech.it\/pt-pt\/produto\/cabos-de-aquecimento\/comfort-pt-pt\/para-pavimento-pt-pt\/raytech-intelligent-display"]}]},{"@type":"ImageObject","inLanguage":"pt-PT","@id":"https:\/\/www.raytech.it\/pt-pt\/produto\/cabos-de-aquecimento\/comfort-pt-pt\/para-pavimento-pt-pt\/raytech-intelligent-display#primaryimage","url":"https:\/\/www.raytech.it\/wp-content\/uploads\/raytech-intelligent-display.jpg","contentUrl":"https:\/\/www.raytech.it\/wp-content\/uploads\/raytech-intelligent-display.jpg","width":500,"height":500},{"@type":"BreadcrumbList","@id":"https:\/\/www.raytech.it\/pt-pt\/produto\/cabos-de-aquecimento\/comfort-pt-pt\/para-pavimento-pt-pt\/raytech-intelligent-display#breadcrumb","itemListElement":[{"@type":"ListItem","position":1,"name":"Home","item":"https:\/\/www.raytech.it\/pt-pt"},{"@type":"ListItem","position":2,"name":"Loja","item":"https:\/\/www.raytech.it\/pt-pt\/loja"},{"@type":"ListItem","position":3,"name":"Raytech Intelligent Display"}]},{"@type":"WebSite","@id":"https:\/\/www.raytech.it\/#website","url":"https:\/\/www.raytech.it\/","name":"Raytech","description":"Cable accessories company","publisher":{"@id":"https:\/\/www.raytech.it\/#organization"},"potentialAction":[{"@type":"SearchAction","target":{"@type":"EntryPoint","urlTemplate":"https:\/\/www.raytech.it\/?s={search_term_string}"},"query-input":{"@type":"PropertyValueSpecification","valueRequired":true,"valueName":"search_term_string"}}],"inLanguage":"pt-PT"},{"@type":"Organization","@id":"https:\/\/www.raytech.it\/#organization","name":"Raytech","url":"https:\/\/www.raytech.it\/","logo":{"@type":"ImageObject","inLanguage":"pt-PT","@id":"https:\/\/www.raytech.it\/#\/schema\/logo\/image\/","url":"https:\/\/www.raytech.it\/wp-content\/uploads\/logo-raytech-2019-retina-3.png","contentUrl":"https:\/\/www.raytech.it\/wp-content\/uploads\/logo-raytech-2019-retina-3.png","width":340,"height":90,"caption":"Raytech"},"image":{"@id":"https:\/\/www.raytech.it\/#\/schema\/logo\/image\/"},"sameAs":["https:\/\/www.facebook.com\/RaytechItaly","https:\/\/www.instagram.com\/raytech_italy\/","https:\/\/www.youtube.com\/user\/raytechitaly","https:\/\/twitter.com\/Raytech_Italy"]}]}},"_links":{"self":[{"href":"https:\/\/www.raytech.it\/pt-pt\/wp-json\/wp\/v2\/product\/8562","targetHints":{"allow":["GET"]}}],"collection":[{"href":"https:\/\/www.raytech.it\/pt-pt\/wp-json\/wp\/v2\/product"}],"about":[{"href":"https:\/\/www.raytech.it\/pt-pt\/wp-json\/wp\/v2\/types\/product"}],"wp:featuredmedia":[{"embeddable":true,"href":"https:\/\/www.raytech.it\/pt-pt\/wp-json\/wp\/v2\/media\/1917"}],"wp:attachment":[{"href":"https:\/\/www.raytech.it\/pt-pt\/wp-json\/wp\/v2\/media?parent=8562"}],"wp:term":[{"taxonomy":"product_brand","embeddable":true,"href":"https:\/\/www.raytech.it\/pt-pt\/wp-json\/wp\/v2\/product_brand?post=8562"},{"taxonomy":"product_cat","embeddable":true,"href":"https:\/\/www.raytech.it\/pt-pt\/wp-json\/wp\/v2\/product_cat?post=8562"},{"taxonomy":"product_tag","embeddable":true,"href":"https:\/\/www.raytech.it\/pt-pt\/wp-json\/wp\/v2\/product_tag?post=8562"}],"curies":[{"name":"wp","href":"https:\/\/api.w.org\/{rel}","templated":true}]}}