{"id":8566,"date":"2015-07-16T15:11:37","date_gmt":"2016-01-28T14:25:24","guid":{"rendered":"http:\/\/raytech.it\/?post_type=product&#038;p=8566&#038;lang=pt-pt"},"modified":"2025-02-20T06:58:59","modified_gmt":"2025-02-20T05:58:59","slug":"warm-up","status":"publish","type":"product","link":"https:\/\/www.raytech.it\/pt-pt\/produto\/cabos-de-aquecimento\/comfort-pt-pt\/para-teto\/warm-up","title":{"rendered":"Warm Up"},"content":{"rendered":"<h4><span style=\"color: #e3001a;\">Pain\u00e9is de aquecimento de tecto<\/span><\/h4>\n<p>Os pain\u00e9is de aquecimento de tecto WARM-UP da Raytech podem ser instalados de forma invis\u00edvel e integrados nos tectos de qualquer casa, escrit\u00f3rio, showroom, oficina, estufa, caravana, etc., aproveitando ao m\u00e1ximo o espa\u00e7o e deixando as paredes livres. Pelo seu posicionamento, n\u00e3o requerem qualquer interven\u00e7\u00e3o invasiva nas estruturas da divis\u00e3o e a liga\u00e7\u00e3o el\u00e9ctrica \u00e9 extremamente simples. Podem ser instalados posicionando-os nos pontos em que seja necess\u00e1ria a m\u00e1xima efici\u00eancia t\u00e9rmica, com qualquer sistema de montagem: pendurados com correntes ou fios integrados em tectos falsos de pain\u00e9is, de forma simples e r\u00e1pida. O tipo de aquecimento, baseado na radia\u00e7\u00e3o de infra-vermelhos que o torna an\u00e1logo \u00e0 radia\u00e7\u00e3o solar, \u00e9 seguro e saud\u00e1vel, r\u00e1pido, eficaz e extremamente confort\u00e1vel.<\/p>\n<p><strong>Porqu\u00ea o sistema Warm-Up?<\/strong><\/p>\n<ul>\n<li><span style=\"color: #e3001a;\">Instala-se sem qualquer interven\u00e7\u00e3o invasiva nas estruturas da habita\u00e7\u00e3o<\/span><\/li>\n<li><span style=\"color: #e3001a;\">Desinstala-se facilmente para reutiliza\u00e7\u00e3o noutro ambiente<\/span><\/li>\n<li><span style=\"color: #e3001a;\">O calor irradiado \u00e9 saud\u00e1vel, sem movimentos de ar, n\u00e3o suja as paredes e o ambiente<\/span><\/li>\n<li><span style=\"color: #e3001a;\">\u00c9 utilizado como aquecimento prim\u00e1rio e como sistema integrativo de aquecimento secund\u00e1rio, optimiza o aquecimento e reduz os custos gra\u00e7as ao term\u00f3stato RID-WL<\/span><\/li>\n<\/ul>\n","protected":false},"excerpt":{"rendered":"<p>Pain\u00e9is de aquecimento de tecto Os pain\u00e9is de aquecimento de tecto WARM-UP da Raytech podem ser instalados de forma invis\u00edvel e integrados nos tectos de qualquer casa, escrit\u00f3rio, showroom, oficina,<span class=\"excerpt-hellip\"> [\u2026]<\/span><\/p>\n","protected":false},"featured_media":4691,"template":"","meta":[],"product_brand":[],"product_cat":[346,347,350],"product_tag":[],"class_list":{"0":"post-8566","1":"product","2":"type-product","3":"status-publish","4":"has-post-thumbnail","6":"product_cat-cabos-de-aquecimento","7":"product_cat-comfort-pt-pt","8":"product_cat-para-teto","10":"first","11":"instock","12":"taxable","13":"shipping-taxable","14":"product-type-simple"},"yoast_head":"<!-- This site is optimized with the Yoast SEO plugin v26.5 - https:\/\/yoast.com\/wordpress\/plugins\/seo\/ -->\n<title>Warm Up | Raytech<\/title>\n<meta name=\"robots\" content=\"index, follow, max-snippet:-1, max-image-preview:large, max-video-preview:-1\" \/>\n<link rel=\"canonical\" href=\"https:\/\/www.raytech.it\/pt-pt\/produto\/cabos-de-aquecimento\/comfort-pt-pt\/para-teto\/warm-up\" \/>\n<meta property=\"og:locale\" content=\"pt_PT\" \/>\n<meta property=\"og:type\" content=\"article\" \/>\n<meta property=\"og:title\" content=\"Warm Up | Raytech\" \/>\n<meta property=\"og:description\" content=\"Pain\u00e9is de aquecimento de tecto Os pain\u00e9is de aquecimento de tecto WARM-UP da Raytech podem ser instalados de forma invis\u00edvel e integrados nos tectos de qualquer casa, escrit\u00f3rio, showroom, oficina, [\u2026]\" \/>\n<meta property=\"og:url\" content=\"https:\/\/www.raytech.it\/pt-pt\/produto\/cabos-de-aquecimento\/comfort-pt-pt\/para-teto\/warm-up\" \/>\n<meta property=\"og:site_name\" content=\"Raytech\" \/>\n<meta property=\"article:publisher\" content=\"https:\/\/www.facebook.com\/RaytechItaly\" \/>\n<meta property=\"article:modified_time\" content=\"2025-02-20T05:58:59+00:00\" \/>\n<meta property=\"og:image\" content=\"https:\/\/www.raytech.it\/wp-content\/uploads\/warm-up-1.jpg\" \/>\n\t<meta property=\"og:image:width\" content=\"1024\" \/>\n\t<meta property=\"og:image:height\" content=\"1024\" \/>\n\t<meta property=\"og:image:type\" content=\"image\/jpeg\" \/>\n<meta name=\"twitter:card\" content=\"summary_large_image\" \/>\n<meta name=\"twitter:label1\" content=\"Tempo estimado de leitura\" \/>\n\t<meta name=\"twitter:data1\" content=\"1 minuto\" \/>\n<script type=\"application\/ld+json\" class=\"yoast-schema-graph\">{\"@context\":\"https:\/\/schema.org\",\"@graph\":[{\"@type\":\"WebPage\",\"@id\":\"https:\/\/www.raytech.it\/pt-pt\/produto\/cabos-de-aquecimento\/comfort-pt-pt\/para-teto\/warm-up\",\"url\":\"https:\/\/www.raytech.it\/pt-pt\/produto\/cabos-de-aquecimento\/comfort-pt-pt\/para-teto\/warm-up\",\"name\":\"Warm Up | Raytech\",\"isPartOf\":{\"@id\":\"https:\/\/www.raytech.it\/#website\"},\"primaryImageOfPage\":{\"@id\":\"https:\/\/www.raytech.it\/pt-pt\/produto\/cabos-de-aquecimento\/comfort-pt-pt\/para-teto\/warm-up#primaryimage\"},\"image\":{\"@id\":\"https:\/\/www.raytech.it\/pt-pt\/produto\/cabos-de-aquecimento\/comfort-pt-pt\/para-teto\/warm-up#primaryimage\"},\"thumbnailUrl\":\"https:\/\/www.raytech.it\/wp-content\/uploads\/warm-up-1.jpg\",\"datePublished\":\"2016-01-28T14:25:24+00:00\",\"dateModified\":\"2025-02-20T05:58:59+00:00\",\"breadcrumb\":{\"@id\":\"https:\/\/www.raytech.it\/pt-pt\/produto\/cabos-de-aquecimento\/comfort-pt-pt\/para-teto\/warm-up#breadcrumb\"},\"inLanguage\":\"pt-PT\",\"potentialAction\":[{\"@type\":\"ReadAction\",\"target\":[\"https:\/\/www.raytech.it\/pt-pt\/produto\/cabos-de-aquecimento\/comfort-pt-pt\/para-teto\/warm-up\"]}]},{\"@type\":\"ImageObject\",\"inLanguage\":\"pt-PT\",\"@id\":\"https:\/\/www.raytech.it\/pt-pt\/produto\/cabos-de-aquecimento\/comfort-pt-pt\/para-teto\/warm-up#primaryimage\",\"url\":\"https:\/\/www.raytech.it\/wp-content\/uploads\/warm-up-1.jpg\",\"contentUrl\":\"https:\/\/www.raytech.it\/wp-content\/uploads\/warm-up-1.jpg\",\"width\":1024,\"height\":1024},{\"@type\":\"BreadcrumbList\",\"@id\":\"https:\/\/www.raytech.it\/pt-pt\/produto\/cabos-de-aquecimento\/comfort-pt-pt\/para-teto\/warm-up#breadcrumb\",\"itemListElement\":[{\"@type\":\"ListItem\",\"position\":1,\"name\":\"Home\",\"item\":\"https:\/\/www.raytech.it\/pt-pt\"},{\"@type\":\"ListItem\",\"position\":2,\"name\":\"Loja\",\"item\":\"https:\/\/www.raytech.it\/pt-pt\/loja\"},{\"@type\":\"ListItem\",\"position\":3,\"name\":\"Warm Up\"}]},{\"@type\":\"WebSite\",\"@id\":\"https:\/\/www.raytech.it\/#website\",\"url\":\"https:\/\/www.raytech.it\/\",\"name\":\"Raytech\",\"description\":\"Cable accessories company\",\"publisher\":{\"@id\":\"https:\/\/www.raytech.it\/#organization\"},\"potentialAction\":[{\"@type\":\"SearchAction\",\"target\":{\"@type\":\"EntryPoint\",\"urlTemplate\":\"https:\/\/www.raytech.it\/?s={search_term_string}\"},\"query-input\":{\"@type\":\"PropertyValueSpecification\",\"valueRequired\":true,\"valueName\":\"search_term_string\"}}],\"inLanguage\":\"pt-PT\"},{\"@type\":\"Organization\",\"@id\":\"https:\/\/www.raytech.it\/#organization\",\"name\":\"Raytech\",\"url\":\"https:\/\/www.raytech.it\/\",\"logo\":{\"@type\":\"ImageObject\",\"inLanguage\":\"pt-PT\",\"@id\":\"https:\/\/www.raytech.it\/#\/schema\/logo\/image\/\",\"url\":\"https:\/\/www.raytech.it\/wp-content\/uploads\/logo-raytech-2019-retina-3.png\",\"contentUrl\":\"https:\/\/www.raytech.it\/wp-content\/uploads\/logo-raytech-2019-retina-3.png\",\"width\":340,\"height\":90,\"caption\":\"Raytech\"},\"image\":{\"@id\":\"https:\/\/www.raytech.it\/#\/schema\/logo\/image\/\"},\"sameAs\":[\"https:\/\/www.facebook.com\/RaytechItaly\",\"https:\/\/www.instagram.com\/raytech_italy\/\",\"https:\/\/www.youtube.com\/user\/raytechitaly\",\"https:\/\/twitter.com\/Raytech_Italy\"]}]}<\/script>\n<!-- \/ Yoast SEO plugin. -->","yoast_head_json":{"title":"Warm Up | Raytech","robots":{"index":"index","follow":"follow","max-snippet":"max-snippet:-1","max-image-preview":"max-image-preview:large","max-video-preview":"max-video-preview:-1"},"canonical":"https:\/\/www.raytech.it\/pt-pt\/produto\/cabos-de-aquecimento\/comfort-pt-pt\/para-teto\/warm-up","og_locale":"pt_PT","og_type":"article","og_title":"Warm Up | Raytech","og_description":"Pain\u00e9is de aquecimento de tecto Os pain\u00e9is de aquecimento de tecto WARM-UP da Raytech podem ser instalados de forma invis\u00edvel e integrados nos tectos de qualquer casa, escrit\u00f3rio, showroom, oficina, [\u2026]","og_url":"https:\/\/www.raytech.it\/pt-pt\/produto\/cabos-de-aquecimento\/comfort-pt-pt\/para-teto\/warm-up","og_site_name":"Raytech","article_publisher":"https:\/\/www.facebook.com\/RaytechItaly","article_modified_time":"2025-02-20T05:58:59+00:00","og_image":[{"width":1024,"height":1024,"url":"https:\/\/www.raytech.it\/wp-content\/uploads\/warm-up-1.jpg","type":"image\/jpeg"}],"twitter_card":"summary_large_image","twitter_misc":{"Tempo estimado de leitura":"1 minuto"},"schema":{"@context":"https:\/\/schema.org","@graph":[{"@type":"WebPage","@id":"https:\/\/www.raytech.it\/pt-pt\/produto\/cabos-de-aquecimento\/comfort-pt-pt\/para-teto\/warm-up","url":"https:\/\/www.raytech.it\/pt-pt\/produto\/cabos-de-aquecimento\/comfort-pt-pt\/para-teto\/warm-up","name":"Warm Up | Raytech","isPartOf":{"@id":"https:\/\/www.raytech.it\/#website"},"primaryImageOfPage":{"@id":"https:\/\/www.raytech.it\/pt-pt\/produto\/cabos-de-aquecimento\/comfort-pt-pt\/para-teto\/warm-up#primaryimage"},"image":{"@id":"https:\/\/www.raytech.it\/pt-pt\/produto\/cabos-de-aquecimento\/comfort-pt-pt\/para-teto\/warm-up#primaryimage"},"thumbnailUrl":"https:\/\/www.raytech.it\/wp-content\/uploads\/warm-up-1.jpg","datePublished":"2016-01-28T14:25:24+00:00","dateModified":"2025-02-20T05:58:59+00:00","breadcrumb":{"@id":"https:\/\/www.raytech.it\/pt-pt\/produto\/cabos-de-aquecimento\/comfort-pt-pt\/para-teto\/warm-up#breadcrumb"},"inLanguage":"pt-PT","potentialAction":[{"@type":"ReadAction","target":["https:\/\/www.raytech.it\/pt-pt\/produto\/cabos-de-aquecimento\/comfort-pt-pt\/para-teto\/warm-up"]}]},{"@type":"ImageObject","inLanguage":"pt-PT","@id":"https:\/\/www.raytech.it\/pt-pt\/produto\/cabos-de-aquecimento\/comfort-pt-pt\/para-teto\/warm-up#primaryimage","url":"https:\/\/www.raytech.it\/wp-content\/uploads\/warm-up-1.jpg","contentUrl":"https:\/\/www.raytech.it\/wp-content\/uploads\/warm-up-1.jpg","width":1024,"height":1024},{"@type":"BreadcrumbList","@id":"https:\/\/www.raytech.it\/pt-pt\/produto\/cabos-de-aquecimento\/comfort-pt-pt\/para-teto\/warm-up#breadcrumb","itemListElement":[{"@type":"ListItem","position":1,"name":"Home","item":"https:\/\/www.raytech.it\/pt-pt"},{"@type":"ListItem","position":2,"name":"Loja","item":"https:\/\/www.raytech.it\/pt-pt\/loja"},{"@type":"ListItem","position":3,"name":"Warm Up"}]},{"@type":"WebSite","@id":"https:\/\/www.raytech.it\/#website","url":"https:\/\/www.raytech.it\/","name":"Raytech","description":"Cable accessories company","publisher":{"@id":"https:\/\/www.raytech.it\/#organization"},"potentialAction":[{"@type":"SearchAction","target":{"@type":"EntryPoint","urlTemplate":"https:\/\/www.raytech.it\/?s={search_term_string}"},"query-input":{"@type":"PropertyValueSpecification","valueRequired":true,"valueName":"search_term_string"}}],"inLanguage":"pt-PT"},{"@type":"Organization","@id":"https:\/\/www.raytech.it\/#organization","name":"Raytech","url":"https:\/\/www.raytech.it\/","logo":{"@type":"ImageObject","inLanguage":"pt-PT","@id":"https:\/\/www.raytech.it\/#\/schema\/logo\/image\/","url":"https:\/\/www.raytech.it\/wp-content\/uploads\/logo-raytech-2019-retina-3.png","contentUrl":"https:\/\/www.raytech.it\/wp-content\/uploads\/logo-raytech-2019-retina-3.png","width":340,"height":90,"caption":"Raytech"},"image":{"@id":"https:\/\/www.raytech.it\/#\/schema\/logo\/image\/"},"sameAs":["https:\/\/www.facebook.com\/RaytechItaly","https:\/\/www.instagram.com\/raytech_italy\/","https:\/\/www.youtube.com\/user\/raytechitaly","https:\/\/twitter.com\/Raytech_Italy"]}]}},"_links":{"self":[{"href":"https:\/\/www.raytech.it\/pt-pt\/wp-json\/wp\/v2\/product\/8566","targetHints":{"allow":["GET"]}}],"collection":[{"href":"https:\/\/www.raytech.it\/pt-pt\/wp-json\/wp\/v2\/product"}],"about":[{"href":"https:\/\/www.raytech.it\/pt-pt\/wp-json\/wp\/v2\/types\/product"}],"wp:featuredmedia":[{"embeddable":true,"href":"https:\/\/www.raytech.it\/pt-pt\/wp-json\/wp\/v2\/media\/4691"}],"wp:attachment":[{"href":"https:\/\/www.raytech.it\/pt-pt\/wp-json\/wp\/v2\/media?parent=8566"}],"wp:term":[{"taxonomy":"product_brand","embeddable":true,"href":"https:\/\/www.raytech.it\/pt-pt\/wp-json\/wp\/v2\/product_brand?post=8566"},{"taxonomy":"product_cat","embeddable":true,"href":"https:\/\/www.raytech.it\/pt-pt\/wp-json\/wp\/v2\/product_cat?post=8566"},{"taxonomy":"product_tag","embeddable":true,"href":"https:\/\/www.raytech.it\/pt-pt\/wp-json\/wp\/v2\/product_tag?post=8566"}],"curies":[{"name":"wp","href":"https:\/\/api.w.org\/{rel}","templated":true}]}}